{"id":4812,"date":"2024-03-11T18:43:09","date_gmt":"2024-03-11T17:43:09","guid":{"rendered":"https:\/\/www.lebens-qi.at\/qishop\/produkt\/raeuchern-zu-heiligen-zeiten\/"},"modified":"2024-12-11T12:08:51","modified_gmt":"2024-12-11T11:08:51","slug":"raeuchern-zu-heiligen-zeiten","status":"publish","type":"product","link":"https:\/\/www.lebens-qi.at\/qishop\/produkt\/raeuchern-zu-heiligen-zeiten\/","title":{"rendered":"R\u00e4uchern zu heiligen Zeiten"},"content":{"rendered":"<p><b>R\u00e4uchern zu heiligen Zeiten<\/b><br \/>\nRituale im Jahreskreis<br \/>\n<em>von Hannelore Klei\u00df<\/em><\/p>\n<p>Dieses Buch ist eine Einladung, <b>die heiligen Zeiten im Jahreskreis wieder bewusster zu feiern <\/b>und sich mit dem heilsamen Rhythmus der Natur zu verbinden. Das ganze Jahr \u00fcber k\u00f6nnen wir traditionelle heimische R\u00e4ucherpflanzen entdecken und die uralte Kultur des R\u00e4ucherns wieder beleben.<\/p>\n<p>Beim R\u00e4uchern k\u00f6nnen wir mit der Heilkraft der Pflanzen in Verbindung kommen und zugleich dem Alltag entfliehen und ruhig werden. In alten Traditionen und in der eigenen christlichen Kultur l\u00e4sst sich daf\u00fcr viel Hilfreiches und Inspirierendes finden.<\/p>\n<p><b>\u201eR\u00e4uchern zu heiligen Zeiten\u201c macht Lust, die Natur mit neuen, wachen Augen wahrzunehmen.<\/b><\/p>\n","protected":false},"excerpt":{"rendered":"<p>Rituale im Jahreskreis<\/p>\n","protected":false},"featured_media":7695,"comment_status":"open","ping_status":"closed","template":"","meta":{"_links_to":"","_links_to_target":""},"pwb-brand":[1296],"product_brand":[],"product_cat":[1654,807],"product_tag":[1540,580,1546,621,1323,466,1325,1210],"class_list":{"0":"post-4812","1":"product","2":"type-product","3":"status-publish","4":"has-post-thumbnail","6":"pwb-brand-freya","7":"product_cat-raeucherbuecher","8":"product_cat-raeuchern","9":"product_tag-brauchtum","10":"product_tag-buch","11":"product_tag-hannelore-kleiss","12":"product_tag-jahreskreis","13":"product_tag-naturverbundenheit","14":"product_tag-raeuchern","15":"product_tag-rauhnaechte","16":"product_tag-rituale","18":"first","19":"instock","20":"taxable","21":"shipping-taxable","22":"purchasable","23":"product-type-simple"},"blog_post_layout_featured_media_urls":{"thumbnail":["https:\/\/www.lebens-qi.at\/qishop\/wp-content\/uploads\/raeuchern-zu-heiligen-zeiten-9783990252147-X-150x150.jpg",150,150,true],"full":["https:\/\/www.lebens-qi.at\/qishop\/wp-content\/uploads\/raeuchern-zu-heiligen-zeiten-9783990252147-X.jpg",627,627,false]},"categories":["1296"],"categories_names":{"1296":{"name":"freya","link":"https:\/\/www.lebens-qi.at\/qishop\/brand\/freya\/"}},"comments_number":"0","brands":[{"id":1296,"name":"freya","slug":"freya"}],"_links":{"self":[{"href":"https:\/\/www.lebens-qi.at\/qishop\/wp-json\/wp\/v2\/product\/4812","targetHints":{"allow":["GET"]}}],"collection":[{"href":"https:\/\/www.lebens-qi.at\/qishop\/wp-json\/wp\/v2\/product"}],"about":[{"href":"https:\/\/www.lebens-qi.at\/qishop\/wp-json\/wp\/v2\/types\/product"}],"replies":[{"embeddable":true,"href":"https:\/\/www.lebens-qi.at\/qishop\/wp-json\/wp\/v2\/comments?post=4812"}],"wp:featuredmedia":[{"embeddable":true,"href":"https:\/\/www.lebens-qi.at\/qishop\/wp-json\/wp\/v2\/media\/7695"}],"wp:attachment":[{"href":"https:\/\/www.lebens-qi.at\/qishop\/wp-json\/wp\/v2\/media?parent=4812"}],"wp:term":[{"taxonomy":"pwb-brand","embeddable":true,"href":"https:\/\/www.lebens-qi.at\/qishop\/wp-json\/wp\/v2\/pwb-brand?post=4812"},{"taxonomy":"product_brand","embeddable":true,"href":"https:\/\/www.lebens-qi.at\/qishop\/wp-json\/wp\/v2\/product_brand?post=4812"},{"taxonomy":"product_cat","embeddable":true,"href":"https:\/\/www.lebens-qi.at\/qishop\/wp-json\/wp\/v2\/product_cat?post=4812"},{"taxonomy":"product_tag","embeddable":true,"href":"https:\/\/www.lebens-qi.at\/qishop\/wp-json\/wp\/v2\/product_tag?post=4812"}],"curies":[{"name":"wp","href":"https:\/\/api.w.org\/{rel}","templated":true}]}}