{"id":4814,"date":"2024-03-11T18:43:11","date_gmt":"2024-03-11T17:43:11","guid":{"rendered":"https:\/\/www.lebens-qi.at\/qishop\/produkt\/heilsames-raeuchern-mit-wildpflanzen\/"},"modified":"2024-12-11T12:18:30","modified_gmt":"2024-12-11T11:18:30","slug":"heilsames-raeuchern-mit-wildpflanzen","status":"publish","type":"product","link":"https:\/\/www.lebens-qi.at\/qishop\/produkt\/heilsames-raeuchern-mit-wildpflanzen\/","title":{"rendered":"Heilsames R\u00e4uchern mit Wildpflanzen"},"content":{"rendered":"<p><b>Heilsames R\u00e4uchern mit Wildpflanzen<\/b><br \/>\nDie Kraft aus Garten, Wald und Wiese erkennen und nutzen &#8211; F\u00fcr alle Anl\u00e4sse und Lebenssituationen<br \/>\n<em>von Adolfine Nitschke <\/em><\/p>\n<p><b>Die jahrtausendealte Praxis des R\u00e4ucherns wirkt wohltuend auf K\u00f6rper, Geist und Seele. <\/b><br \/>\nNicht nur an den Jahresfesten sind R\u00e4ucherrituale auch heute noch fester Bestandteil vieler Zeremonien. Adolfine Nitschke portr\u00e4tiert <b>50 heimische Wildpflanzen<\/b>, mit denen sich Gesundheit und Wohlbefinden auf nat\u00fcrliche Weise f\u00f6rdern lassen. Sie erkl\u00e4rt, wo die R\u00e4ucherpflanzen wachsen, welche Heilkr\u00e4fte in ihnen stecken und wie sie verarbeitet oder richtig aufbewahrt werden. Au\u00dferdem erz\u00e4hlt die zertifizierte Wildkr\u00e4uterf\u00fchrerin Wissenswertes zu Brauchtum, Mythen und zur Geschichte des R\u00e4ucherns und gibt Anregungen f\u00fcr verschiedene R\u00e4ucherrituale rund ums Jahr. Pflanzenfotos zur sicheren Bestimmung sowie eine detaillierte Aufstellung der R\u00e4ucherpflanzen von A bis Z machen dieses Buch zu einem wertvollen Wegbegleiter f\u00fcr alle Kr\u00e4uter- und R\u00e4ucherbegeisterten.<\/p>\n","protected":false},"excerpt":{"rendered":"<p>Die Kraft aus Garten, Wald und Wiese erkennen und nutzen<\/p>\n","protected":false},"featured_media":7696,"comment_status":"open","ping_status":"closed","template":"","meta":{"_links_to":"","_links_to_target":""},"pwb-brand":[1531],"product_brand":[],"product_cat":[1654,807],"product_tag":[1547,1540,580,1332,306,466,1210],"class_list":{"0":"post-4814","1":"product","2":"type-product","3":"status-publish","4":"has-post-thumbnail","6":"pwb-brand-goldmann","7":"product_cat-raeucherbuecher","8":"product_cat-raeuchern","9":"product_tag-adolfine-nitschke","10":"product_tag-brauchtum","11":"product_tag-buch","12":"product_tag-heilpflanzen","13":"product_tag-kraeuter","14":"product_tag-raeuchern","15":"product_tag-rituale","17":"first","18":"instock","19":"taxable","20":"shipping-taxable","21":"purchasable","22":"product-type-simple"},"blog_post_layout_featured_media_urls":{"thumbnail":["https:\/\/www.lebens-qi.at\/qishop\/wp-content\/uploads\/heilsames-raeuchern-9783442223213-X-150x150.jpg",150,150,true],"full":["https:\/\/www.lebens-qi.at\/qishop\/wp-content\/uploads\/heilsames-raeuchern-9783442223213-X.jpg",648,648,false]},"categories":["1531"],"categories_names":{"1531":{"name":"Goldmann","link":"https:\/\/www.lebens-qi.at\/qishop\/brand\/goldmann\/"}},"comments_number":"0","brands":[{"id":1531,"name":"Goldmann","slug":"goldmann"}],"_links":{"self":[{"href":"https:\/\/www.lebens-qi.at\/qishop\/wp-json\/wp\/v2\/product\/4814","targetHints":{"allow":["GET"]}}],"collection":[{"href":"https:\/\/www.lebens-qi.at\/qishop\/wp-json\/wp\/v2\/product"}],"about":[{"href":"https:\/\/www.lebens-qi.at\/qishop\/wp-json\/wp\/v2\/types\/product"}],"replies":[{"embeddable":true,"href":"https:\/\/www.lebens-qi.at\/qishop\/wp-json\/wp\/v2\/comments?post=4814"}],"wp:featuredmedia":[{"embeddable":true,"href":"https:\/\/www.lebens-qi.at\/qishop\/wp-json\/wp\/v2\/media\/7696"}],"wp:attachment":[{"href":"https:\/\/www.lebens-qi.at\/qishop\/wp-json\/wp\/v2\/media?parent=4814"}],"wp:term":[{"taxonomy":"pwb-brand","embeddable":true,"href":"https:\/\/www.lebens-qi.at\/qishop\/wp-json\/wp\/v2\/pwb-brand?post=4814"},{"taxonomy":"product_brand","embeddable":true,"href":"https:\/\/www.lebens-qi.at\/qishop\/wp-json\/wp\/v2\/product_brand?post=4814"},{"taxonomy":"product_cat","embeddable":true,"href":"https:\/\/www.lebens-qi.at\/qishop\/wp-json\/wp\/v2\/product_cat?post=4814"},{"taxonomy":"product_tag","embeddable":true,"href":"https:\/\/www.lebens-qi.at\/qishop\/wp-json\/wp\/v2\/product_tag?post=4814"}],"curies":[{"name":"wp","href":"https:\/\/api.w.org\/{rel}","templated":true}]}}