{"id":4816,"date":"2024-03-11T18:43:12","date_gmt":"2024-03-11T17:43:12","guid":{"rendered":"https:\/\/www.lebens-qi.at\/qishop\/produkt\/die-raeucher-apotheke-fuer-die-seele\/"},"modified":"2025-02-10T16:20:34","modified_gmt":"2025-02-10T15:20:34","slug":"die-raeucher-apotheke-fuer-die-seele","status":"publish","type":"product","link":"https:\/\/www.lebens-qi.at\/qishop\/produkt\/die-raeucher-apotheke-fuer-die-seele\/","title":{"rendered":"Die R\u00e4ucher-Apotheke f\u00fcr die Seele"},"content":{"rendered":"<p><b>Die R\u00e4ucher-Apotheke f\u00fcr die Seele<\/b><br \/>\nDurch die Kraft der Natur zu innerer Balance und Zufriedenheit<br \/>\n<em>von Annemarie Herzog <\/em><\/p>\n<p><b>Balsam f\u00fcr die Seele<\/b><\/p>\n<p>R\u00e4uchern ist eine Wohltat f\u00fcr die Sinne und steigert unmittelbar das Wohlgef\u00fchl. Die R\u00e4ucherexpertin Annemarie Herzog teilt in diesem Buch ihr umfangreiches traditionelles Wissen \u00fcber den vielseitigen Einsatz von Kr\u00e4utern, H\u00f6lzern und Harzen mit uns. Einf\u00fchlsam f\u00fchrt sie uns durch die Anwendungen f\u00fcr die h\u00e4ufigsten seelischen und psychischen Themen unserer modernen Zeit: Mit bew\u00e4hrten R\u00e4uchermischungen k\u00f6nnen wir innere Balance, mentale St\u00e4rke und Selbstliebe entwickeln oder \u00c4ngsten, Burn-out und S\u00fcchten auf sanfte Weise entgegenwirken. Affirmationen und Heilsteine verst\u00e4rken die Wirkung der R\u00e4ucherrezepte zus\u00e4tzlich.<br \/>\n<b><br \/>\nTauchen Sie ein in die faszinierende Welt des R\u00e4ucherns. Gewinnen Sie neue Kraft, Lebensfreude und Leichtigkeit, und atmen Sie befreit auf.<\/b><\/p>\n","protected":false},"excerpt":{"rendered":"<p>Durch die Kraft der Natur zu innerer Balance und Zufriedenheit<\/p>\n","protected":false},"featured_media":4815,"comment_status":"open","ping_status":"closed","template":"","meta":{"_links_to":"","_links_to_target":""},"pwb-brand":[814],"product_brand":[],"product_cat":[1654,807],"product_tag":[1410,1653,580,906,870,907,306,466,1334],"class_list":{"0":"post-4816","1":"product","2":"type-product","3":"status-publish","4":"has-post-thumbnail","6":"pwb-brand-schirner-verlag","7":"product_cat-raeucherbuecher","8":"product_cat-raeuchern","9":"product_tag-affirmationen","10":"product_tag-annemarie-herzog","11":"product_tag-buch","12":"product_tag-harze","13":"product_tag-heilsteine","14":"product_tag-hoelzer","15":"product_tag-kraeuter","16":"product_tag-raeuchern","17":"product_tag-rezepte","19":"first","20":"instock","21":"taxable","22":"shipping-taxable","23":"purchasable","24":"product-type-simple"},"blog_post_layout_featured_media_urls":{"thumbnail":["https:\/\/www.lebens-qi.at\/qishop\/wp-content\/uploads\/rucherapotheke-150x150.gif",150,150,true],"full":["https:\/\/www.lebens-qi.at\/qishop\/wp-content\/uploads\/rucherapotheke.gif",600,600,false]},"categories":["814"],"categories_names":{"814":{"name":"Schirner Verlag","link":"https:\/\/www.lebens-qi.at\/qishop\/brand\/schirner-verlag\/"}},"comments_number":"0","brands":[{"id":814,"name":"Schirner Verlag","slug":"schirner-verlag"}],"_links":{"self":[{"href":"https:\/\/www.lebens-qi.at\/qishop\/wp-json\/wp\/v2\/product\/4816","targetHints":{"allow":["GET"]}}],"collection":[{"href":"https:\/\/www.lebens-qi.at\/qishop\/wp-json\/wp\/v2\/product"}],"about":[{"href":"https:\/\/www.lebens-qi.at\/qishop\/wp-json\/wp\/v2\/types\/product"}],"replies":[{"embeddable":true,"href":"https:\/\/www.lebens-qi.at\/qishop\/wp-json\/wp\/v2\/comments?post=4816"}],"wp:featuredmedia":[{"embeddable":true,"href":"https:\/\/www.lebens-qi.at\/qishop\/wp-json\/wp\/v2\/media\/4815"}],"wp:attachment":[{"href":"https:\/\/www.lebens-qi.at\/qishop\/wp-json\/wp\/v2\/media?parent=4816"}],"wp:term":[{"taxonomy":"pwb-brand","embeddable":true,"href":"https:\/\/www.lebens-qi.at\/qishop\/wp-json\/wp\/v2\/pwb-brand?post=4816"},{"taxonomy":"product_brand","embeddable":true,"href":"https:\/\/www.lebens-qi.at\/qishop\/wp-json\/wp\/v2\/product_brand?post=4816"},{"taxonomy":"product_cat","embeddable":true,"href":"https:\/\/www.lebens-qi.at\/qishop\/wp-json\/wp\/v2\/product_cat?post=4816"},{"taxonomy":"product_tag","embeddable":true,"href":"https:\/\/www.lebens-qi.at\/qishop\/wp-json\/wp\/v2\/product_tag?post=4816"}],"curies":[{"name":"wp","href":"https:\/\/api.w.org\/{rel}","templated":true}]}}