{"id":4822,"date":"2024-03-11T18:43:20","date_gmt":"2024-03-11T17:43:20","guid":{"rendered":"https:\/\/www.lebens-qi.at\/qishop\/produkt\/gold-als-medizin\/"},"modified":"2025-02-20T17:14:42","modified_gmt":"2025-02-20T16:14:42","slug":"gold-als-medizin","status":"publish","type":"product","link":"https:\/\/www.lebens-qi.at\/qishop\/produkt\/gold-als-medizin\/","title":{"rendered":"Gold als Medizin"},"content":{"rendered":"<p><b>Gold als Medizin<\/b><br \/>\nVon der Goldkur der Hildegard von Bingen bis zur Goldsole in der Naturheilkunde<br \/>\n<em>von Martin Vitt<\/em><\/p>\n<p><b>Die Wiederentdeckung eines uralten Heilmittels<\/p>\n<p>Gold ist nicht nur eine Geldanlage! Dieses Mineral hat nicht nur besondere physikalische Eigenschaften. Es kommt fein verteilt in der ganzen Erde vor \u2013 und in unserem K\u00f6rper.<br \/>\nGold bietet sich f\u00fcr eine Vielzahl medizinischer Anwendungen an. In diesem Buch wird Gold erstmals in umfassender Weise im Zusammenhang mit gesundheitlichen Aspekten neu definiert. Diese Darstellung von Gold als ein mit Heilkraft ausgestattetes Edelmetall ist in dieser Komplexit\u00e4t einmalig.<\/b><\/p>\n<p>Dabei wird ein Bogen gespannt von der Entstehung von Gold \u2013 hier ist sich die Wissenschaft bis heute nicht einig \u2013 \u00fcber die F\u00f6derung von Gold und weiter zu dessen kulturellen Bedeutung in antiker Zeit bis zur heutigen Verwendung von Gold in der naturheilkundlichen Praxis.<br \/>\nAuf der Suche nach Gold war man nicht nur in der Erde, sondern auch in den Laboratorien der K\u00f6nige und Herrscher vergangener Zeiten. Das l\u00e4\u00dft sich an der Geschichte der Alchemisten verfolgen, die mit Hilfe des \u00bbSteins der Weisen\u00ab Blei in Gold verwandeln wollten. Dabei erfolgten die ersten medizinischen Versuche, es gab Heilungserfolge und es entstanden fr\u00fch zu datierende Aufzeichnungen \u00fcber Reaktionen des K\u00f6rpers.Diese Erfahrungen dienen heute als die ersten Zeugnisse vom Umgang mit Gold in der medizinischen Anwendung. Es kann gegessen, mit Wasser in unterschiedlicher Weise getrunken oder \u00fcber den Blutkreislauf und die Haut aufgenommen werden.<br \/>\nInsbesondere der Einnahme von \u00f6kologisch sauber gef\u00f6rdertem und somit e\u00dfbarem Gold gilt die Aufmerksamkeit. Hier zeigt die Goldkur der Hildegard von Bingen (1089 &#8211; 1179) eine ganz neue Sichtweise auf die vielf\u00e4ltigen M\u00f6glichkeiten, seinem K\u00f6rper Gutes zu tun.<br \/>\nGold wird auf mannigfache Weise und meist unbemerkt, ganz nebenbei vom K\u00f6rper aufgenommen, etwa \u00fcber die Haut beim Tragen von Schmuck. Gerade Ringe, die eng anliegen, f\u00fchren dem Tr\u00e4ger kleinste Gold-Molek\u00fcle zu. Oftmals, wenn der Mensch mit hohem Fieber zu Bette liegt, holt sich der Organismus seine \u00bbRation\u00ab an Gold. Dann ist nach dem Abklingen des Fiebers am Ringfinger ein schwarzer Rand sichtbar, der von beigemischten Metallen herr\u00fchrt, die in der Goldlegierung enthalten sind.<br \/>\nAuch beim Trinken aus Bechern mit Goldrand, fr\u00fcher in adeligen Kreisen und gutbetuchten Familien weit verbreitet, kommen die Schleimh\u00e4ute mit den Molek\u00fclen von Gold in Ber\u00fchrung.<br \/>\nDas Besondere an der Goldkur nach Hildegard von Bingen und den weiteren in diesem Buch aufgef\u00fchrten acht M\u00f6glichkeiten, Gold als Medizin zu sich zu nehmen, liegt in ihrer Aktualit\u00e4t. Gold l\u00e4\u00dft sich im K\u00f6rper in der Aorta und im Gehirn finden. Es hilft bei Indikationen wie Polyarthritis, Rheuma,Gicht, gyn\u00e4kologischen Krankheiten und Herzbeschwerden. Vor allem wirkt Gold als gro\u00dfer \u00bbOrdner\u00ab, und so wirkt es vitalisierend auf das Ganze des K\u00f6rpers.<\/p>\n<p><b>Das Augenmerk der vorliegenden Darstellung liegt auf der Einnahme von \u00f6kologisch sauber gef\u00f6rdertem und somit e\u00dfbarem Gold.<\/b><\/p>\n","protected":false},"excerpt":{"rendered":"<p>Von der Goldkur der Hildegard von Bingen bis zur Goldsole in der Naturheilkunde<\/p>\n","protected":false},"featured_media":6977,"comment_status":"open","ping_status":"closed","template":"","meta":{"_links_to":"","_links_to_target":""},"pwb-brand":[821],"product_brand":[],"product_cat":[811],"product_tag":[580,546,170,1417,1416,1415,1365,1418],"class_list":{"0":"post-4822","1":"product","2":"type-product","3":"status-publish","4":"has-post-thumbnail","6":"pwb-brand-neue-erde-verlag","7":"product_cat-gesundheit","8":"product_tag-buch","9":"product_tag-gesundheit","10":"product_tag-gold","11":"product_tag-heilmittel","12":"product_tag-hildegard-von-bingen","13":"product_tag-martin-vitt","14":"product_tag-medizin","15":"product_tag-naturheilkunde","17":"first","18":"instock","19":"taxable","20":"shipping-taxable","21":"purchasable","22":"product-type-simple"},"blog_post_layout_featured_media_urls":{"thumbnail":["https:\/\/www.lebens-qi.at\/qishop\/wp-content\/uploads\/gold-medizin-9783890606163-X-150x150.jpg",150,150,true],"full":["https:\/\/www.lebens-qi.at\/qishop\/wp-content\/uploads\/gold-medizin-9783890606163-X.jpg",648,648,false]},"categories":["821"],"categories_names":{"821":{"name":"Neue Erde Verlag","link":"https:\/\/www.lebens-qi.at\/qishop\/brand\/neue-erde-verlag\/"}},"comments_number":"0","brands":[{"id":821,"name":"Neue Erde Verlag","slug":"neue-erde-verlag"}],"_links":{"self":[{"href":"https:\/\/www.lebens-qi.at\/qishop\/wp-json\/wp\/v2\/product\/4822","targetHints":{"allow":["GET"]}}],"collection":[{"href":"https:\/\/www.lebens-qi.at\/qishop\/wp-json\/wp\/v2\/product"}],"about":[{"href":"https:\/\/www.lebens-qi.at\/qishop\/wp-json\/wp\/v2\/types\/product"}],"replies":[{"embeddable":true,"href":"https:\/\/www.lebens-qi.at\/qishop\/wp-json\/wp\/v2\/comments?post=4822"}],"wp:featuredmedia":[{"embeddable":true,"href":"https:\/\/www.lebens-qi.at\/qishop\/wp-json\/wp\/v2\/media\/6977"}],"wp:attachment":[{"href":"https:\/\/www.lebens-qi.at\/qishop\/wp-json\/wp\/v2\/media?parent=4822"}],"wp:term":[{"taxonomy":"pwb-brand","embeddable":true,"href":"https:\/\/www.lebens-qi.at\/qishop\/wp-json\/wp\/v2\/pwb-brand?post=4822"},{"taxonomy":"product_brand","embeddable":true,"href":"https:\/\/www.lebens-qi.at\/qishop\/wp-json\/wp\/v2\/product_brand?post=4822"},{"taxonomy":"product_cat","embeddable":true,"href":"https:\/\/www.lebens-qi.at\/qishop\/wp-json\/wp\/v2\/product_cat?post=4822"},{"taxonomy":"product_tag","embeddable":true,"href":"https:\/\/www.lebens-qi.at\/qishop\/wp-json\/wp\/v2\/product_tag?post=4822"}],"curies":[{"name":"wp","href":"https:\/\/api.w.org\/{rel}","templated":true}]}}