{"id":4824,"date":"2024-03-11T18:43:22","date_gmt":"2024-03-11T17:43:22","guid":{"rendered":"https:\/\/www.lebens-qi.at\/qishop\/produkt\/was-sitzt-mir-im-nacken\/"},"modified":"2024-05-11T00:06:47","modified_gmt":"2024-05-10T22:06:47","slug":"was-sitzt-mir-im-nacken","status":"publish","type":"product","link":"https:\/\/www.lebens-qi.at\/qishop\/produkt\/was-sitzt-mir-im-nacken\/","title":{"rendered":"Was sitzt mir im Nacken?"},"content":{"rendered":"<p><b>Was sitzt mir im Nacken<\/b><br \/>\nNeue Wege zu mehr Wohlbefinden f\u00fcr Nacken und Schultern<br \/>\n<em>von Birgit Deutsch<\/em><\/p>\n<p><b>Neu an diesem Buch \u00fcber das verbreitete Ph\u00e4nomen von Nacken- und Schulterbeschwerden ist die ganzheitliche Herangehensweise. <\/b><br \/>\nWir treffen hier auf umfassende medizinische Erkl\u00e4rungen, psychologische \u00dcberlegungen sowie energetische und spirituelle Ans\u00e4tze. All dies liefert eine F\u00fclle von m\u00f6glichen eigenen Erkenntnissen und neuen Wegen zu mehr Wohlbefinden. Menschen mit akuten oder chronischen Beschwerden werden hier neue Erkl\u00e4rungen und Zug\u00e4nge finden, Einfluss auf ihr Befinden zu nehmen. Dies erfolgt in einem wertsch\u00e4tzenden, verbindenden Tonfall, der mit Information und Aufzeigen von Selbstwirksamkeit \u00fcberzeugt und Dogmen keinen Platz gibt. Frau Dr. Sitter verweist im Vorwort auf die Relevanz dieses Buches.<\/p>\n<p><b>Autorenportr\u00e4t<\/b><br \/>\nBirgit Deutsch, Mag.(FH) f\u00fcr Sozialarbeit, geb. 1963, Nuad-Praktikerin, selbst\u00e4ndige Masseurin f\u00fcr thail\u00e4ndische Massage, langj\u00e4hrige Erfahrung in der Sozialarbeit, wohnt und arbeitet in der N\u00e4he von Wien. Widmet sich seit Jahrzehnten den Themen Entspannung, Selbsterfahrung, Medizin, Massage\/K\u00f6rperarbeit, Zusammenhang zwischen K\u00f6rper und Psyche, zahlreiche Aus- und Fortbildungen.<\/p>\n","protected":false},"excerpt":{"rendered":"<p>Neue Wege zu mehr Wohlbefinden f\u00fcr Nacken und Schultern<\/p>\n","protected":false},"featured_media":6979,"comment_status":"open","ping_status":"closed","template":"","meta":{"_links_to":"","_links_to_target":""},"pwb-brand":[],"product_brand":[],"product_cat":[811],"product_tag":[1423,580,546,1422,1424,1421],"class_list":{"0":"post-4824","1":"product","2":"type-product","3":"status-publish","4":"has-post-thumbnail","6":"product_cat-gesundheit","7":"product_tag-birgit-deutsch","8":"product_tag-buch","9":"product_tag-gesundheit","10":"product_tag-nackenschmerzen","11":"product_tag-schultern","12":"product_tag-wohlbefinden","14":"first","15":"instock","16":"taxable","17":"shipping-taxable","18":"purchasable","19":"product-type-simple"},"blog_post_layout_featured_media_urls":{"thumbnail":["https:\/\/www.lebens-qi.at\/qishop\/wp-content\/uploads\/nacken-9783990841426-X-1-150x150.jpg",150,150,true],"full":["https:\/\/www.lebens-qi.at\/qishop\/wp-content\/uploads\/nacken-9783990841426-X-1.jpg",648,648,false]},"categories":null,"categories_names":null,"comments_number":"0","brands":[],"_links":{"self":[{"href":"https:\/\/www.lebens-qi.at\/qishop\/wp-json\/wp\/v2\/product\/4824","targetHints":{"allow":["GET"]}}],"collection":[{"href":"https:\/\/www.lebens-qi.at\/qishop\/wp-json\/wp\/v2\/product"}],"about":[{"href":"https:\/\/www.lebens-qi.at\/qishop\/wp-json\/wp\/v2\/types\/product"}],"replies":[{"embeddable":true,"href":"https:\/\/www.lebens-qi.at\/qishop\/wp-json\/wp\/v2\/comments?post=4824"}],"wp:featuredmedia":[{"embeddable":true,"href":"https:\/\/www.lebens-qi.at\/qishop\/wp-json\/wp\/v2\/media\/6979"}],"wp:attachment":[{"href":"https:\/\/www.lebens-qi.at\/qishop\/wp-json\/wp\/v2\/media?parent=4824"}],"wp:term":[{"taxonomy":"pwb-brand","embeddable":true,"href":"https:\/\/www.lebens-qi.at\/qishop\/wp-json\/wp\/v2\/pwb-brand?post=4824"},{"taxonomy":"product_brand","embeddable":true,"href":"https:\/\/www.lebens-qi.at\/qishop\/wp-json\/wp\/v2\/product_brand?post=4824"},{"taxonomy":"product_cat","embeddable":true,"href":"https:\/\/www.lebens-qi.at\/qishop\/wp-json\/wp\/v2\/product_cat?post=4824"},{"taxonomy":"product_tag","embeddable":true,"href":"https:\/\/www.lebens-qi.at\/qishop\/wp-json\/wp\/v2\/product_tag?post=4824"}],"curies":[{"name":"wp","href":"https:\/\/api.w.org\/{rel}","templated":true}]}}