{"id":4826,"date":"2024-03-11T18:43:25","date_gmt":"2024-03-11T17:43:25","guid":{"rendered":"https:\/\/www.lebens-qi.at\/qishop\/produkt\/aetherische-oele-anwenden\/"},"modified":"2025-02-10T16:20:33","modified_gmt":"2025-02-10T15:20:33","slug":"aetherische-oele-anwenden","status":"publish","type":"product","link":"https:\/\/www.lebens-qi.at\/qishop\/produkt\/aetherische-oele-anwenden\/","title":{"rendered":"\u00c4therische \u00d6le anwenden"},"content":{"rendered":"<p><b>\u00c4therische \u00d6le anwenden<br \/>\n<\/b>\u00dcber 200 Essenzen f\u00fcr die Aromatherapie &#8211; Neuauflage 2022!<br \/>\n<em>von Markus Schirner<br \/>\n<\/em><\/p>\n<p>Sie sind die reine Kraft der Natur: Mit \u00e4therischen \u00d6len von Fichte und Lavendel \u00fcber Teebaum und Eukalyptus bis Limette und Ylang-Ylang k\u00f6nnen Sie Ihre Gesundheit f\u00f6rdern und Ihr Wohlbefinden steigern. Der erfahrene Experte f\u00fcr Aromatherapie Markus Schirner stellt in diesem \u00fcbersichtlich gegliederten und opulent bebilderten Nachschlagewerk \u00fcber 200 der wertvollen Essenzen vor. Ob in der Duftlampe, bei einer Massage oder als Badezusatz &#8211; dank der Informationen zu k\u00f6rperlichen und seelischen Wirkungen und Anleitungen zum Einsatz wissen Sie jederzeit, wie Sie sich mit essenziellen \u00d6len etwas Gutes tun k\u00f6nnen. Lassen Sie sich von der Pflanzenwelt verw\u00f6hnen!<\/p>\n<p>Dieses \u00fcberarbeitete Basiswerk beinhaltet umfassendes Fachwissen zu \u00fcber 200 essenziellen Aroma-\u00d6len sowie den wichtigsten Tr\u00e4ger\u00f6len zum Auftragen auf die Haut. Das Werk hat sich in seinen bisherigen Auflagen bereits als unverzichtbarer Klassiker der Aromatherapie etabliert.<\/p>\n<p><b>Sie finden \u00fcbersichtlich gegliedert und bebildert:<\/b><br \/>\n\u2022 Steckbriefe der \u00e4therischen \u00d6le mit Infos zur k\u00f6rperlichen und seelischen Wirkung und Anwendung,<br \/>\n\u2022 Anleitungen zum Einsatz, etwa f\u00fcr Duftlampen, in der Massage oder als Saunaaufguss,<br \/>\n\u2022 ein umfangreiches Register der Indikationen, Symptome und Wirkungen.<\/p>\n<p><b>So sind Sie in der Lage, jederzeit das richtige \u00d6l zu w\u00e4hlen, um Ihre Gesundheit zu f\u00f6rdern und Ihr Wohlbefinden zu steigern.<\/b><\/p>\n","protected":false},"excerpt":{"rendered":"<p>\u00fcber 200 Essenzen f\u00fcr die Aromatherapie<\/p>\n","protected":false},"featured_media":6962,"comment_status":"open","ping_status":"closed","template":"","meta":{"_links_to":"","_links_to_target":""},"pwb-brand":[814],"product_brand":[],"product_cat":[579,815],"product_tag":[855,128,580,1388,1387],"class_list":{"0":"post-4826","1":"product","2":"type-product","3":"status-publish","4":"has-post-thumbnail","6":"pwb-brand-schirner-verlag","7":"product_cat-aromatherapie-buecher","8":"product_cat-buecher-aromatherapie","9":"product_tag-aromatherapie","10":"product_tag-aetherische-oele","11":"product_tag-buch","12":"product_tag-essenzen","13":"product_tag-markus-schirner","15":"first","16":"instock","17":"taxable","18":"shipping-taxable","19":"purchasable","20":"product-type-simple"},"blog_post_layout_featured_media_urls":{"thumbnail":["https:\/\/www.lebens-qi.at\/qishop\/wp-content\/uploads\/aetherische-oele-9783843415262-X-150x150.jpg",150,150,true],"full":["https:\/\/www.lebens-qi.at\/qishop\/wp-content\/uploads\/aetherische-oele-9783843415262-X.jpg",648,648,false]},"categories":["814"],"categories_names":{"814":{"name":"Schirner Verlag","link":"https:\/\/www.lebens-qi.at\/qishop\/brand\/schirner-verlag\/"}},"comments_number":"0","brands":[{"id":814,"name":"Schirner Verlag","slug":"schirner-verlag"}],"_links":{"self":[{"href":"https:\/\/www.lebens-qi.at\/qishop\/wp-json\/wp\/v2\/product\/4826","targetHints":{"allow":["GET"]}}],"collection":[{"href":"https:\/\/www.lebens-qi.at\/qishop\/wp-json\/wp\/v2\/product"}],"about":[{"href":"https:\/\/www.lebens-qi.at\/qishop\/wp-json\/wp\/v2\/types\/product"}],"replies":[{"embeddable":true,"href":"https:\/\/www.lebens-qi.at\/qishop\/wp-json\/wp\/v2\/comments?post=4826"}],"wp:featuredmedia":[{"embeddable":true,"href":"https:\/\/www.lebens-qi.at\/qishop\/wp-json\/wp\/v2\/media\/6962"}],"wp:attachment":[{"href":"https:\/\/www.lebens-qi.at\/qishop\/wp-json\/wp\/v2\/media?parent=4826"}],"wp:term":[{"taxonomy":"pwb-brand","embeddable":true,"href":"https:\/\/www.lebens-qi.at\/qishop\/wp-json\/wp\/v2\/pwb-brand?post=4826"},{"taxonomy":"product_brand","embeddable":true,"href":"https:\/\/www.lebens-qi.at\/qishop\/wp-json\/wp\/v2\/product_brand?post=4826"},{"taxonomy":"product_cat","embeddable":true,"href":"https:\/\/www.lebens-qi.at\/qishop\/wp-json\/wp\/v2\/product_cat?post=4826"},{"taxonomy":"product_tag","embeddable":true,"href":"https:\/\/www.lebens-qi.at\/qishop\/wp-json\/wp\/v2\/product_tag?post=4826"}],"curies":[{"name":"wp","href":"https:\/\/api.w.org\/{rel}","templated":true}]}}