{"id":4836,"date":"2024-03-11T18:43:35","date_gmt":"2024-03-11T17:43:35","guid":{"rendered":"https:\/\/www.lebens-qi.at\/qishop\/produkt\/aromatherapie-fuer-kopf-und-seele\/"},"modified":"2025-02-21T14:43:58","modified_gmt":"2025-02-21T13:43:58","slug":"aromatherapie-fuer-kopf-und-seele","status":"publish","type":"product","link":"https:\/\/www.lebens-qi.at\/qishop\/produkt\/aromatherapie-fuer-kopf-und-seele\/","title":{"rendered":"Aromatherapie f\u00fcr Kopf und Seele"},"content":{"rendered":"<p><b>Aromatherapie f\u00fcr Kopf und Seele<\/b><br \/>\nMit \u00e4therischen \u00d6len gegen Stress, M\u00fcdigkeit und tr\u00fcbe Stimmung. Expertinnenwissen und \u00fcber 100 Rezepte<br \/>\n<em>von Sabrina Herber und Eliane Zimmermann<br \/>\n<\/em><br \/>\n<b>Seelenpflaster bei M\u00fcdigkeit, Stress und \u00c4ngsten<\/b><br \/>\nM\u00fcde, gestresst, nerv\u00f6s? Neueste Studien belegen, dass unsere Nase die \u201eHotline\u201c zur Seele ist. Die Erfolgsautorinnen und Aromaexpertinnen zeigen leicht verst\u00e4ndlich, wie \u00e4therische \u00d6le schnell und sanft wirken und unser Wohlbefinden steigern k\u00f6nnen \u2013 einfach und ohne Nebenwirkungen.<br \/>\nSie stellen die 26 wirksamsten \u00e4therischen \u00d6le sowie ihre Alternativen vor und verraten \u00fcber 100 pflanzliche und individualisierbare Rezepte. Zus\u00e4tzlich unterst\u00fctzen ganzheitliche Tipps bei Angst, Traurigkeit und Stress und f\u00f6rdern Konzentrationsverm\u00f6gen, Resilienz und Ausgeglichenheit. Wichtige Themen wie Burn-out, Magen-Darm-Probleme, Schlaf und ADHS werden auch thematisiert.<br \/>\n<b>Mit Zusatzmaterial als Download<\/b><\/p>\n","protected":false},"excerpt":{"rendered":"<p>Mit \u00e4therischen \u00d6len gegen Stress, M\u00fcdigkeit und tr\u00fcbe Stimmung.<\/p>\n","protected":false},"featured_media":6969,"comment_status":"open","ping_status":"closed","template":"","meta":{"_links_to":"","_links_to_target":""},"pwb-brand":[1548],"product_brand":[],"product_cat":[579,815],"product_tag":[855,128,580,1395,535,1334,1394,178,1024],"class_list":{"0":"post-4836","1":"product","2":"type-product","3":"status-publish","4":"has-post-thumbnail","6":"pwb-brand-ulmer-verlag","7":"product_cat-aromatherapie-buecher","8":"product_cat-buecher-aromatherapie","9":"product_tag-aromatherapie","10":"product_tag-aetherische-oele","11":"product_tag-buch","12":"product_tag-eliane-zimmermann","13":"product_tag-entspannung","14":"product_tag-rezepte","15":"product_tag-sabrina-herber","16":"product_tag-seele","17":"product_tag-stressbewaeltigung","19":"first","20":"outofstock","21":"taxable","22":"shipping-taxable","23":"purchasable","24":"product-type-simple"},"blog_post_layout_featured_media_urls":{"thumbnail":["https:\/\/www.lebens-qi.at\/qishop\/wp-content\/uploads\/aromatherapie-kopf-seele-9783818614324-X-150x150.jpg",150,150,true],"full":["https:\/\/www.lebens-qi.at\/qishop\/wp-content\/uploads\/aromatherapie-kopf-seele-9783818614324-X.jpg",648,648,false]},"categories":["1548"],"categories_names":{"1548":{"name":"Ulmer Verlag","link":"https:\/\/www.lebens-qi.at\/qishop\/brand\/ulmer-verlag\/"}},"comments_number":"0","brands":[{"id":1548,"name":"Ulmer Verlag","slug":"ulmer-verlag"}],"_links":{"self":[{"href":"https:\/\/www.lebens-qi.at\/qishop\/wp-json\/wp\/v2\/product\/4836","targetHints":{"allow":["GET"]}}],"collection":[{"href":"https:\/\/www.lebens-qi.at\/qishop\/wp-json\/wp\/v2\/product"}],"about":[{"href":"https:\/\/www.lebens-qi.at\/qishop\/wp-json\/wp\/v2\/types\/product"}],"replies":[{"embeddable":true,"href":"https:\/\/www.lebens-qi.at\/qishop\/wp-json\/wp\/v2\/comments?post=4836"}],"wp:featuredmedia":[{"embeddable":true,"href":"https:\/\/www.lebens-qi.at\/qishop\/wp-json\/wp\/v2\/media\/6969"}],"wp:attachment":[{"href":"https:\/\/www.lebens-qi.at\/qishop\/wp-json\/wp\/v2\/media?parent=4836"}],"wp:term":[{"taxonomy":"pwb-brand","embeddable":true,"href":"https:\/\/www.lebens-qi.at\/qishop\/wp-json\/wp\/v2\/pwb-brand?post=4836"},{"taxonomy":"product_brand","embeddable":true,"href":"https:\/\/www.lebens-qi.at\/qishop\/wp-json\/wp\/v2\/product_brand?post=4836"},{"taxonomy":"product_cat","embeddable":true,"href":"https:\/\/www.lebens-qi.at\/qishop\/wp-json\/wp\/v2\/product_cat?post=4836"},{"taxonomy":"product_tag","embeddable":true,"href":"https:\/\/www.lebens-qi.at\/qishop\/wp-json\/wp\/v2\/product_tag?post=4836"}],"curies":[{"name":"wp","href":"https:\/\/api.w.org\/{rel}","templated":true}]}}