{"id":4838,"date":"2024-03-11T18:43:39","date_gmt":"2024-03-11T17:43:39","guid":{"rendered":"https:\/\/www.lebens-qi.at\/qishop\/produkt\/aromatherapie-fuer-kinder\/"},"modified":"2025-02-21T14:43:57","modified_gmt":"2025-02-21T13:43:57","slug":"aromatherapie-fuer-kinder","status":"publish","type":"product","link":"https:\/\/www.lebens-qi.at\/qishop\/produkt\/aromatherapie-fuer-kinder\/","title":{"rendered":"Aromatherapie f\u00fcr Kinder"},"content":{"rendered":"<p><b>Aromatherapie f\u00fcr Kinder<\/b><br \/>\nSchnelle und sanfte Alltagshilfe bei Kinderkrankheiten<br \/>\n<em>von Sabrina Herber und Eliane Zimmermann<br \/>\n<\/em><br \/>\nOb Bauchkoliken, Milchz\u00e4hnchen-Auas, Wachstumsschmerzen, Schnupfennase, Bettmonster-Attacken, Konzentrationsschwierigkeiten, Pickel oder Liebeskummer\u2026<br \/>\nAromatherapie hilft Babys, Kindern und Jugendlichen bei vielen Alltagsbeschwerden \u2013 unkompliziert und ohne Nebenwirkungen.<\/p>\n<p>Seit \u00fcber 20 Jahren nutzen die beiden M\u00fctter und Aromaprofis die naturreinen \u00e4therischen \u00d6le mit Erfolg. In diesem Buch fassen sie bew\u00e4hrte Rezepturen f\u00fcr Eltern und Heilpraktiker zusammen. \u00dcber 100 Rezepte sind genau auf die Altersstufen von 0 bis 16 Jahren abgestimmt und lassen sich ganz einfach zu Hause umsetzen. Mit vielen Extras vom praktischen Dosierk\u00e4rtchen bis zur Reiseapotheke.<\/p>\n<p>\u2022 Sicheres Anwenden von \u00e4therischen \u00d6len und Hydrolaten bei Kindern<br \/>\n\u2022 Genaue Dosierungsangaben f\u00fcr jede Altersgruppe, auch f\u00fcr Kinder mit besonderen Bed\u00fcrfnissen<br \/>\n\u2022 \u00dcber 100 Rezepte zum Selbermischen, die Sie ganz einfach zu Hause umsetzen k\u00f6nnen<\/p>\n","protected":false},"excerpt":{"rendered":"<p>Schnelle und sanfte Alltagshilfe<\/p>\n","protected":false},"featured_media":6967,"comment_status":"open","ping_status":"closed","template":"","meta":{"_links_to":"","_links_to_target":""},"pwb-brand":[1548],"product_brand":[],"product_cat":[579,815],"product_tag":[1396,855,128,580,1393,1395,1333,1211,958,1334,1394],"class_list":{"0":"post-4838","1":"product","2":"type-product","3":"status-publish","4":"has-post-thumbnail","6":"pwb-brand-ulmer-verlag","7":"product_cat-aromatherapie-buecher","8":"product_cat-buecher-aromatherapie","9":"product_tag-alltagsbeschwerden","10":"product_tag-aromatherapie","11":"product_tag-aetherische-oele","12":"product_tag-buch","13":"product_tag-duftmedizin","14":"product_tag-eliane-zimmermann","15":"product_tag-hausapotheke","16":"product_tag-hilfe","17":"product_tag-kinder","18":"product_tag-rezepte","19":"product_tag-sabrina-herber","21":"first","22":"instock","23":"taxable","24":"shipping-taxable","25":"purchasable","26":"product-type-simple"},"blog_post_layout_featured_media_urls":{"thumbnail":["https:\/\/www.lebens-qi.at\/qishop\/wp-content\/uploads\/aromatherapie-kinder-9783818600709-X-150x150.jpg",150,150,true],"full":["https:\/\/www.lebens-qi.at\/qishop\/wp-content\/uploads\/aromatherapie-kinder-9783818600709-X.jpg",648,648,false]},"categories":["1548"],"categories_names":{"1548":{"name":"Ulmer Verlag","link":"https:\/\/www.lebens-qi.at\/qishop\/brand\/ulmer-verlag\/"}},"comments_number":"0","brands":[{"id":1548,"name":"Ulmer Verlag","slug":"ulmer-verlag"}],"_links":{"self":[{"href":"https:\/\/www.lebens-qi.at\/qishop\/wp-json\/wp\/v2\/product\/4838","targetHints":{"allow":["GET"]}}],"collection":[{"href":"https:\/\/www.lebens-qi.at\/qishop\/wp-json\/wp\/v2\/product"}],"about":[{"href":"https:\/\/www.lebens-qi.at\/qishop\/wp-json\/wp\/v2\/types\/product"}],"replies":[{"embeddable":true,"href":"https:\/\/www.lebens-qi.at\/qishop\/wp-json\/wp\/v2\/comments?post=4838"}],"wp:featuredmedia":[{"embeddable":true,"href":"https:\/\/www.lebens-qi.at\/qishop\/wp-json\/wp\/v2\/media\/6967"}],"wp:attachment":[{"href":"https:\/\/www.lebens-qi.at\/qishop\/wp-json\/wp\/v2\/media?parent=4838"}],"wp:term":[{"taxonomy":"pwb-brand","embeddable":true,"href":"https:\/\/www.lebens-qi.at\/qishop\/wp-json\/wp\/v2\/pwb-brand?post=4838"},{"taxonomy":"product_brand","embeddable":true,"href":"https:\/\/www.lebens-qi.at\/qishop\/wp-json\/wp\/v2\/product_brand?post=4838"},{"taxonomy":"product_cat","embeddable":true,"href":"https:\/\/www.lebens-qi.at\/qishop\/wp-json\/wp\/v2\/product_cat?post=4838"},{"taxonomy":"product_tag","embeddable":true,"href":"https:\/\/www.lebens-qi.at\/qishop\/wp-json\/wp\/v2\/product_tag?post=4838"}],"curies":[{"name":"wp","href":"https:\/\/api.w.org\/{rel}","templated":true}]}}