{"id":4840,"date":"2024-03-11T18:43:41","date_gmt":"2024-03-11T17:43:41","guid":{"rendered":"https:\/\/www.lebens-qi.at\/qishop\/produkt\/die-heilkraft-der-baeume-aktivieren\/"},"modified":"2025-02-10T16:20:32","modified_gmt":"2025-02-10T15:20:32","slug":"die-heilkraft-der-baeume-aktivieren","status":"publish","type":"product","link":"https:\/\/www.lebens-qi.at\/qishop\/produkt\/die-heilkraft-der-baeume-aktivieren\/","title":{"rendered":"Die Heilkraft der B\u00e4ume aktivieren"},"content":{"rendered":"<p><b>Die Heilkraft der B\u00e4ume aktivieren<\/b><br \/>\nKraft und Entspannung mit den \u00e4therischen \u00d6len der B\u00e4ume<br \/>\n<em>von Karin Opitz-Kreher<br \/>\n<\/em><br \/>\n<b>Der frische Duft nach Erde und Laub, das Gr\u00fcn der Bl\u00e4tter, das Zwitschern der V\u00f6gel \u2026 ein Waldbesuch wirkt \u00e4hnlich erholsam wie ein Kurzurlaub. <\/b><br \/>\nWas aber tun, wenn wir die B\u00e4ume im Alltag nicht besuchen k\u00f6nnen? Mit \u00e4therischen Baum\u00f6len haben wir den Wald immer dabei! Ob zu Hause, unterwegs oder im B\u00fcro: Mit ein paar Atemz\u00fcgen tanken wir Energie, kommen zur Ruhe und st\u00e4rken das Immunsystem.<\/p>\n<p>Von Fichte und Tanne \u00fcber Kiefer und Zypresse bis zu Palo Santo und Eukalyptus pr\u00e4sentiert die Expertin Karin Opitz-Kreher<b> die 26 besten \u00e4therischen \u00d6le von B\u00e4umen aus aller Welt<\/b>. Dank einfacher, effektiver \u00dcbungen, Rezepturen f\u00fcr die Aromatherapie und weiteren Tipps f\u00fcr den Einsatz begleiten die Waldd\u00fcfte uns durch jede Lebenssituation, richten uns auf und verleihen uns tiefe Wurzeln.<\/p>\n","protected":false},"excerpt":{"rendered":"<p>Kraft und Entspannung mit den \u00e4therischen \u00d6len der B\u00e4ume<\/p>\n","protected":false},"featured_media":6964,"comment_status":"open","ping_status":"closed","template":"","meta":{"_links_to":"","_links_to_target":""},"pwb-brand":[814],"product_brand":[],"product_cat":[579,815],"product_tag":[855,128,858,1391,580,535,1390,1392,1389,859,1334,513],"class_list":{"0":"post-4840","1":"product","2":"type-product","3":"status-publish","4":"has-post-thumbnail","6":"pwb-brand-schirner-verlag","7":"product_cat-aromatherapie-buecher","8":"product_cat-buecher-aromatherapie","9":"product_tag-aromatherapie","10":"product_tag-aetherische-oele","11":"product_tag-baum","12":"product_tag-baumkraft","13":"product_tag-buch","14":"product_tag-entspannung","15":"product_tag-heilkraft","16":"product_tag-immunsystem","17":"product_tag-karin-opitz-kreher","18":"product_tag-natur","19":"product_tag-rezepte","20":"product_tag-selbstheilung","22":"first","23":"instock","24":"taxable","25":"shipping-taxable","26":"purchasable","27":"product-type-simple"},"blog_post_layout_featured_media_urls":{"thumbnail":["https:\/\/www.lebens-qi.at\/qishop\/wp-content\/uploads\/heilkraft-der-baeume-9783843415064-X-150x150.jpg",150,150,true],"full":["https:\/\/www.lebens-qi.at\/qishop\/wp-content\/uploads\/heilkraft-der-baeume-9783843415064-X.jpg",648,648,false]},"categories":["814"],"categories_names":{"814":{"name":"Schirner Verlag","link":"https:\/\/www.lebens-qi.at\/qishop\/brand\/schirner-verlag\/"}},"comments_number":"0","brands":[{"id":814,"name":"Schirner Verlag","slug":"schirner-verlag"}],"_links":{"self":[{"href":"https:\/\/www.lebens-qi.at\/qishop\/wp-json\/wp\/v2\/product\/4840","targetHints":{"allow":["GET"]}}],"collection":[{"href":"https:\/\/www.lebens-qi.at\/qishop\/wp-json\/wp\/v2\/product"}],"about":[{"href":"https:\/\/www.lebens-qi.at\/qishop\/wp-json\/wp\/v2\/types\/product"}],"replies":[{"embeddable":true,"href":"https:\/\/www.lebens-qi.at\/qishop\/wp-json\/wp\/v2\/comments?post=4840"}],"wp:featuredmedia":[{"embeddable":true,"href":"https:\/\/www.lebens-qi.at\/qishop\/wp-json\/wp\/v2\/media\/6964"}],"wp:attachment":[{"href":"https:\/\/www.lebens-qi.at\/qishop\/wp-json\/wp\/v2\/media?parent=4840"}],"wp:term":[{"taxonomy":"pwb-brand","embeddable":true,"href":"https:\/\/www.lebens-qi.at\/qishop\/wp-json\/wp\/v2\/pwb-brand?post=4840"},{"taxonomy":"product_brand","embeddable":true,"href":"https:\/\/www.lebens-qi.at\/qishop\/wp-json\/wp\/v2\/product_brand?post=4840"},{"taxonomy":"product_cat","embeddable":true,"href":"https:\/\/www.lebens-qi.at\/qishop\/wp-json\/wp\/v2\/product_cat?post=4840"},{"taxonomy":"product_tag","embeddable":true,"href":"https:\/\/www.lebens-qi.at\/qishop\/wp-json\/wp\/v2\/product_tag?post=4840"}],"curies":[{"name":"wp","href":"https:\/\/api.w.org\/{rel}","templated":true}]}}