{"id":4842,"date":"2024-03-11T18:43:43","date_gmt":"2024-03-11T17:43:43","guid":{"rendered":"https:\/\/www.lebens-qi.at\/qishop\/produkt\/natuerlich-erfolgreich\/"},"modified":"2024-12-11T12:08:50","modified_gmt":"2024-12-11T11:08:50","slug":"natuerlich-erfolgreich","status":"publish","type":"product","link":"https:\/\/www.lebens-qi.at\/qishop\/produkt\/natuerlich-erfolgreich\/","title":{"rendered":"Nat\u00fcrlich Erfolgreich"},"content":{"rendered":"<p><b>Nat\u00fcrlich erfolgreich<\/b><br \/>\nLeben und wirtschaften nach dem GAIA-Prinzip<br \/>\n<em>von Veronika Victoria Lamprecht<\/em><\/p>\n<p>Die Zeit ist reif \u2013 f\u00fcr deinen pers\u00f6nlichen und beruflichen Aufbruch! Lass dich von der Natur und ihrem Rhythmus dazu inspirieren! Das GAIA-Prinzip nimmt die Natur als Vorbild und verbindet archaisches europ\u00e4isches Lebenswissen mit modernen Management-Methoden. Eine Vielfalt an Anregungen, Beispielen und Ritualimpulsen begleiten zu einem nachhaltig-freudvollen Aufbruch und nat\u00fcrlichen Erfolg. Jedes Leben und Arbeiten ist erfolgreich und in einem freudvollen Flow, wenn nat\u00fcrliche Rhythmen wieder beachtet werden. Das GAIA-Naturjahr mit seinen acht evolution\u00e4ren Qualit\u00e4ten ist ein blue-print f\u00fcr jede gesunde Weiterentwicklung, f\u00fcr pers\u00f6nliche Lebensthemen genauso wie f\u00fcr Projekte, Teams, Organisationen, Unternehmens- und F\u00fchrungskultur. Dieses Buch begleitet Schritt f\u00fcr Schritt durch jede der acht Zeitqualit\u00e4ten und offenbart, warum nur mit nat\u00fcrlichen Zyklen und Rhythmen Erfolg m\u00f6glich ist.<\/p>\n<p><b>Autorenportr\u00e4t<\/b><br \/>\nVeronika Victoria Lamprecht besch\u00e4ftigt sich seit 20 Jahren mit Zyklen und Rhythmen des Menschen, der Natur und Wirtschaft. Gemeinsam mit PartnerInnen entwickelte sie das \u201eGAIA-Prinzip\u201c. Sie arbeitete u. a. bei Radio und Fernsehen und gestaltete ein Jahr lang eine eigene Gesundheitssendung. 2015 gr\u00fcndete sie die GAIA-Akademie im Schloss Eschelberg bei Linz.<\/p>\n","protected":false},"excerpt":{"rendered":"<p>Leben und wirtschaften nach dem GAIA-Prinzip<\/p>\n","protected":false},"featured_media":6955,"comment_status":"open","ping_status":"closed","template":"","meta":{"_links_to":"","_links_to_target":""},"pwb-brand":[1296],"product_brand":[],"product_cat":[816],"product_tag":[580,540,1370,621,1323,1368,1369,1342],"class_list":{"0":"post-4842","1":"product","2":"type-product","3":"status-publish","4":"has-post-thumbnail","6":"pwb-brand-freya","7":"product_cat-erfolg-geld","8":"product_tag-buch","9":"product_tag-erfolg","10":"product_tag-gaia-prinzip","11":"product_tag-jahreskreis","12":"product_tag-naturverbundenheit","13":"product_tag-unternehmensfuehrung","14":"product_tag-veronika-lamprecht","15":"product_tag-zyklus","17":"first","18":"instock","19":"taxable","20":"shipping-taxable","21":"purchasable","22":"product-type-simple"},"blog_post_layout_featured_media_urls":{"thumbnail":["https:\/\/www.lebens-qi.at\/qishop\/wp-content\/uploads\/natuerlich-erfolgreich-9783990253373-X-150x150.jpg",150,150,true],"full":["https:\/\/www.lebens-qi.at\/qishop\/wp-content\/uploads\/natuerlich-erfolgreich-9783990253373-X.jpg",648,648,false]},"categories":["1296"],"categories_names":{"1296":{"name":"freya","link":"https:\/\/www.lebens-qi.at\/qishop\/brand\/freya\/"}},"comments_number":"0","brands":[{"id":1296,"name":"freya","slug":"freya"}],"_links":{"self":[{"href":"https:\/\/www.lebens-qi.at\/qishop\/wp-json\/wp\/v2\/product\/4842","targetHints":{"allow":["GET"]}}],"collection":[{"href":"https:\/\/www.lebens-qi.at\/qishop\/wp-json\/wp\/v2\/product"}],"about":[{"href":"https:\/\/www.lebens-qi.at\/qishop\/wp-json\/wp\/v2\/types\/product"}],"replies":[{"embeddable":true,"href":"https:\/\/www.lebens-qi.at\/qishop\/wp-json\/wp\/v2\/comments?post=4842"}],"wp:featuredmedia":[{"embeddable":true,"href":"https:\/\/www.lebens-qi.at\/qishop\/wp-json\/wp\/v2\/media\/6955"}],"wp:attachment":[{"href":"https:\/\/www.lebens-qi.at\/qishop\/wp-json\/wp\/v2\/media?parent=4842"}],"wp:term":[{"taxonomy":"pwb-brand","embeddable":true,"href":"https:\/\/www.lebens-qi.at\/qishop\/wp-json\/wp\/v2\/pwb-brand?post=4842"},{"taxonomy":"product_brand","embeddable":true,"href":"https:\/\/www.lebens-qi.at\/qishop\/wp-json\/wp\/v2\/product_brand?post=4842"},{"taxonomy":"product_cat","embeddable":true,"href":"https:\/\/www.lebens-qi.at\/qishop\/wp-json\/wp\/v2\/product_cat?post=4842"},{"taxonomy":"product_tag","embeddable":true,"href":"https:\/\/www.lebens-qi.at\/qishop\/wp-json\/wp\/v2\/product_tag?post=4842"}],"curies":[{"name":"wp","href":"https:\/\/api.w.org\/{rel}","templated":true}]}}