{"id":4848,"date":"2024-03-11T18:43:48","date_gmt":"2024-03-11T17:43:48","guid":{"rendered":"https:\/\/www.lebens-qi.at\/qishop\/produkt\/ueber-den-tod-und-das-leben-danach\/"},"modified":"2025-02-21T14:17:43","modified_gmt":"2025-02-21T13:17:43","slug":"ueber-den-tod-und-das-leben-danach","status":"publish","type":"product","link":"https:\/\/www.lebens-qi.at\/qishop\/produkt\/ueber-den-tod-und-das-leben-danach\/","title":{"rendered":"\u00dcber den Tod und das Leben danach"},"content":{"rendered":"<p><b>\u00dcber den Tod und das Leben danach<\/b><br \/>\n<em>von Elisabeth K\u00fcbler-Ross<\/em><\/p>\n<p><em>\u00bbIch glaube, es ist jetzt Zeit, dass die Leute wissen, dass der Tod gar nicht existiert, wenigstens nicht so, wie wir uns das vorstellen.\u00ab<\/em><\/p>\n<p>Die Schweizer \u00c4rztin Dr. Elisabeth K\u00fcbler-Ross wurde f\u00fcr ihre wissenschaftlichen Arbeiten von mehreren Universit\u00e4ten mit einem Ehrendoktortitel ausgezeichnet. Die Sterbeforschung hat durch ihre B\u00fccher an besonderer Aktualit\u00e4t gewonnen, wie auch in der Sterbehilfe durch ihre eindringlichen Appelle neue Akzente gesetzt wurden.<\/p>\n<p><em>\u00bbDer Tod ist ganz einfach das Heraustreten aus dem physischen K\u00f6rper, und zwar in gleicher Weise, wie ein Schmetterling aus seinem Kokon heraustritt.\u00ab<\/p>\n<p>\u00bbSterben ist nur ein Umziehen in ein sch\u00f6neres Haus.\u00ab<br \/>\n<\/em><\/p>\n<p><b>Autorenportrait<\/b><br \/>\nElisabeth K\u00fcbler-Ross, 1926 in der Schweiz geboren, studierte in Z\u00fcrich Medizin. Bevor sie in die USA auswanderte, war sie in der Schweiz als Land\u00e4rztin t\u00e4tig. In den Vereinigten Staaten arbeitete sie anfangs in einigen psychiatrischen Kliniken in New York, Denver und Chicago. Zeitweise ging sie einer Lehrt\u00e4tigkeit an einigen Universit\u00e4ten nach. In Virginia leitete sie ein Seminarzentrum mit dem Schwerpunktthema Leben und Sterben&#8220;. Auf der ganzen Welt hielt sie Workshops ab, um die Menschen wieder zu lehren, ihre Liebesf\u00e4higkeit zu entfalten. Ihre Arbeit und Hingabe galten in ihren letzten Lebensjahren besonders sterbenden Kindern und Aidskranken. Elisabeth K\u00fcbler-Ross, die im August 2004 verstarb, hat mit ihren Forschungen den Menschen Hoffnung gegeben, dass mit dem Tod &#8211; entgegen der &#8222;wissenschaftlichen&#8220; Meinung &#8211; ein neues, strahlenderes Leben beginnt, auf das wir uns alle freuen k\u00f6nnen.&#8220;<\/p>\n","protected":false},"excerpt":{"rendered":"<p>\u00bbSterben ist nur ein Umziehen in ein sch\u00f6neres Haus.\u00ab<\/p>\n","protected":false},"featured_media":6959,"comment_status":"open","ping_status":"closed","template":"","meta":{"_links_to":"","_links_to_target":""},"pwb-brand":[826],"product_brand":[],"product_cat":[817],"product_tag":[580,1385,550,516,514,1384],"class_list":{"0":"post-4848","1":"product","2":"type-product","3":"status-publish","4":"has-post-thumbnail","6":"pwb-brand-silberschnur-verlag","7":"product_cat-mysterien","8":"product_tag-buch","9":"product_tag-elisabeth-kuebler-ross","10":"product_tag-neubeginn","11":"product_tag-tod","12":"product_tag-trauer","13":"product_tag-trost","15":"first","16":"instock","17":"taxable","18":"shipping-taxable","19":"purchasable","20":"product-type-simple"},"blog_post_layout_featured_media_urls":{"thumbnail":["https:\/\/www.lebens-qi.at\/qishop\/wp-content\/uploads\/tod-leben-danach-9783898453653-X-150x150.jpg",150,150,true],"full":["https:\/\/www.lebens-qi.at\/qishop\/wp-content\/uploads\/tod-leben-danach-9783898453653-X.jpg",553,553,false]},"categories":["826"],"categories_names":{"826":{"name":"Silberschnur Verlag","link":"https:\/\/www.lebens-qi.at\/qishop\/brand\/silberschnur-verlag\/"}},"comments_number":"0","brands":[{"id":826,"name":"Silberschnur Verlag","slug":"silberschnur-verlag"}],"_links":{"self":[{"href":"https:\/\/www.lebens-qi.at\/qishop\/wp-json\/wp\/v2\/product\/4848","targetHints":{"allow":["GET"]}}],"collection":[{"href":"https:\/\/www.lebens-qi.at\/qishop\/wp-json\/wp\/v2\/product"}],"about":[{"href":"https:\/\/www.lebens-qi.at\/qishop\/wp-json\/wp\/v2\/types\/product"}],"replies":[{"embeddable":true,"href":"https:\/\/www.lebens-qi.at\/qishop\/wp-json\/wp\/v2\/comments?post=4848"}],"wp:featuredmedia":[{"embeddable":true,"href":"https:\/\/www.lebens-qi.at\/qishop\/wp-json\/wp\/v2\/media\/6959"}],"wp:attachment":[{"href":"https:\/\/www.lebens-qi.at\/qishop\/wp-json\/wp\/v2\/media?parent=4848"}],"wp:term":[{"taxonomy":"pwb-brand","embeddable":true,"href":"https:\/\/www.lebens-qi.at\/qishop\/wp-json\/wp\/v2\/pwb-brand?post=4848"},{"taxonomy":"product_brand","embeddable":true,"href":"https:\/\/www.lebens-qi.at\/qishop\/wp-json\/wp\/v2\/product_brand?post=4848"},{"taxonomy":"product_cat","embeddable":true,"href":"https:\/\/www.lebens-qi.at\/qishop\/wp-json\/wp\/v2\/product_cat?post=4848"},{"taxonomy":"product_tag","embeddable":true,"href":"https:\/\/www.lebens-qi.at\/qishop\/wp-json\/wp\/v2\/product_tag?post=4848"}],"curies":[{"name":"wp","href":"https:\/\/api.w.org\/{rel}","templated":true}]}}