{"id":4852,"date":"2024-03-11T18:43:51","date_gmt":"2024-03-11T17:43:51","guid":{"rendered":"https:\/\/www.lebens-qi.at\/qishop\/produkt\/die-pharma-falle\/"},"modified":"2024-12-11T11:36:48","modified_gmt":"2024-12-11T10:36:48","slug":"die-pharma-falle","status":"publish","type":"product","link":"https:\/\/www.lebens-qi.at\/qishop\/produkt\/die-pharma-falle\/","title":{"rendered":"Die Pharma-Falle"},"content":{"rendered":"<p><b>Die Pharma-Falle<br \/>\n<\/b>Wie uns die Pillen-Konzerne manipulieren<br \/>\n<em>von Fahmy Aboulenein<\/em><\/p>\n<p>Ein Arzt bekommt von einem Pharmariesen Geld fu\u0308r einen lobenden Artikel u\u0308ber ein neues Medikament und er braucht ihn nicht einmal selbst zu schreiben. Die PR-Leute des Pharmariesen schreiben den Text in seinem Namen gleich selbst. Das ist verdeckte Korruption und doch nur ein kleines von vielen Beispielen dafu\u0308r, wie die Pharmaindustrie unsere \u00c4rzte teils subtil und teils ganz offen manipuliert.<br \/>\nDr. Fahmy Aboulenein, Neurologe und MS-Spezialist, hat genug davon. Im Bewusstsein der Folgen, die das fu\u0308r ihn haben kann, wagt er den Schritt an die \u00d6ffentlichkeit und durchleuchtet die verfilzten Strukturen zwischen Pharmaindustrie und \u00c4rzteschaft, deren Opfer ahnungslose Patienten sind. Auch der 119. Deutsche \u00c4rztetag 2016 thematisiert diese Probleme.<\/p>\n<p><b>Doz. Dr. Fahmy Aboulenein<\/b> ist Facharzt fu\u0308r Neurologie am Wiener Sozialmedizinischen Zentrum Ost (Donauspital), Wissenschaftler und Spezialist fu\u0308r Multiple Sklerose (MS). Er lehrt an der Medizinischen Universit\u00e4t Wien und publiziert regelm\u00e4\u00dfig Forschungsergebnisse in wissenschaftlichen Journalen.<\/p>\n","protected":false},"excerpt":{"rendered":"<p>Wie uns die Pillen-Konzerne manipulieren<\/p>\n","protected":false},"featured_media":6952,"comment_status":"open","ping_status":"closed","template":"","meta":{"_links_to":"","_links_to_target":""},"pwb-brand":[827],"product_brand":[],"product_cat":[818],"product_tag":[1366,580,1361,1359,1363,1244,1365,1360,1362,1364,1367],"class_list":{"0":"post-4852","1":"product","2":"type-product","3":"status-publish","4":"has-post-thumbnail","6":"pwb-brand-edition-a","7":"product_cat-enthuellungen","8":"product_tag-aerzte","9":"product_tag-buch","10":"product_tag-enthuellung","11":"product_tag-fahmy-aboulenein","12":"product_tag-korruption","13":"product_tag-manipulation","14":"product_tag-medizin","15":"product_tag-pharma","16":"product_tag-pharmakonzerne","17":"product_tag-pharmazie","18":"product_tag-whistleblower","20":"first","21":"instock","22":"taxable","23":"shipping-taxable","24":"purchasable","25":"product-type-simple"},"blog_post_layout_featured_media_urls":{"thumbnail":["https:\/\/www.lebens-qi.at\/qishop\/wp-content\/uploads\/co_die-pharma-falle-buch-150x150.jpg",150,150,true],"full":["https:\/\/www.lebens-qi.at\/qishop\/wp-content\/uploads\/co_die-pharma-falle-buch.jpg",665,665,false]},"categories":["827"],"categories_names":{"827":{"name":"edition a","link":"https:\/\/www.lebens-qi.at\/qishop\/brand\/edition-a\/"}},"comments_number":"0","brands":[{"id":827,"name":"edition a","slug":"edition-a"}],"_links":{"self":[{"href":"https:\/\/www.lebens-qi.at\/qishop\/wp-json\/wp\/v2\/product\/4852","targetHints":{"allow":["GET"]}}],"collection":[{"href":"https:\/\/www.lebens-qi.at\/qishop\/wp-json\/wp\/v2\/product"}],"about":[{"href":"https:\/\/www.lebens-qi.at\/qishop\/wp-json\/wp\/v2\/types\/product"}],"replies":[{"embeddable":true,"href":"https:\/\/www.lebens-qi.at\/qishop\/wp-json\/wp\/v2\/comments?post=4852"}],"wp:featuredmedia":[{"embeddable":true,"href":"https:\/\/www.lebens-qi.at\/qishop\/wp-json\/wp\/v2\/media\/6952"}],"wp:attachment":[{"href":"https:\/\/www.lebens-qi.at\/qishop\/wp-json\/wp\/v2\/media?parent=4852"}],"wp:term":[{"taxonomy":"pwb-brand","embeddable":true,"href":"https:\/\/www.lebens-qi.at\/qishop\/wp-json\/wp\/v2\/pwb-brand?post=4852"},{"taxonomy":"product_brand","embeddable":true,"href":"https:\/\/www.lebens-qi.at\/qishop\/wp-json\/wp\/v2\/product_brand?post=4852"},{"taxonomy":"product_cat","embeddable":true,"href":"https:\/\/www.lebens-qi.at\/qishop\/wp-json\/wp\/v2\/product_cat?post=4852"},{"taxonomy":"product_tag","embeddable":true,"href":"https:\/\/www.lebens-qi.at\/qishop\/wp-json\/wp\/v2\/product_tag?post=4852"}],"curies":[{"name":"wp","href":"https:\/\/api.w.org\/{rel}","templated":true}]}}