{"id":4854,"date":"2024-03-11T18:43:52","date_gmt":"2024-03-11T17:43:52","guid":{"rendered":"https:\/\/www.lebens-qi.at\/qishop\/produkt\/magische-heilkunst\/"},"modified":"2024-12-12T14:12:05","modified_gmt":"2024-12-12T13:12:05","slug":"magische-heilkunst","status":"publish","type":"product","link":"https:\/\/www.lebens-qi.at\/qishop\/produkt\/magische-heilkunst\/","title":{"rendered":"Magische Heilkunst"},"content":{"rendered":"<p><b>Magische Heilkunst<\/b><br \/>\nDas uralte Wissen der Hexen und Heiler f\u00fcr Menschen von heute<br \/>\n<em>von Claire<br \/>\n<\/em><\/p>\n<p><strong>Die magische Hausapotheke<\/strong><\/p>\n<p>Die wohl umfassendste Sammlung magischer Methoden f\u00fcr alle, die bei Krankheit auf die Kraft heimischer Heilweisen setzen:<br \/>\nHexe Claire hat in jahrelanger Recherche das geheime Wissen der weisen Frauen, Heiler und Kr\u00e4uterkundigen gesammelt. Sie zeigt, wie man die \u00fcberlieferten Genesungsformeln, Heilpflanzen und magischen Steine f\u00fcr sich selbst und zum Wohle anderer einsetzen kann. Eine faszinierende Spurensuche nach den verborgenen Wurzeln europ\u00e4ischer Heilkunde \u2013 mit zahlreichen Rezepturen, Anwendungen und Symptom\u00fcbersicht von A bis Z.<\/p>\n","protected":false},"excerpt":{"rendered":"<p>Das uralte Wissen der Hexen und Heiler f\u00fcr Menschen von heute<\/p>\n","protected":false},"featured_media":6931,"comment_status":"open","ping_status":"closed","template":"","meta":{"_links_to":"","_links_to_target":""},"pwb-brand":[1208],"product_brand":[],"product_cat":[819],"product_tag":[580,1326,1333,1331,1332,870,1062,1328,1159,1334,1282,1329],"class_list":{"0":"post-4854","1":"product","2":"type-product","3":"status-publish","4":"has-post-thumbnail","6":"pwb-brand-heyne","7":"product_cat-magie-mythologie","8":"product_tag-buch","9":"product_tag-claire","10":"product_tag-hausapotheke","11":"product_tag-heilkunst","12":"product_tag-heilpflanzen","13":"product_tag-heilsteine","14":"product_tag-hexe","15":"product_tag-hexenkunst","16":"product_tag-magie","17":"product_tag-rezepte","18":"product_tag-taschenbuch","19":"product_tag-wicca","21":"first","22":"instock","23":"taxable","24":"shipping-taxable","25":"purchasable","26":"product-type-simple"},"blog_post_layout_featured_media_urls":{"thumbnail":["https:\/\/www.lebens-qi.at\/qishop\/wp-content\/uploads\/magische-heilkunst-9783453703315-X-150x150.jpg",150,150,true],"full":["https:\/\/www.lebens-qi.at\/qishop\/wp-content\/uploads\/magische-heilkunst-9783453703315-X.jpg",648,648,false]},"categories":["1208"],"categories_names":{"1208":{"name":"Heyne","link":"https:\/\/www.lebens-qi.at\/qishop\/brand\/heyne\/"}},"comments_number":"0","brands":[{"id":1208,"name":"Heyne","slug":"heyne"}],"_links":{"self":[{"href":"https:\/\/www.lebens-qi.at\/qishop\/wp-json\/wp\/v2\/product\/4854","targetHints":{"allow":["GET"]}}],"collection":[{"href":"https:\/\/www.lebens-qi.at\/qishop\/wp-json\/wp\/v2\/product"}],"about":[{"href":"https:\/\/www.lebens-qi.at\/qishop\/wp-json\/wp\/v2\/types\/product"}],"replies":[{"embeddable":true,"href":"https:\/\/www.lebens-qi.at\/qishop\/wp-json\/wp\/v2\/comments?post=4854"}],"wp:featuredmedia":[{"embeddable":true,"href":"https:\/\/www.lebens-qi.at\/qishop\/wp-json\/wp\/v2\/media\/6931"}],"wp:attachment":[{"href":"https:\/\/www.lebens-qi.at\/qishop\/wp-json\/wp\/v2\/media?parent=4854"}],"wp:term":[{"taxonomy":"pwb-brand","embeddable":true,"href":"https:\/\/www.lebens-qi.at\/qishop\/wp-json\/wp\/v2\/pwb-brand?post=4854"},{"taxonomy":"product_brand","embeddable":true,"href":"https:\/\/www.lebens-qi.at\/qishop\/wp-json\/wp\/v2\/product_brand?post=4854"},{"taxonomy":"product_cat","embeddable":true,"href":"https:\/\/www.lebens-qi.at\/qishop\/wp-json\/wp\/v2\/product_cat?post=4854"},{"taxonomy":"product_tag","embeddable":true,"href":"https:\/\/www.lebens-qi.at\/qishop\/wp-json\/wp\/v2\/product_tag?post=4854"}],"curies":[{"name":"wp","href":"https:\/\/api.w.org\/{rel}","templated":true}]}}