{"id":4868,"date":"2024-03-11T18:44:03","date_gmt":"2024-03-11T17:44:03","guid":{"rendered":"https:\/\/www.lebens-qi.at\/qishop\/produkt\/runenrituale\/"},"modified":"2025-02-10T16:20:30","modified_gmt":"2025-02-10T15:20:30","slug":"runenrituale","status":"publish","type":"product","link":"https:\/\/www.lebens-qi.at\/qishop\/produkt\/runenrituale\/","title":{"rendered":"Runenrituale"},"content":{"rendered":"<p><b>Runenrituale <\/b><br \/>\nf\u00fcr die allt\u00e4gliche Praxis<br \/>\n<em>von Antara Reimann<\/em><\/p>\n<p>Die Runen des \u00bb\u00c4lteren Futharks\u00ab sind kraftvolle Impulsgeber und magische Geheimnistr\u00e4ger, die sich seit Jahrhunderten im Orakel f\u00fcr die Gestaltung des Lebensweges bew\u00e4hrt haben. Wenn wir ihre Energien im Herzen verinnerlichen, sind wir in der Lage, dieses traditionelle Wissen aktiv f\u00fcr uns zu nutzen, zum Beispiel \u2026<\/p>\n<p>Z ALGIZ f\u00fcr Schutz und klare Grenzen,<br \/>\nN NAUDHIZ f\u00fcr notwendige Ver\u00e4nderungen oder<br \/>\nW WUNJO f\u00fcr Leichtigkeit und Lebensfreude.<\/p>\n<p>Wie uns das konkret gelingt, zeigt Runenexpertin Antara Reimann mit praktischen Ritualen, einfachen \u00dcbungen und wertvollen Hinweisen.<br \/>\n<b>So k\u00f6nnen wir die Kr\u00e4fte der Runen ersp\u00fcren und selbstbestimmt f\u00fcr unser Lebensgl\u00fcck einsetzen. Jederzeit.<\/b><\/p>\n","protected":false},"excerpt":{"rendered":"<p>f\u00fcr die allt\u00e4gliche Praxis<\/p>\n","protected":false},"featured_media":6933,"comment_status":"open","ping_status":"closed","template":"","meta":{"_links_to":"","_links_to_target":""},"pwb-brand":[814],"product_brand":[],"product_cat":[819],"product_tag":[1335,580,1336,863,1210,869],"class_list":{"0":"post-4868","1":"product","2":"type-product","3":"status-publish","4":"has-post-thumbnail","6":"pwb-brand-schirner-verlag","7":"product_cat-magie-mythologie","8":"product_tag-antara-reimann","9":"product_tag-buch","10":"product_tag-futhark","11":"product_tag-orakel","12":"product_tag-rituale","13":"product_tag-runen","15":"first","16":"instock","17":"taxable","18":"shipping-taxable","19":"purchasable","20":"product-type-simple"},"blog_post_layout_featured_media_urls":{"thumbnail":["https:\/\/www.lebens-qi.at\/qishop\/wp-content\/uploads\/runenrituale-9783843413565-X-150x150.jpg",150,150,true],"full":["https:\/\/www.lebens-qi.at\/qishop\/wp-content\/uploads\/runenrituale-9783843413565-X.jpg",648,648,false]},"categories":["814"],"categories_names":{"814":{"name":"Schirner Verlag","link":"https:\/\/www.lebens-qi.at\/qishop\/brand\/schirner-verlag\/"}},"comments_number":"0","brands":[{"id":814,"name":"Schirner Verlag","slug":"schirner-verlag"}],"_links":{"self":[{"href":"https:\/\/www.lebens-qi.at\/qishop\/wp-json\/wp\/v2\/product\/4868","targetHints":{"allow":["GET"]}}],"collection":[{"href":"https:\/\/www.lebens-qi.at\/qishop\/wp-json\/wp\/v2\/product"}],"about":[{"href":"https:\/\/www.lebens-qi.at\/qishop\/wp-json\/wp\/v2\/types\/product"}],"replies":[{"embeddable":true,"href":"https:\/\/www.lebens-qi.at\/qishop\/wp-json\/wp\/v2\/comments?post=4868"}],"wp:featuredmedia":[{"embeddable":true,"href":"https:\/\/www.lebens-qi.at\/qishop\/wp-json\/wp\/v2\/media\/6933"}],"wp:attachment":[{"href":"https:\/\/www.lebens-qi.at\/qishop\/wp-json\/wp\/v2\/media?parent=4868"}],"wp:term":[{"taxonomy":"pwb-brand","embeddable":true,"href":"https:\/\/www.lebens-qi.at\/qishop\/wp-json\/wp\/v2\/pwb-brand?post=4868"},{"taxonomy":"product_brand","embeddable":true,"href":"https:\/\/www.lebens-qi.at\/qishop\/wp-json\/wp\/v2\/product_brand?post=4868"},{"taxonomy":"product_cat","embeddable":true,"href":"https:\/\/www.lebens-qi.at\/qishop\/wp-json\/wp\/v2\/product_cat?post=4868"},{"taxonomy":"product_tag","embeddable":true,"href":"https:\/\/www.lebens-qi.at\/qishop\/wp-json\/wp\/v2\/product_tag?post=4868"}],"curies":[{"name":"wp","href":"https:\/\/api.w.org\/{rel}","templated":true}]}}