{"id":4905,"date":"2024-03-11T23:15:04","date_gmt":"2024-03-11T22:15:04","guid":{"rendered":"https:\/\/www.lebens-qi.at\/qishop\/produkt\/das-seelenpartner-orakel-karten-set\/"},"modified":"2025-08-26T15:25:55","modified_gmt":"2025-08-26T13:25:55","slug":"das-seelenpartner-orakel-karten-set","status":"publish","type":"product","link":"https:\/\/www.lebens-qi.at\/qishop\/produkt\/das-seelenpartner-orakel-karten-set\/","title":{"rendered":"Das Seelenpartner-Orakel &#8211; Karten-Set"},"content":{"rendered":"<p><b>Kartenset: Das Seelenpartner-Orakel<br \/>\n<\/b>Kartendeck<br \/>\n<em>von Angela Hartfield und Josephine Wall<\/em><\/p>\n<p>Die Suche nach dem idealen Seelenpartner&#8220; oder der &#8222;Dualseele&#8220; ist so alt wie die Menschheit. Und doch ist sie in jedem Zeitalter wieder neu, einzigartig und voller Zauber. Um diesem Zauber der Liebe spielerisch auf die Spur zu kommen, haben Hartfield und Wall ihr wundersch\u00f6nes &#8222;Seelenpartner-Orakel&#8220; entworfen. Es enth\u00e4lt Botschaften und Hinweise voller Poesie und Z\u00e4rtlichkeit, die feinsinnige Inspirationen schenken, um dem oder der Geliebten den entscheidenden Schritt n\u00e4herzukommen. Ein Kartendeck f\u00fcr Liebende, f\u00fcr Suchende oder f\u00fcr Unsichere, das Hilfe und Anregung schenkt, um mit dem wahren Seelenpartner gl\u00fccklich zu werden!<\/p>\n<p>50 Karten mit Anleitungsbuch<\/p>\n","protected":false},"excerpt":{"rendered":"<p>Botschaften und Hinweise voller Poesie und Z\u00e4rtlichkeit<\/p>\n","protected":false},"featured_media":7946,"comment_status":"open","ping_status":"closed","template":"","meta":{"_links_to":"","_links_to_target":""},"pwb-brand":[810],"product_brand":[],"product_cat":[862],"product_tag":[865,667,174,863,864],"class_list":{"0":"post-4905","1":"product","2":"type-product","3":"status-publish","4":"has-post-thumbnail","6":"pwb-brand-aquamarin-verlag","7":"product_cat-impulskarten","8":"product_tag-josephine-wall","9":"product_tag-kartendeck","10":"product_tag-liebe","11":"product_tag-orakel","12":"product_tag-seelenpartner","14":"first","15":"instock","16":"taxable","17":"shipping-taxable","18":"purchasable","19":"product-type-simple"},"blog_post_layout_featured_media_urls":{"thumbnail":["https:\/\/www.lebens-qi.at\/qishop\/wp-content\/uploads\/9783894276300-X-seelenpartner-orakel-150x150.jpg",150,150,true],"full":["https:\/\/www.lebens-qi.at\/qishop\/wp-content\/uploads\/9783894276300-X-seelenpartner-orakel.jpg",648,648,false]},"categories":["810"],"categories_names":{"810":{"name":"Aquamarin Verlag","link":"https:\/\/www.lebens-qi.at\/qishop\/brand\/aquamarin-verlag\/"}},"comments_number":"0","brands":[{"id":810,"name":"Aquamarin Verlag","slug":"aquamarin-verlag"}],"_links":{"self":[{"href":"https:\/\/www.lebens-qi.at\/qishop\/wp-json\/wp\/v2\/product\/4905","targetHints":{"allow":["GET"]}}],"collection":[{"href":"https:\/\/www.lebens-qi.at\/qishop\/wp-json\/wp\/v2\/product"}],"about":[{"href":"https:\/\/www.lebens-qi.at\/qishop\/wp-json\/wp\/v2\/types\/product"}],"replies":[{"embeddable":true,"href":"https:\/\/www.lebens-qi.at\/qishop\/wp-json\/wp\/v2\/comments?post=4905"}],"wp:featuredmedia":[{"embeddable":true,"href":"https:\/\/www.lebens-qi.at\/qishop\/wp-json\/wp\/v2\/media\/7946"}],"wp:attachment":[{"href":"https:\/\/www.lebens-qi.at\/qishop\/wp-json\/wp\/v2\/media?parent=4905"}],"wp:term":[{"taxonomy":"pwb-brand","embeddable":true,"href":"https:\/\/www.lebens-qi.at\/qishop\/wp-json\/wp\/v2\/pwb-brand?post=4905"},{"taxonomy":"product_brand","embeddable":true,"href":"https:\/\/www.lebens-qi.at\/qishop\/wp-json\/wp\/v2\/product_brand?post=4905"},{"taxonomy":"product_cat","embeddable":true,"href":"https:\/\/www.lebens-qi.at\/qishop\/wp-json\/wp\/v2\/product_cat?post=4905"},{"taxonomy":"product_tag","embeddable":true,"href":"https:\/\/www.lebens-qi.at\/qishop\/wp-json\/wp\/v2\/product_tag?post=4905"}],"curies":[{"name":"wp","href":"https:\/\/api.w.org\/{rel}","templated":true}]}}