{"id":4907,"date":"2024-03-11T23:15:06","date_gmt":"2024-03-11T22:15:06","guid":{"rendered":"https:\/\/www.lebens-qi.at\/qishop\/produkt\/finde-deinen-wahren-weg-karten-set\/"},"modified":"2025-07-24T15:59:45","modified_gmt":"2025-07-24T13:59:45","slug":"finde-deinen-wahren-weg-karten-set","status":"publish","type":"product","link":"https:\/\/www.lebens-qi.at\/qishop\/produkt\/finde-deinen-wahren-weg-karten-set\/","title":{"rendered":"Finde deinen wahren Weg &#8211; Karten-Set"},"content":{"rendered":"<p><b>Kartenset: Finde deinen wahren Weg<br \/>\n<\/b>78 Weisheitskarten mit Anleitungsbuch<br \/>\n<em>von Colette Baron-Reid<\/em><\/p>\n<p><b>Das neue Kartendeck der Autorin des Weltbestsellers &#8222;Weisheitskarten der Seele &#8211; The Map&#8220; <\/b><br \/>\nDie Bestsellerautorin und charismatische Lebenslehrerin Colette Baron-Reid bietet in ihrem neuen Kartendeck Entscheidungshilfen f\u00fcr Menschen, die sich mit pers\u00f6nlichem Wachstum besch\u00e4ftigen. Wer sich am Scheideweg befindet, Best\u00e4tigung, oder Orientierungshilfe sucht \u2013 die 78 Karten unterst\u00fctzen ihn bei allen Lebensfragen.<\/p>\n<p>Die Weisheitskarten basieren auf dem System des Tarot, sind jedoch in der modernen Psychologie verwurzelt und auf die Bed\u00fcrfnisse heutiger Menschen angepasst. Die Karten stellen die archetypischen Aspekte der menschlichen Erfahrung dar und sind nach den vier Elementen aufgeteilt. Die Erkl\u00e4rungen und Deutungen der Karten kann man im ausf\u00fchrlichen Anleitungsbuch nachlesen. Durch positive Impulse kann jeder den richtigen Weg finden und neue Chancen f\u00fcr sich entdecken.<\/p>\n<p><em>\u201eJeder will F\u00fchrung in Zeiten der Ungewissheit, ein Licht, das im Dunkeln leuchtet.\u201c <\/em>Colette Baron-Reid<\/p>\n<p>78 Karten mit Anleitungsbuch<\/p>\n","protected":false},"excerpt":{"rendered":"<p>78 Weisheitskarten mit Anleitungsbuch<\/p>\n","protected":false},"featured_media":7945,"comment_status":"open","ping_status":"closed","template":"","meta":{"_links_to":"","_links_to_target":""},"pwb-brand":[885],"product_brand":[],"product_cat":[862],"product_tag":[867,866,872,667,1632,863],"class_list":{"0":"post-4907","1":"product","2":"type-product","3":"status-publish","4":"has-post-thumbnail","6":"pwb-brand-knaur-menssana","7":"product_cat-impulskarten","8":"product_tag-colette-baron-reid","9":"product_tag-entscheidungshilfe","10":"product_tag-impulse","11":"product_tag-kartendeck","12":"product_tag-lebensfragen","13":"product_tag-orakel","15":"first","16":"instock","17":"taxable","18":"shipping-taxable","19":"purchasable","20":"product-type-simple"},"blog_post_layout_featured_media_urls":{"thumbnail":["https:\/\/www.lebens-qi.at\/qishop\/wp-content\/uploads\/finde-deinen-wahren-weg-1-150x150.jpg",150,150,true],"full":["https:\/\/www.lebens-qi.at\/qishop\/wp-content\/uploads\/finde-deinen-wahren-weg-1.jpg",418,418,false]},"categories":["885"],"categories_names":{"885":{"name":"Knaur Menssana","link":"https:\/\/www.lebens-qi.at\/qishop\/brand\/knaur-menssana\/"}},"comments_number":"0","brands":[{"id":885,"name":"Knaur Menssana","slug":"knaur-menssana"}],"_links":{"self":[{"href":"https:\/\/www.lebens-qi.at\/qishop\/wp-json\/wp\/v2\/product\/4907","targetHints":{"allow":["GET"]}}],"collection":[{"href":"https:\/\/www.lebens-qi.at\/qishop\/wp-json\/wp\/v2\/product"}],"about":[{"href":"https:\/\/www.lebens-qi.at\/qishop\/wp-json\/wp\/v2\/types\/product"}],"replies":[{"embeddable":true,"href":"https:\/\/www.lebens-qi.at\/qishop\/wp-json\/wp\/v2\/comments?post=4907"}],"wp:featuredmedia":[{"embeddable":true,"href":"https:\/\/www.lebens-qi.at\/qishop\/wp-json\/wp\/v2\/media\/7945"}],"wp:attachment":[{"href":"https:\/\/www.lebens-qi.at\/qishop\/wp-json\/wp\/v2\/media?parent=4907"}],"wp:term":[{"taxonomy":"pwb-brand","embeddable":true,"href":"https:\/\/www.lebens-qi.at\/qishop\/wp-json\/wp\/v2\/pwb-brand?post=4907"},{"taxonomy":"product_brand","embeddable":true,"href":"https:\/\/www.lebens-qi.at\/qishop\/wp-json\/wp\/v2\/product_brand?post=4907"},{"taxonomy":"product_cat","embeddable":true,"href":"https:\/\/www.lebens-qi.at\/qishop\/wp-json\/wp\/v2\/product_cat?post=4907"},{"taxonomy":"product_tag","embeddable":true,"href":"https:\/\/www.lebens-qi.at\/qishop\/wp-json\/wp\/v2\/product_tag?post=4907"}],"curies":[{"name":"wp","href":"https:\/\/api.w.org\/{rel}","templated":true}]}}