{"id":4933,"date":"2024-03-11T23:15:31","date_gmt":"2024-03-11T22:15:31","guid":{"rendered":"https:\/\/www.lebens-qi.at\/qishop\/produkt\/die-magie-der-goettinnen-karten-set\/"},"modified":"2026-04-07T11:04:38","modified_gmt":"2026-04-07T09:04:38","slug":"die-magie-der-goettinnen-karten-set","status":"publish","type":"product","link":"https:\/\/www.lebens-qi.at\/qishop\/produkt\/die-magie-der-goettinnen-karten-set\/","title":{"rendered":"Die Magie der G\u00f6ttinnen &#8211; Karten-Set"},"content":{"rendered":"<p><b>Kartenset: Die Magie der G\u00f6ttinnen<\/b><br \/>\n44 Orakelkarten mit Botschaften und Anleitungen<br \/>\n<em>von Deike Behringer<\/em><\/p>\n<p><b>Kraftvoll, stark, weiblich und magisch: <\/b>Dieses einzigartige Kartendeck zeigt 44 G\u00f6ttinnen aus unterschiedlichsten Kulturen, Mythen und Religionen, die dich inspirieren, empowern und in deine weibliche Kraft bringen k\u00f6nnen. Die wundersch\u00f6nen G\u00f6ttinnen werden repr\u00e4sentiert durch spirituelle Frauen, die ihre Suche nach Ganzheit als Lebensweg gew\u00e4hlt haben.<\/p>\n<p>Fotografin und Autorin Deike Behringer, bekannt als Mindset Coach Deilexa, hat in dem spirituellen Kraftort Tulum, Mexiko, diese magischen Bilder der Frauen geschaffen. Ihr kunstvolles Art Work l\u00e4sst die modernen G\u00f6ttinnen in einem mystischen Licht erscheinen. Im Booklet beschreibt sie ausf\u00fchrlich die jeweilige Geschichte der einzelnen G\u00f6ttinnen, ihre Botschaften f\u00fcr dich, die Verbindungen zur jeweiligen Kartentr\u00e4gerin sowie kleine magische Rituale.<\/p>\n<p><b>44 G\u00f6ttinnen mit ihren spirituellen Botschaften<br \/>\n<\/b>&#8211; Kraftvolle, inspirierende Bilder der Frauen, die die Verbindung zu den G\u00f6ttinnen herstellen<br \/>\n&#8211; Viele der Frauen sind bekannte spirituelle Influencerinnen und arbeiten als Coaches<br \/>\n&#8211; Aufgenommen in dem spirituellen Kraftort Tulum in Mexiko<\/p>\n<p>Inhalt: 44 Orakelkarten mit Botschaften und Anleitungen.<\/p>\n","protected":false},"excerpt":{"rendered":"<p>44 Orakelkarten mit Botschaften und Anleitungen<\/p>\n","protected":false},"featured_media":4932,"comment_status":"open","ping_status":"closed","template":"","meta":{"_links_to":"","_links_to_target":""},"pwb-brand":[828],"product_brand":[],"product_cat":[3168,862],"product_tag":[511,667,863],"class_list":{"0":"post-4933","1":"product","2":"type-product","3":"status-publish","4":"has-post-thumbnail","6":"pwb-brand-koenigsfurt-urania","7":"product_cat-fuer-goettinnen-weibliche-kraft","8":"product_cat-impulskarten","9":"product_tag-goettin","10":"product_tag-kartendeck","11":"product_tag-orakel","13":"first","14":"instock","15":"taxable","16":"shipping-taxable","17":"purchasable","18":"product-type-simple"},"blog_post_layout_featured_media_urls":{"thumbnail":["https:\/\/www.lebens-qi.at\/qishop\/wp-content\/uploads\/magie-der-goettinnen-150x150.jpg",150,150,true],"full":["https:\/\/www.lebens-qi.at\/qishop\/wp-content\/uploads\/magie-der-goettinnen.jpg",480,529,false]},"categories":["828"],"categories_names":{"828":{"name":"K\u00f6nigsfurt Urania","link":"https:\/\/www.lebens-qi.at\/qishop\/brand\/koenigsfurt-urania\/"}},"comments_number":"0","brands":[{"id":828,"name":"K\u00f6nigsfurt Urania","slug":"koenigsfurt-urania"}],"_links":{"self":[{"href":"https:\/\/www.lebens-qi.at\/qishop\/wp-json\/wp\/v2\/product\/4933","targetHints":{"allow":["GET"]}}],"collection":[{"href":"https:\/\/www.lebens-qi.at\/qishop\/wp-json\/wp\/v2\/product"}],"about":[{"href":"https:\/\/www.lebens-qi.at\/qishop\/wp-json\/wp\/v2\/types\/product"}],"replies":[{"embeddable":true,"href":"https:\/\/www.lebens-qi.at\/qishop\/wp-json\/wp\/v2\/comments?post=4933"}],"wp:featuredmedia":[{"embeddable":true,"href":"https:\/\/www.lebens-qi.at\/qishop\/wp-json\/wp\/v2\/media\/4932"}],"wp:attachment":[{"href":"https:\/\/www.lebens-qi.at\/qishop\/wp-json\/wp\/v2\/media?parent=4933"}],"wp:term":[{"taxonomy":"pwb-brand","embeddable":true,"href":"https:\/\/www.lebens-qi.at\/qishop\/wp-json\/wp\/v2\/pwb-brand?post=4933"},{"taxonomy":"product_brand","embeddable":true,"href":"https:\/\/www.lebens-qi.at\/qishop\/wp-json\/wp\/v2\/product_brand?post=4933"},{"taxonomy":"product_cat","embeddable":true,"href":"https:\/\/www.lebens-qi.at\/qishop\/wp-json\/wp\/v2\/product_cat?post=4933"},{"taxonomy":"product_tag","embeddable":true,"href":"https:\/\/www.lebens-qi.at\/qishop\/wp-json\/wp\/v2\/product_tag?post=4933"}],"curies":[{"name":"wp","href":"https:\/\/api.w.org\/{rel}","templated":true}]}}