{"id":4945,"date":"2024-03-11T23:15:39","date_gmt":"2024-03-11T22:15:39","guid":{"rendered":"https:\/\/www.lebens-qi.at\/qishop\/produkt\/starseeds-das-kartenset-der-sternenvoelker-karten\/"},"modified":"2024-12-10T11:24:11","modified_gmt":"2024-12-10T10:24:11","slug":"starseeds-das-kartenset-der-sternenvoelker-karten","status":"publish","type":"product","link":"https:\/\/www.lebens-qi.at\/qishop\/produkt\/starseeds-das-kartenset-der-sternenvoelker-karten\/","title":{"rendered":"Starseeds &#8211; Das Kartenset der Sternenv\u00f6lker &#8211; Karten"},"content":{"rendered":"<p><b>Karten: Starseeds &#8211; Das Kartenset der Sternenv\u00f6lker<\/b><br \/>\n44 Energiekarten mit Praxisbuch (208 Seiten)<br \/>\n<em>von Birgit Fischer<\/em><\/p>\n<p><b> Sich mit den kosmischen Energien der Sternenv\u00f6lker verbinden und mehr \u00fcber die eigene Bestimmung und das kollektive Schicksal der Menschheit erfahren &#8211; das Kartenset der Bestsellerautorin Birgit Fischer er\u00f6ffnet einen intuitiven Zugang zu au\u00dferirdischen Intelligenzen und deren universalen Kr\u00e4ften.<\/b><br \/>\nDie 44 zauberhaft gestalteten Karten schenken wertvolle Einblicke in die eigene Pers\u00f6nlichkeit und unsere verborgenen Potenziale und zeigen dabei ganzheitlich-energetische L\u00f6sungsm\u00f6glichkeiten unserer Probleme auf.<br \/>\nOb als Tagesimpuls, himmlische Botschaft oder zur heilenden Aktivierung: Mit einfachen Legetechniken geben die beeindruckenden Starseeds-Karten hilfreiche Antworten auf unsere zentralen Lebensfragen.<br \/>\nAuf jeder Karte ist ein Wesen eines weisen Sternenvolks abgebildet. im Praxisbuch erf\u00e4hrt man, wie man die einzelnen Karten deuten und mit ihnen arbeiten kann. Ein einzigartiger Weg, um sich mit der transfomierenden Kraft der Sternenv\u00f6lker zu verbinden &#8211; ein wundervolles Geschenk an sich selbst oder einen lieben Menschen.<\/p>\n<p>\u2022 Starseeds &#8211; das Kartenset!<br \/>\n\u2022 Intuitiv Zugang zu den kraftvollen Heilcodes und transformierenden Energien der galaktischen Intelligenzen finden<br \/>\n\u2022 Die magischen Karten entf\u00fchren in eine kosmische Welt von Heilung und Wissen<\/p>\n<p>44 Karten mit Anleitungsbuch von 208 Seiten<\/p>\n","protected":false},"excerpt":{"rendered":"<p>44 Energiekarten mit Praxisbuch<\/p>\n","protected":false},"featured_media":7923,"comment_status":"open","ping_status":"closed","template":"","meta":{"_links_to":"","_links_to_target":""},"pwb-brand":[897],"product_brand":[],"product_cat":[862],"product_tag":[878,667,863,877],"class_list":{"0":"post-4945","1":"product","2":"type-product","3":"status-publish","4":"has-post-thumbnail","6":"pwb-brand-ansata","7":"product_cat-impulskarten","8":"product_tag-birgit-fischer","9":"product_tag-kartendeck","10":"product_tag-orakel","11":"product_tag-starseeds","13":"first","14":"instock","15":"taxable","16":"shipping-taxable","17":"purchasable","18":"product-type-simple"},"blog_post_layout_featured_media_urls":{"thumbnail":["https:\/\/www.lebens-qi.at\/qishop\/wp-content\/uploads\/starseeds-kartenset-qu-150x150.jpg",150,150,true],"full":["https:\/\/www.lebens-qi.at\/qishop\/wp-content\/uploads\/starseeds-kartenset-qu.jpg",450,450,false]},"categories":["897"],"categories_names":{"897":{"name":"Ansata","link":"https:\/\/www.lebens-qi.at\/qishop\/brand\/ansata\/"}},"comments_number":"0","brands":[{"id":897,"name":"Ansata","slug":"ansata"}],"_links":{"self":[{"href":"https:\/\/www.lebens-qi.at\/qishop\/wp-json\/wp\/v2\/product\/4945","targetHints":{"allow":["GET"]}}],"collection":[{"href":"https:\/\/www.lebens-qi.at\/qishop\/wp-json\/wp\/v2\/product"}],"about":[{"href":"https:\/\/www.lebens-qi.at\/qishop\/wp-json\/wp\/v2\/types\/product"}],"replies":[{"embeddable":true,"href":"https:\/\/www.lebens-qi.at\/qishop\/wp-json\/wp\/v2\/comments?post=4945"}],"wp:featuredmedia":[{"embeddable":true,"href":"https:\/\/www.lebens-qi.at\/qishop\/wp-json\/wp\/v2\/media\/7923"}],"wp:attachment":[{"href":"https:\/\/www.lebens-qi.at\/qishop\/wp-json\/wp\/v2\/media?parent=4945"}],"wp:term":[{"taxonomy":"pwb-brand","embeddable":true,"href":"https:\/\/www.lebens-qi.at\/qishop\/wp-json\/wp\/v2\/pwb-brand?post=4945"},{"taxonomy":"product_brand","embeddable":true,"href":"https:\/\/www.lebens-qi.at\/qishop\/wp-json\/wp\/v2\/product_brand?post=4945"},{"taxonomy":"product_cat","embeddable":true,"href":"https:\/\/www.lebens-qi.at\/qishop\/wp-json\/wp\/v2\/product_cat?post=4945"},{"taxonomy":"product_tag","embeddable":true,"href":"https:\/\/www.lebens-qi.at\/qishop\/wp-json\/wp\/v2\/product_tag?post=4945"}],"curies":[{"name":"wp","href":"https:\/\/api.w.org\/{rel}","templated":true}]}}