{"id":4959,"date":"2024-03-11T23:15:47","date_gmt":"2024-03-11T22:15:47","guid":{"rendered":"https:\/\/www.lebens-qi.at\/qishop\/produkt\/erzengel-weisheits-orakel-karten\/"},"modified":"2024-12-10T11:24:11","modified_gmt":"2024-12-10T10:24:11","slug":"erzengel-weisheits-orakel-karten","status":"publish","type":"product","link":"https:\/\/www.lebens-qi.at\/qishop\/produkt\/erzengel-weisheits-orakel-karten\/","title":{"rendered":"Erzengel &#8211; Weisheits-Orakel &#8211; Karten"},"content":{"rendered":"<p><b>Karten: Erzengel &#8211; Weisheits-Orakel<\/b><br \/>\n44 Engelkarten &amp; Anleitungsbuch mit 156 Seiten<br \/>\n<em>von Diana Cooper<b><\/b><\/em><\/p>\n<p>Die inspirierenden Engelkarten von Bestsellerautorin Diana Cooper:<br \/>\n44 wundersch\u00f6n gestaltete Karten verbinden uns mit der machtvollen Energie unserer himmlischen Begleiter. Diese warten nur darauf, uns Menschen auf unserem Lebensweg mit Rat und Hilfe, Heilung, Schutz und Liebe zur Seite zu stehen. Jede Karte stellt einen Erzengel, Engel oder Seraphim vor, der uns die Hand reicht, um uns zu unterst\u00fctzen, zu st\u00e4rken und unsere Lebensfragen zu beantworten. In dem beiliegenden Begleitbuch erhalten wir wertvolle Informationen \u00fcber die verschiedenen Eigenschaften der Engel und wie wir ihre liebevolle Kraft in unser Leben holen k\u00f6nnen.<\/p>\n<p>Mit 44 Karten (Format: 100 x 140 mm) und 156-seitigem Buch<\/p>\n","protected":false},"excerpt":{"rendered":"<p>44 Engelkarten &amp; Anleitungsbuch<\/p>\n","protected":false},"featured_media":8521,"comment_status":"open","ping_status":"closed","template":"","meta":{"_links_to":"","_links_to_target":""},"pwb-brand":[897],"product_brand":[],"product_cat":[952,879],"product_tag":[873,884,545,204,667,863],"class_list":{"0":"post-4959","1":"product","2":"type-product","3":"status-publish","4":"has-post-thumbnail","6":"pwb-brand-ansata","7":"product_cat-engelbuecher-kartendecks","8":"product_cat-engelkarten","9":"product_tag-botschaften","10":"product_tag-diana-cooper","11":"product_tag-engel","12":"product_tag-erzengel","13":"product_tag-kartendeck","14":"product_tag-orakel","16":"first","17":"instock","18":"taxable","19":"shipping-taxable","20":"purchasable","21":"product-type-simple"},"blog_post_layout_featured_media_urls":{"thumbnail":["https:\/\/www.lebens-qi.at\/qishop\/wp-content\/uploads\/4250939400075-erzengel-150x150.jpg",150,150,true],"full":["https:\/\/www.lebens-qi.at\/qishop\/wp-content\/uploads\/4250939400075-erzengel.jpg",537,537,false]},"categories":["897"],"categories_names":{"897":{"name":"Ansata","link":"https:\/\/www.lebens-qi.at\/qishop\/brand\/ansata\/"}},"comments_number":"0","brands":[{"id":897,"name":"Ansata","slug":"ansata"}],"_links":{"self":[{"href":"https:\/\/www.lebens-qi.at\/qishop\/wp-json\/wp\/v2\/product\/4959","targetHints":{"allow":["GET"]}}],"collection":[{"href":"https:\/\/www.lebens-qi.at\/qishop\/wp-json\/wp\/v2\/product"}],"about":[{"href":"https:\/\/www.lebens-qi.at\/qishop\/wp-json\/wp\/v2\/types\/product"}],"replies":[{"embeddable":true,"href":"https:\/\/www.lebens-qi.at\/qishop\/wp-json\/wp\/v2\/comments?post=4959"}],"wp:featuredmedia":[{"embeddable":true,"href":"https:\/\/www.lebens-qi.at\/qishop\/wp-json\/wp\/v2\/media\/8521"}],"wp:attachment":[{"href":"https:\/\/www.lebens-qi.at\/qishop\/wp-json\/wp\/v2\/media?parent=4959"}],"wp:term":[{"taxonomy":"pwb-brand","embeddable":true,"href":"https:\/\/www.lebens-qi.at\/qishop\/wp-json\/wp\/v2\/pwb-brand?post=4959"},{"taxonomy":"product_brand","embeddable":true,"href":"https:\/\/www.lebens-qi.at\/qishop\/wp-json\/wp\/v2\/product_brand?post=4959"},{"taxonomy":"product_cat","embeddable":true,"href":"https:\/\/www.lebens-qi.at\/qishop\/wp-json\/wp\/v2\/product_cat?post=4959"},{"taxonomy":"product_tag","embeddable":true,"href":"https:\/\/www.lebens-qi.at\/qishop\/wp-json\/wp\/v2\/product_tag?post=4959"}],"curies":[{"name":"wp","href":"https:\/\/api.w.org\/{rel}","templated":true}]}}