{"id":4965,"date":"2024-03-11T23:15:56","date_gmt":"2024-03-11T22:15:56","guid":{"rendered":"https:\/\/www.lebens-qi.at\/qishop\/produkt\/das-orakel-der-seraphim-karten-set\/"},"modified":"2025-02-10T16:20:23","modified_gmt":"2025-02-10T15:20:23","slug":"das-orakel-der-seraphim-karten-set","status":"publish","type":"product","link":"https:\/\/www.lebens-qi.at\/qishop\/produkt\/das-orakel-der-seraphim-karten-set\/","title":{"rendered":"Das Orakel der Seraphim &#8211; Karten-Set"},"content":{"rendered":"<p><b>Kartenset: Das Orakel der Seraphim<\/b><br \/>\nBotschaften aus dem Tempel der Sch\u00f6pfung<br \/>\n<em>von Melanie Missing und Christiane Treichel<\/em><\/p>\n<p><b>Engelsbotschaften reiner himmlischer Liebe<\/b><\/p>\n<p>Seraphim sind ganz besondere Wesen: Als sechsfl\u00fcgelige Engel der obersten Ebene sind sie Gott am n\u00e4chsten. Sie symbolisieren Liebe, Licht und Feuer und erwecken deine g\u00f6ttlichen Sch\u00f6pferkr\u00e4fte.<\/p>\n<p>Mit diesem Kartenset kannst du dich von den Seraphim in die h\u00f6chsten Sph\u00e4ren und zum Tempel der Sch\u00f6pfung tragen lassen \u2013 zur Erf\u00fcllung deines Lebensplans. Ihre liebevollen Botschaften und inspirierenden Impulse unterst\u00fctzen dich bei all deinen Vorhaben und der Verwirklichung deiner Tr\u00e4ume, W\u00fcnsche und Hoffnungen. Ob \u00bbGlaube\u00ab, \u00bbInneres Wissen\u00ab oder \u00bbLichtvolle Heilung\u00ab \u2013 die himmlischen Energien der Bilder schenken dir auf deinem Lebensweg Mut, Zuversicht und Vertrauen und f\u00fchren dich geradewegs in die Neue Zeit.<\/p>\n<p>40 Karten (Format: 89 x 127 mm) mit Begleitbuch<\/p>\n","protected":false},"excerpt":{"rendered":"<p>Botschaften aus dem Tempel der Sch\u00f6pfung<\/p>\n","protected":false},"featured_media":8467,"comment_status":"open","ping_status":"closed","template":"","meta":{"_links_to":"","_links_to_target":""},"pwb-brand":[814],"product_brand":[],"product_cat":[952,879],"product_tag":[545,667,880,863,886],"class_list":{"0":"post-4965","1":"product","2":"type-product","3":"status-publish","4":"has-post-thumbnail","6":"pwb-brand-schirner-verlag","7":"product_cat-engelbuecher-kartendecks","8":"product_cat-engelkarten","9":"product_tag-engel","10":"product_tag-kartendeck","11":"product_tag-melanie-missing","12":"product_tag-orakel","13":"product_tag-seraphim","15":"first","16":"instock","17":"taxable","18":"shipping-taxable","19":"purchasable","20":"product-type-simple"},"blog_post_layout_featured_media_urls":{"thumbnail":["https:\/\/www.lebens-qi.at\/qishop\/wp-content\/uploads\/9199_seraphim-orakel-150x150.jpg",150,150,true],"full":["https:\/\/www.lebens-qi.at\/qishop\/wp-content\/uploads\/9199_seraphim-orakel.jpg",600,600,false]},"categories":["814"],"categories_names":{"814":{"name":"Schirner Verlag","link":"https:\/\/www.lebens-qi.at\/qishop\/brand\/schirner-verlag\/"}},"comments_number":"0","brands":[{"id":814,"name":"Schirner Verlag","slug":"schirner-verlag"}],"_links":{"self":[{"href":"https:\/\/www.lebens-qi.at\/qishop\/wp-json\/wp\/v2\/product\/4965","targetHints":{"allow":["GET"]}}],"collection":[{"href":"https:\/\/www.lebens-qi.at\/qishop\/wp-json\/wp\/v2\/product"}],"about":[{"href":"https:\/\/www.lebens-qi.at\/qishop\/wp-json\/wp\/v2\/types\/product"}],"replies":[{"embeddable":true,"href":"https:\/\/www.lebens-qi.at\/qishop\/wp-json\/wp\/v2\/comments?post=4965"}],"wp:featuredmedia":[{"embeddable":true,"href":"https:\/\/www.lebens-qi.at\/qishop\/wp-json\/wp\/v2\/media\/8467"}],"wp:attachment":[{"href":"https:\/\/www.lebens-qi.at\/qishop\/wp-json\/wp\/v2\/media?parent=4965"}],"wp:term":[{"taxonomy":"pwb-brand","embeddable":true,"href":"https:\/\/www.lebens-qi.at\/qishop\/wp-json\/wp\/v2\/pwb-brand?post=4965"},{"taxonomy":"product_brand","embeddable":true,"href":"https:\/\/www.lebens-qi.at\/qishop\/wp-json\/wp\/v2\/product_brand?post=4965"},{"taxonomy":"product_cat","embeddable":true,"href":"https:\/\/www.lebens-qi.at\/qishop\/wp-json\/wp\/v2\/product_cat?post=4965"},{"taxonomy":"product_tag","embeddable":true,"href":"https:\/\/www.lebens-qi.at\/qishop\/wp-json\/wp\/v2\/product_tag?post=4965"}],"curies":[{"name":"wp","href":"https:\/\/api.w.org\/{rel}","templated":true}]}}