{"id":4977,"date":"2024-03-11T23:16:06","date_gmt":"2024-03-11T22:16:06","guid":{"rendered":"https:\/\/www.lebens-qi.at\/qishop\/produkt\/krafttier-orakel-karten-set\/"},"modified":"2025-10-17T10:32:45","modified_gmt":"2025-10-17T08:32:45","slug":"krafttier-orakel-karten-set","status":"publish","type":"product","link":"https:\/\/www.lebens-qi.at\/qishop\/produkt\/krafttier-orakel-karten-set\/","title":{"rendered":"Krafttier-Orakel &#8211; Karten"},"content":{"rendered":"<p><b>Karten: Krafttier-Orakel<br \/>\n<\/b>Ein liebevoller Begleiter im Alltag<br \/>\n<em>von Jeanne Ruland<\/em><\/p>\n<p><b>Kennst du dein pers\u00f6nliches Krafttier?<\/b><\/p>\n<p>Krafttiere sind Heiler, Begleiter und Botschafter, die uns im Leben zur Seite stehen. Vielleicht brauchen wir gerade jetzt den Schutz und die Kraft des B\u00e4ren, die wachen Augen der Eule oder das Durchhalteverm\u00f6gen des Kamels. Pr\u00e4zise und liebevoll beschreibt Jeanne Ruland die Krafttiere, die uns auf den Orakelkarten mit einer pers\u00f6nlichen Botschaft begegnen.<\/p>\n<p>Empfange genau die Energie, die du brauchst, um deinen ureigenen Herzensweg zu gehen.<\/p>\n<p>64 Karten mit Begleitbuch<\/p>\n","protected":false},"excerpt":{"rendered":"<p>Ein liebevoller Begleiter im Alltag &#8211; 64 Karten mit Begleitbuch<\/p>\n","protected":false},"featured_media":8466,"comment_status":"open","ping_status":"closed","template":"","meta":{"_links_to":"","_links_to_target":""},"pwb-brand":[814],"product_brand":[],"product_cat":[887],"product_tag":[883,667,888,863],"class_list":{"0":"post-4977","1":"product","2":"type-product","3":"status-publish","4":"has-post-thumbnail","6":"pwb-brand-schirner-verlag","7":"product_cat-schamanismus-krafttiere","8":"product_tag-jeanne-ruland","9":"product_tag-kartendeck","10":"product_tag-krafttiere","11":"product_tag-orakel","13":"first","14":"outofstock","15":"taxable","16":"shipping-taxable","17":"purchasable","18":"product-type-simple"},"blog_post_layout_featured_media_urls":{"thumbnail":["https:\/\/www.lebens-qi.at\/qishop\/wp-content\/uploads\/9092_krafttierorakel-150x150.jpg",150,150,true],"full":["https:\/\/www.lebens-qi.at\/qishop\/wp-content\/uploads\/9092_krafttierorakel.jpg",600,600,false]},"categories":["814"],"categories_names":{"814":{"name":"Schirner Verlag","link":"https:\/\/www.lebens-qi.at\/qishop\/brand\/schirner-verlag\/"}},"comments_number":"0","brands":[{"id":814,"name":"Schirner Verlag","slug":"schirner-verlag"}],"_links":{"self":[{"href":"https:\/\/www.lebens-qi.at\/qishop\/wp-json\/wp\/v2\/product\/4977","targetHints":{"allow":["GET"]}}],"collection":[{"href":"https:\/\/www.lebens-qi.at\/qishop\/wp-json\/wp\/v2\/product"}],"about":[{"href":"https:\/\/www.lebens-qi.at\/qishop\/wp-json\/wp\/v2\/types\/product"}],"replies":[{"embeddable":true,"href":"https:\/\/www.lebens-qi.at\/qishop\/wp-json\/wp\/v2\/comments?post=4977"}],"wp:featuredmedia":[{"embeddable":true,"href":"https:\/\/www.lebens-qi.at\/qishop\/wp-json\/wp\/v2\/media\/8466"}],"wp:attachment":[{"href":"https:\/\/www.lebens-qi.at\/qishop\/wp-json\/wp\/v2\/media?parent=4977"}],"wp:term":[{"taxonomy":"pwb-brand","embeddable":true,"href":"https:\/\/www.lebens-qi.at\/qishop\/wp-json\/wp\/v2\/pwb-brand?post=4977"},{"taxonomy":"product_brand","embeddable":true,"href":"https:\/\/www.lebens-qi.at\/qishop\/wp-json\/wp\/v2\/product_brand?post=4977"},{"taxonomy":"product_cat","embeddable":true,"href":"https:\/\/www.lebens-qi.at\/qishop\/wp-json\/wp\/v2\/product_cat?post=4977"},{"taxonomy":"product_tag","embeddable":true,"href":"https:\/\/www.lebens-qi.at\/qishop\/wp-json\/wp\/v2\/product_tag?post=4977"}],"curies":[{"name":"wp","href":"https:\/\/api.w.org\/{rel}","templated":true}]}}