{"id":4983,"date":"2024-03-11T23:16:11","date_gmt":"2024-03-11T22:16:11","guid":{"rendered":"https:\/\/www.lebens-qi.at\/qishop\/produkt\/mystisches-lenormand-karten\/"},"modified":"2026-01-26T21:27:07","modified_gmt":"2026-01-26T20:27:07","slug":"mystisches-lenormand-karten","status":"publish","type":"product","link":"https:\/\/www.lebens-qi.at\/qishop\/produkt\/mystisches-lenormand-karten\/","title":{"rendered":"Mystisches Lenormand &#8211; Karten"},"content":{"rendered":"<p><b>Karten: Mystisches Lenormand <\/b><br \/>Die 36 Wahrsagekarten nach Marie-Anne Lenormand<br \/><em>von Regula Elizabeth Fiechter und Urban Tr\u00f6sch<br \/><\/em><br \/>Die Karten des Mystischen Lenormand greifen die Motive der klassischen Lenormand-Karten auf, jedoch in vollkommen neuer, einzigartiger Gestaltung.<\/p>\n<p>Gerade diese alte Maltechnik (Eitempera, Naturfarben mit Eiweiss vermischt und auf kreidegrundierte Brettchen gemalt) verleiht diesen Bildern und auch dem gesamten Werk einen gro\u00dfen Gehalt.<\/p>\n<p>Dieser Technik bedienten sich schon die Meister des Mittelalters, bevor die neu aufkommende \u00d6lmalerei sie weitgehend abl\u00f6ste. Ikonenmaler, z.B auf dem Berg Athos, verwenden auch heute noch Eitempera f\u00fcr ihre religi\u00f6sen Werke.<\/p>\n<p>Wie bei Ikonen, deren genau vorgeschriebener farbiger Rand den Betrachtenden zu verstehen gibt, dass sie in eine andere Welt eintreten, \u00fcbernehmen diese Aufgabe bei den Karten des Mystischen Lenormand die Fenster, welche jedes Bild einrahmen. Denn Kartenlegen bzw. Kartendeuten bedeutet, sich in eine andere, h\u00f6here Wirklichkeit zu begeben.<\/p>\n<p><b>Die Autorin:<\/b> Regula Elizabeth Fiechter, 1958 geboren und aufgewachsen in Bern. Seit vielen Jahren in der Westschweiz wohnhaft. Ausbildung zur Sprachlehrerinund dipl. Erwachsenenbildnerin. T\u00e4tigkeit als Malerin und Medium. Die Lenormand Wahrsagekarten faszinieren sie seit \u00fcber 20 Jahren.<\/p>\n<p><b>Der K\u00fcnstler:<\/b> Urban Tr\u00f6sch, 1954 in Z\u00fcrich geboren, lebt und arbeitet seit 1968 in Bern. Ausbildung an der Schule f\u00fcr Gestaltung, Bern. Er hat bereits mehrere Ausstellungen mit seiner gro\u00dfen Eitempara-Kollektion veranstaltet. Die Bilder f\u00fcr die Karten des Mystischen Lenormand malte er nach Vorgaben der Autorin.<\/p>\n<p>Die Lenormand Wahrsagekarten gehen auf Marie-Anne Lenormand, geboren am 25.5.1772 in Alen\u00e7on, zur\u00fcck. Aus einfachen Verh\u00e4ltnissen stammend, gelang es ihr, durch treffende Voraussagungen zu Ruhm und Reichtum zu gelangen. Die Sybille von Paris&#8220; legte ber\u00fchmten Zeitgenossen wie Napoleon und seiner Frau Josephine die Karten.<\/p>\n<p>36 Lenormand-Karten, 5,7 x 8,9 cm und deutsche Anleitung&#8220;<\/p>\n","protected":false},"excerpt":{"rendered":"<p>Die 36 Wahrsagekarten nach Marie-Anne Lenormand<\/p>\n","protected":false},"featured_media":4982,"comment_status":"open","ping_status":"closed","template":"","meta":{"_links_to":"","_links_to_target":""},"pwb-brand":[828],"product_brand":[],"product_cat":[892],"product_tag":[667,893,863],"class_list":{"0":"post-4983","1":"product","2":"type-product","3":"status-publish","4":"has-post-thumbnail","6":"pwb-brand-koenigsfurt-urania","7":"product_cat-wahrsagekarten","8":"product_tag-kartendeck","9":"product_tag-lenormand","10":"product_tag-orakel","12":"first","13":"outofstock","14":"taxable","15":"shipping-taxable","16":"purchasable","17":"product-type-simple"},"blog_post_layout_featured_media_urls":{"thumbnail":["https:\/\/www.lebens-qi.at\/qishop\/wp-content\/uploads\/mystisches-lenormand-150x150.jpg",150,150,true],"full":["https:\/\/www.lebens-qi.at\/qishop\/wp-content\/uploads\/mystisches-lenormand.jpg",600,600,false]},"categories":["828"],"categories_names":{"828":{"name":"K\u00f6nigsfurt Urania","link":"https:\/\/www.lebens-qi.at\/qishop\/brand\/koenigsfurt-urania\/"}},"comments_number":"0","brands":[{"id":828,"name":"K\u00f6nigsfurt Urania","slug":"koenigsfurt-urania"}],"_links":{"self":[{"href":"https:\/\/www.lebens-qi.at\/qishop\/wp-json\/wp\/v2\/product\/4983","targetHints":{"allow":["GET"]}}],"collection":[{"href":"https:\/\/www.lebens-qi.at\/qishop\/wp-json\/wp\/v2\/product"}],"about":[{"href":"https:\/\/www.lebens-qi.at\/qishop\/wp-json\/wp\/v2\/types\/product"}],"replies":[{"embeddable":true,"href":"https:\/\/www.lebens-qi.at\/qishop\/wp-json\/wp\/v2\/comments?post=4983"}],"wp:featuredmedia":[{"embeddable":true,"href":"https:\/\/www.lebens-qi.at\/qishop\/wp-json\/wp\/v2\/media\/4982"}],"wp:attachment":[{"href":"https:\/\/www.lebens-qi.at\/qishop\/wp-json\/wp\/v2\/media?parent=4983"}],"wp:term":[{"taxonomy":"pwb-brand","embeddable":true,"href":"https:\/\/www.lebens-qi.at\/qishop\/wp-json\/wp\/v2\/pwb-brand?post=4983"},{"taxonomy":"product_brand","embeddable":true,"href":"https:\/\/www.lebens-qi.at\/qishop\/wp-json\/wp\/v2\/product_brand?post=4983"},{"taxonomy":"product_cat","embeddable":true,"href":"https:\/\/www.lebens-qi.at\/qishop\/wp-json\/wp\/v2\/product_cat?post=4983"},{"taxonomy":"product_tag","embeddable":true,"href":"https:\/\/www.lebens-qi.at\/qishop\/wp-json\/wp\/v2\/product_tag?post=4983"}],"curies":[{"name":"wp","href":"https:\/\/api.w.org\/{rel}","templated":true}]}}