{"id":5007,"date":"2024-03-11T23:16:28","date_gmt":"2024-03-11T22:16:28","guid":{"rendered":"https:\/\/www.lebens-qi.at\/qishop\/produkt\/lenormand-blaue-eule-karten-set\/"},"modified":"2025-02-21T11:19:53","modified_gmt":"2025-02-21T10:19:53","slug":"lenormand-blaue-eule-karten-set","status":"publish","type":"product","link":"https:\/\/www.lebens-qi.at\/qishop\/produkt\/lenormand-blaue-eule-karten-set\/","title":{"rendered":"Lenormand Blaue Eule &#8211; Karten-Set"},"content":{"rendered":"<p><b>Kartenset: Lenormand Blaue Eule<\/b><br \/>Premiumausgabe mit Booklet und Karten in Magnetbox <br \/><em>von Harald J\u00f6sten<\/em><\/p>\n<p><b> Lenormand Blaue Eule Premiumausgabe<\/b><\/p>\n<p>Die Lenormand-Karten z\u00e4hlen zu den beliebtesten Orakelkarten und die Blaue Eule ist die erfolgreichste Fassung unter den existierenden Decks. Erstmals erscheint nun eine Premiumausgabe in etwas gr\u00f6\u00dferem Format, die Kartenr\u00fcckseiten mit changierendem Metalliceffekt und einem umfangreichen Booklet.<\/p>\n<p>Die ausf\u00fchrlichen Texte zu jeder Karte von Harald J\u00f6sten erkl\u00e4ren jeweils die klassische Deutung der Symbole sowie aktuelle Interpretationsm\u00f6glichkeiten, die der modernen Psychologie und Lebenswirklichkeit entsprechen.<\/p>\n<p>36 Orakelkarten durchg\u00e4ngig farbig, 96-seitiges Booklet, Schachtel mit Magnetverschluss<\/p>\n","protected":false},"excerpt":{"rendered":"<p>Premiumausgabe mit Booklet und Karten in Magnetbox<\/p>\n","protected":false},"featured_media":5006,"comment_status":"open","ping_status":"closed","template":"","meta":{"_links_to":"","_links_to_target":""},"pwb-brand":[828],"product_brand":[],"product_cat":[892],"product_tag":[667,893,863,899],"class_list":{"0":"post-5007","1":"product","2":"type-product","3":"status-publish","4":"has-post-thumbnail","6":"pwb-brand-koenigsfurt-urania","7":"product_cat-wahrsagekarten","8":"product_tag-kartendeck","9":"product_tag-lenormand","10":"product_tag-orakel","11":"product_tag-wahrsagekarten","13":"first","14":"outofstock","15":"taxable","16":"shipping-taxable","17":"purchasable","18":"product-type-simple"},"blog_post_layout_featured_media_urls":{"thumbnail":["https:\/\/www.lebens-qi.at\/qishop\/wp-content\/uploads\/lenormand-blaueeule-exklusiv-150x150.jpg",150,150,true],"full":["https:\/\/www.lebens-qi.at\/qishop\/wp-content\/uploads\/lenormand-blaueeule-exklusiv.jpg",480,538,false]},"categories":["828"],"categories_names":{"828":{"name":"K\u00f6nigsfurt Urania","link":"https:\/\/www.lebens-qi.at\/qishop\/brand\/koenigsfurt-urania\/"}},"comments_number":"0","brands":[{"id":828,"name":"K\u00f6nigsfurt Urania","slug":"koenigsfurt-urania"}],"_links":{"self":[{"href":"https:\/\/www.lebens-qi.at\/qishop\/wp-json\/wp\/v2\/product\/5007","targetHints":{"allow":["GET"]}}],"collection":[{"href":"https:\/\/www.lebens-qi.at\/qishop\/wp-json\/wp\/v2\/product"}],"about":[{"href":"https:\/\/www.lebens-qi.at\/qishop\/wp-json\/wp\/v2\/types\/product"}],"replies":[{"embeddable":true,"href":"https:\/\/www.lebens-qi.at\/qishop\/wp-json\/wp\/v2\/comments?post=5007"}],"wp:featuredmedia":[{"embeddable":true,"href":"https:\/\/www.lebens-qi.at\/qishop\/wp-json\/wp\/v2\/media\/5006"}],"wp:attachment":[{"href":"https:\/\/www.lebens-qi.at\/qishop\/wp-json\/wp\/v2\/media?parent=5007"}],"wp:term":[{"taxonomy":"pwb-brand","embeddable":true,"href":"https:\/\/www.lebens-qi.at\/qishop\/wp-json\/wp\/v2\/pwb-brand?post=5007"},{"taxonomy":"product_brand","embeddable":true,"href":"https:\/\/www.lebens-qi.at\/qishop\/wp-json\/wp\/v2\/product_brand?post=5007"},{"taxonomy":"product_cat","embeddable":true,"href":"https:\/\/www.lebens-qi.at\/qishop\/wp-json\/wp\/v2\/product_cat?post=5007"},{"taxonomy":"product_tag","embeddable":true,"href":"https:\/\/www.lebens-qi.at\/qishop\/wp-json\/wp\/v2\/product_tag?post=5007"}],"curies":[{"name":"wp","href":"https:\/\/api.w.org\/{rel}","templated":true}]}}