{"id":5109,"date":"2024-03-12T15:48:10","date_gmt":"2024-03-12T14:48:10","guid":{"rendered":"https:\/\/www.lebens-qi.at\/qishop\/produkt\/turmalinquarz-donut\/"},"modified":"2025-03-27T15:22:31","modified_gmt":"2025-03-27T14:22:31","slug":"turmalinquarz-donut","status":"publish","type":"product","link":"https:\/\/www.lebens-qi.at\/qishop\/produkt\/turmalinquarz-donut\/","title":{"rendered":"Turmalinquarz Donut"},"content":{"rendered":"<p><b>Turmalinquarz Donut<\/b><br \/>\nFarbe: wei\u00df-schwarz<br \/>\nChakrazuordnung: Wurzelchakra, Kronenchakra<br \/>\nThemen: Spannungsl\u00f6sung, Ausgleich, Verbindung von Yin und Yang<\/p>\n<p>F\u00fcr die sog. Heilsteinwirkung lesen Sie bitte in entsprechenden B\u00fcchern nach. Aus rechtlichen Gr\u00fcnden d\u00fcrfen wir keine gesundheitlichen Aussagen treffen. <a href=\"https:\/\/www.lebens-qi.at\/qishop\/produkt-kategorie\/mehr\/buecher\/heilsteine\/\">Hier finden Sie unsere Auswahl an Steineb\u00fcchern.<\/a><\/p>\n<p>Durchmesser: ca. 3 cm<\/p>\n<p><em>Lieferumfang 1 St\u00fcck<br \/>\nSymbolfoto &#8211; bei Steinen gibt es deutliche Abweichungen in Form und Farbe!\u00a0<\/em><\/p>\n","protected":false},"excerpt":{"rendered":"<p>Stein der Spannungsl\u00f6sung<\/p>\n","protected":false},"featured_media":13395,"comment_status":"open","ping_status":"closed","template":"","meta":{"_links_to":"","_links_to_target":""},"pwb-brand":[114],"product_brand":[],"product_cat":[908,911],"product_tag":[535,1583,197,2024,606],"class_list":{"0":"post-5109","1":"product","2":"type-product","3":"status-publish","4":"has-post-thumbnail","6":"pwb-brand-lebens-qi-kraft-der-steine","7":"product_cat-donuts","8":"product_cat-donuts-steinschmuck-schmuck-mit-wirkung","9":"product_tag-entspannung","10":"product_tag-quarz","11":"product_tag-turmalin","12":"product_tag-turmalinquarz","13":"product_tag-yin-yang","15":"first","16":"instock","17":"taxable","18":"shipping-taxable","19":"purchasable","20":"product-type-simple"},"blog_post_layout_featured_media_urls":{"thumbnail":["https:\/\/www.lebens-qi.at\/qishop\/wp-content\/uploads\/Turmalinquarz-Donut-150x150.png",150,150,true],"full":["https:\/\/www.lebens-qi.at\/qishop\/wp-content\/uploads\/Turmalinquarz-Donut.png",800,800,false]},"categories":["114"],"categories_names":{"114":{"name":"Lebens-Qi Kraft der Steine","link":"https:\/\/www.lebens-qi.at\/qishop\/brand\/lebens-qi-kraft-der-steine\/"}},"comments_number":"0","brands":[{"id":114,"name":"Lebens-Qi Kraft der Steine","slug":"lebens-qi-kraft-der-steine"}],"_links":{"self":[{"href":"https:\/\/www.lebens-qi.at\/qishop\/wp-json\/wp\/v2\/product\/5109","targetHints":{"allow":["GET"]}}],"collection":[{"href":"https:\/\/www.lebens-qi.at\/qishop\/wp-json\/wp\/v2\/product"}],"about":[{"href":"https:\/\/www.lebens-qi.at\/qishop\/wp-json\/wp\/v2\/types\/product"}],"replies":[{"embeddable":true,"href":"https:\/\/www.lebens-qi.at\/qishop\/wp-json\/wp\/v2\/comments?post=5109"}],"wp:featuredmedia":[{"embeddable":true,"href":"https:\/\/www.lebens-qi.at\/qishop\/wp-json\/wp\/v2\/media\/13395"}],"wp:attachment":[{"href":"https:\/\/www.lebens-qi.at\/qishop\/wp-json\/wp\/v2\/media?parent=5109"}],"wp:term":[{"taxonomy":"pwb-brand","embeddable":true,"href":"https:\/\/www.lebens-qi.at\/qishop\/wp-json\/wp\/v2\/pwb-brand?post=5109"},{"taxonomy":"product_brand","embeddable":true,"href":"https:\/\/www.lebens-qi.at\/qishop\/wp-json\/wp\/v2\/product_brand?post=5109"},{"taxonomy":"product_cat","embeddable":true,"href":"https:\/\/www.lebens-qi.at\/qishop\/wp-json\/wp\/v2\/product_cat?post=5109"},{"taxonomy":"product_tag","embeddable":true,"href":"https:\/\/www.lebens-qi.at\/qishop\/wp-json\/wp\/v2\/product_tag?post=5109"}],"curies":[{"name":"wp","href":"https:\/\/api.w.org\/{rel}","templated":true}]}}