{"id":5202,"date":"2024-03-12T15:50:18","date_gmt":"2024-03-12T14:50:18","guid":{"rendered":"https:\/\/www.lebens-qi.at\/qishop\/produkt\/amethyst-gebohrt\/"},"modified":"2026-02-26T14:11:52","modified_gmt":"2026-02-26T13:11:52","slug":"amethyst-gebohrt","status":"publish","type":"product","link":"https:\/\/www.lebens-qi.at\/qishop\/produkt\/amethyst-gebohrt\/","title":{"rendered":"Amethyst gebohrt"},"content":{"rendered":"<p><b>Amethyst oder Amethystquarz (Chevron) gebohrt <\/b><br \/>\nFarbe: violett<br \/>\nChakrazuordnung: Kronenchakra<br \/>\nThemen: Friede, Entspannung, Spiritualit\u00e4t, Meditation, N\u00fcchternheit, Ruhe<br \/>\nSternzeichen: Fische<\/p>\n<p>F\u00fcr die sog. Heilsteinwirkung lesen Sie bitte in entsprechenden B\u00fcchern nach. Aus rechtlichen Gr\u00fcnden d\u00fcrfen wir keine gesundheitlichen Aussagen treffen. <a href=\"https:\/\/www.lebens-qi.at\/qishop\/produkt-kategorie\/mehr\/buecher\/heilsteine\/\">Hier finden Sie unsere Auswahl an Steineb\u00fcchern.<\/a><\/p>\n<p>Gr\u00f6\u00dfe: ca. 2-3 cm &#8211; bei Tropfenanh\u00e4ngern kann diese jedoch nicht immer genau angegeben werden. Je nach Verf\u00fcgbarkeit erhalten sie Amethyst einf\u00e4rbig oder mit wei\u00dfer Zeichnung (=Amethystquarz, Chevronamethyst)<\/p>\n<p><em>Lieferumfang 1 St\u00fcck<\/em><br \/>\n<em>Symbolfoto &#8211; bei Steinen gibt es deutliche Abweichungen in Form und Farbe! Je nach Verf\u00fcgbarkeit erhalten Sie einen Amethyst oder Chevron Amethyst. Die Themen sind im Prinzip die gleichen. Bei Chevron Amethyst handelt es sich um einen Amethyst mit wei\u00dfen Quarzadern und gilt als st\u00e4rker bei Verwendung mit den h\u00f6heren Chakren.<\/em><\/p>\n","protected":false},"excerpt":{"rendered":"<p>Stein der N\u00fcchternheit<\/p>\n","protected":false},"featured_media":16122,"comment_status":"open","ping_status":"closed","template":"","meta":{"_links_to":"","_links_to_target":""},"pwb-brand":[114],"product_brand":[],"product_cat":[913,914],"product_tag":[81,524,831,2774,1824,119],"class_list":{"0":"post-5202","1":"product","2":"type-product","3":"status-publish","4":"has-post-thumbnail","6":"pwb-brand-lebens-qi-kraft-der-steine","7":"product_cat-gebohrte-steine","8":"product_cat-gebohrte-steine-steinschmuck","9":"product_tag-amethyst","10":"product_tag-fische","11":"product_tag-meditation","12":"product_tag-nuechternheit","13":"product_tag-ruhe","14":"product_tag-steinschmuck","16":"first","17":"instock","18":"taxable","19":"shipping-taxable","20":"purchasable","21":"product-type-simple"},"blog_post_layout_featured_media_urls":{"thumbnail":["https:\/\/www.lebens-qi.at\/qishop\/wp-content\/uploads\/Amehtyst-150x150.png",150,150,true],"full":["https:\/\/www.lebens-qi.at\/qishop\/wp-content\/uploads\/Amehtyst.png",800,800,false]},"categories":["114"],"categories_names":{"114":{"name":"Lebens-Qi Kraft der Steine","link":"https:\/\/www.lebens-qi.at\/qishop\/brand\/lebens-qi-kraft-der-steine\/"}},"comments_number":"0","brands":[{"id":114,"name":"Lebens-Qi Kraft der Steine","slug":"lebens-qi-kraft-der-steine"}],"_links":{"self":[{"href":"https:\/\/www.lebens-qi.at\/qishop\/wp-json\/wp\/v2\/product\/5202","targetHints":{"allow":["GET"]}}],"collection":[{"href":"https:\/\/www.lebens-qi.at\/qishop\/wp-json\/wp\/v2\/product"}],"about":[{"href":"https:\/\/www.lebens-qi.at\/qishop\/wp-json\/wp\/v2\/types\/product"}],"replies":[{"embeddable":true,"href":"https:\/\/www.lebens-qi.at\/qishop\/wp-json\/wp\/v2\/comments?post=5202"}],"wp:featuredmedia":[{"embeddable":true,"href":"https:\/\/www.lebens-qi.at\/qishop\/wp-json\/wp\/v2\/media\/16122"}],"wp:attachment":[{"href":"https:\/\/www.lebens-qi.at\/qishop\/wp-json\/wp\/v2\/media?parent=5202"}],"wp:term":[{"taxonomy":"pwb-brand","embeddable":true,"href":"https:\/\/www.lebens-qi.at\/qishop\/wp-json\/wp\/v2\/pwb-brand?post=5202"},{"taxonomy":"product_brand","embeddable":true,"href":"https:\/\/www.lebens-qi.at\/qishop\/wp-json\/wp\/v2\/product_brand?post=5202"},{"taxonomy":"product_cat","embeddable":true,"href":"https:\/\/www.lebens-qi.at\/qishop\/wp-json\/wp\/v2\/product_cat?post=5202"},{"taxonomy":"product_tag","embeddable":true,"href":"https:\/\/www.lebens-qi.at\/qishop\/wp-json\/wp\/v2\/product_tag?post=5202"}],"curies":[{"name":"wp","href":"https:\/\/api.w.org\/{rel}","templated":true}]}}