{"id":5356,"date":"2024-03-12T16:12:02","date_gmt":"2024-03-12T15:12:02","guid":{"rendered":"https:\/\/www.lebens-qi.at\/qishop\/produkt\/amazonit-armband-mit-buddha\/"},"modified":"2025-07-28T17:11:13","modified_gmt":"2025-07-28T15:11:13","slug":"amazonit-armband-mit-buddha","status":"publish","type":"product","link":"https:\/\/www.lebens-qi.at\/qishop\/produkt\/amazonit-armband-mit-buddha\/","title":{"rendered":"Amazonit Armband mit Buddha"},"content":{"rendered":"<p><b>Mala Steinarmband aus 21 mattierten Amazonit-Perlen <br \/><\/b>mit Buddha Symbol<br \/>auf Elastikband<\/p>\n<p><b>Amazonit<\/b> <br \/>sch\u00fctzt vor negativen Energien und elektromagnetischer Strahlung. Dieser Stein steht auch f\u00fcr ein Gleichgewicht zwischen Verstand und intuitiver Weisheit. <\/p>\n<p><b>Mala<\/b><br \/>Eine Mala ist urspr\u00fcnglich eine Gebetskette aus dem Hinduismus und Buddhismus und wird in der Meditation verwendet, um Mantren zu z\u00e4hlen. Ein Mantra ist eine Sammlung von W\u00f6rtern, oft im Sanskrit, die viele Male wiederholt wird &#8211; traditionell 108 Mal. Man konzentriert sich auf die Bedeutung und Schwingung der W\u00f6rter &#8211; eventuell kombiniert mit einer begleitenden Visualisierung. Wenn Sie diese Meditationsform \u00fcben, kommen Ihre Gedanken zur Ruhe und Ihr K\u00f6rper entspannt sich. Gegenw\u00e4rtig wird eine Mala auch als modisches Accessoire getragen.<\/p>\n<p>Material: Stein, die Metall-Komponenten bestehen aus eine Zink-Legierung<br \/>Gr\u00f6\u00dfe: ca. 17,5 cm<br \/>Steindurchmesser: ca. 8 mm<\/p>\n","protected":false},"excerpt":{"rendered":"<p>Mala inkl. Brokatt\u00e4schchen<\/p>\n","protected":false},"featured_media":5355,"comment_status":"open","ping_status":"closed","template":"","meta":{"_links_to":"","_links_to_target":""},"pwb-brand":[922],"product_brand":[],"product_cat":[920,921,1260],"product_tag":[1261,1223,734,948],"class_list":{"0":"post-5356","1":"product","2":"type-product","3":"status-publish","4":"has-post-thumbnail","6":"pwb-brand-yogi-yogini-meditation","7":"product_cat-armbaender","8":"product_cat-armbaender-steinschmuck","9":"product_cat-malas","10":"product_tag-amazonit","11":"product_tag-armband","12":"product_tag-buddha","13":"product_tag-mala","15":"first","16":"instock","17":"taxable","18":"shipping-taxable","19":"purchasable","20":"product-type-simple"},"blog_post_layout_featured_media_urls":{"thumbnail":["https:\/\/www.lebens-qi.at\/qishop\/wp-content\/uploads\/amazonit-buddha-150x150.png",150,150,true],"full":["https:\/\/www.lebens-qi.at\/qishop\/wp-content\/uploads\/amazonit-buddha.png",550,550,false]},"categories":["922"],"categories_names":{"922":{"name":"Yogi &amp; Yogini - Meditation","link":"https:\/\/www.lebens-qi.at\/qishop\/brand\/yogi-yogini-meditation\/"}},"comments_number":"0","brands":[{"id":922,"name":"Yogi &amp; Yogini - Meditation","slug":"yogi-yogini-meditation"}],"_links":{"self":[{"href":"https:\/\/www.lebens-qi.at\/qishop\/wp-json\/wp\/v2\/product\/5356","targetHints":{"allow":["GET"]}}],"collection":[{"href":"https:\/\/www.lebens-qi.at\/qishop\/wp-json\/wp\/v2\/product"}],"about":[{"href":"https:\/\/www.lebens-qi.at\/qishop\/wp-json\/wp\/v2\/types\/product"}],"replies":[{"embeddable":true,"href":"https:\/\/www.lebens-qi.at\/qishop\/wp-json\/wp\/v2\/comments?post=5356"}],"wp:featuredmedia":[{"embeddable":true,"href":"https:\/\/www.lebens-qi.at\/qishop\/wp-json\/wp\/v2\/media\/5355"}],"wp:attachment":[{"href":"https:\/\/www.lebens-qi.at\/qishop\/wp-json\/wp\/v2\/media?parent=5356"}],"wp:term":[{"taxonomy":"pwb-brand","embeddable":true,"href":"https:\/\/www.lebens-qi.at\/qishop\/wp-json\/wp\/v2\/pwb-brand?post=5356"},{"taxonomy":"product_brand","embeddable":true,"href":"https:\/\/www.lebens-qi.at\/qishop\/wp-json\/wp\/v2\/product_brand?post=5356"},{"taxonomy":"product_cat","embeddable":true,"href":"https:\/\/www.lebens-qi.at\/qishop\/wp-json\/wp\/v2\/product_cat?post=5356"},{"taxonomy":"product_tag","embeddable":true,"href":"https:\/\/www.lebens-qi.at\/qishop\/wp-json\/wp\/v2\/product_tag?post=5356"}],"curies":[{"name":"wp","href":"https:\/\/api.w.org\/{rel}","templated":true}]}}