{"id":5358,"date":"2024-03-12T16:12:04","date_gmt":"2024-03-12T15:12:04","guid":{"rendered":"https:\/\/www.lebens-qi.at\/qishop\/produkt\/bergkristall-armband-mit-buddha\/"},"modified":"2025-02-21T15:49:46","modified_gmt":"2025-02-21T14:49:46","slug":"bergkristall-armband-mit-buddha","status":"publish","type":"product","link":"https:\/\/www.lebens-qi.at\/qishop\/produkt\/bergkristall-armband-mit-buddha\/","title":{"rendered":"Bergkristall Armband mit Buddha"},"content":{"rendered":"<p><b>Mala Steinarmband aus 21 Bergkristall-Perlen <br \/><\/b>mit Buddha Symbol<br \/>auf Elastikband<\/p>\n<p><b>Bergkristall<\/b> <br \/>ist ein starker Stein und Energieverst\u00e4rker. Er f\u00f6rdert klares Denken und transzendierende Wahrnehmung. Er unterst\u00fctzt die Verbindung mit dem inneren Wissen. Er reinigt und st\u00e4rkt den energetischen  K\u00f6rper.<\/p>\n<p><b>Mala<\/b><br \/>Eine Mala ist urspr\u00fcnglich eine Gebetskette aus dem Hinduismus und Buddhismus und wird in der Meditation verwendet, um Mantren zu z\u00e4hlen. Ein Mantra ist eine Sammlung von W\u00f6rtern, oft im Sanskrit, die viele Male wiederholt wird &#8211; traditionell 108 Mal. Man konzentriert sich auf die Bedeutung und Schwingung der W\u00f6rter &#8211; eventuell kombiniert mit einer begleitenden Visualisierung. Wenn Sie diese Meditationsform \u00fcben, kommen Ihre Gedanken zur Ruhe und Ihr K\u00f6rper entspannt sich. Gegenw\u00e4rtig wird eine Mala auch als modisches Accessoire getragen.<\/p>\n<p>Material: Stein, die Metall-Komponenten bestehen aus eine Zink-Legierung<br \/>Gr\u00f6\u00dfe: ca. 17,5 cm<br \/>Steindurchmesser: ca. 8 mm<\/p>\n","protected":false},"excerpt":{"rendered":"<p>Mala mit Symbolanh\u00e4nger<\/p>\n","protected":false},"featured_media":5357,"comment_status":"open","ping_status":"closed","template":"","meta":{"_links_to":"","_links_to_target":""},"pwb-brand":[922],"product_brand":[],"product_cat":[920,921,1260],"product_tag":[1223,167,734,948],"class_list":{"0":"post-5358","1":"product","2":"type-product","3":"status-publish","4":"has-post-thumbnail","6":"pwb-brand-yogi-yogini-meditation","7":"product_cat-armbaender","8":"product_cat-armbaender-steinschmuck","9":"product_cat-malas","10":"product_tag-armband","11":"product_tag-bergkristall","12":"product_tag-buddha","13":"product_tag-mala","15":"first","16":"instock","17":"taxable","18":"shipping-taxable","19":"purchasable","20":"product-type-simple"},"blog_post_layout_featured_media_urls":{"thumbnail":["https:\/\/www.lebens-qi.at\/qishop\/wp-content\/uploads\/bergkristall-buddha-mala-150x150.jpg",150,150,true],"full":["https:\/\/www.lebens-qi.at\/qishop\/wp-content\/uploads\/bergkristall-buddha-mala.jpg",560,560,false]},"categories":["922"],"categories_names":{"922":{"name":"Yogi &amp; Yogini - Meditation","link":"https:\/\/www.lebens-qi.at\/qishop\/brand\/yogi-yogini-meditation\/"}},"comments_number":"0","brands":[{"id":922,"name":"Yogi &amp; Yogini - Meditation","slug":"yogi-yogini-meditation"}],"_links":{"self":[{"href":"https:\/\/www.lebens-qi.at\/qishop\/wp-json\/wp\/v2\/product\/5358","targetHints":{"allow":["GET"]}}],"collection":[{"href":"https:\/\/www.lebens-qi.at\/qishop\/wp-json\/wp\/v2\/product"}],"about":[{"href":"https:\/\/www.lebens-qi.at\/qishop\/wp-json\/wp\/v2\/types\/product"}],"replies":[{"embeddable":true,"href":"https:\/\/www.lebens-qi.at\/qishop\/wp-json\/wp\/v2\/comments?post=5358"}],"wp:featuredmedia":[{"embeddable":true,"href":"https:\/\/www.lebens-qi.at\/qishop\/wp-json\/wp\/v2\/media\/5357"}],"wp:attachment":[{"href":"https:\/\/www.lebens-qi.at\/qishop\/wp-json\/wp\/v2\/media?parent=5358"}],"wp:term":[{"taxonomy":"pwb-brand","embeddable":true,"href":"https:\/\/www.lebens-qi.at\/qishop\/wp-json\/wp\/v2\/pwb-brand?post=5358"},{"taxonomy":"product_brand","embeddable":true,"href":"https:\/\/www.lebens-qi.at\/qishop\/wp-json\/wp\/v2\/product_brand?post=5358"},{"taxonomy":"product_cat","embeddable":true,"href":"https:\/\/www.lebens-qi.at\/qishop\/wp-json\/wp\/v2\/product_cat?post=5358"},{"taxonomy":"product_tag","embeddable":true,"href":"https:\/\/www.lebens-qi.at\/qishop\/wp-json\/wp\/v2\/product_tag?post=5358"}],"curies":[{"name":"wp","href":"https:\/\/api.w.org\/{rel}","templated":true}]}}