{"id":5457,"date":"2024-03-12T17:33:30","date_gmt":"2024-03-12T16:33:30","guid":{"rendered":"https:\/\/www.lebens-qi.at\/qishop\/produkt\/chakra-duftkerze-im-glas\/"},"modified":"2025-11-19T10:33:51","modified_gmt":"2025-11-19T09:33:51","slug":"chakra-duftkerze-im-glas","status":"publish","type":"product","link":"https:\/\/www.lebens-qi.at\/qishop\/produkt\/chakra-duftkerze-im-glas\/","title":{"rendered":"Chakra-Duftkerze im Glas"},"content":{"rendered":"<p><b>Chakrakerze im Glas mit Duft (Zeder, Fichte und Rosmarin)<\/b><br \/>\nStearin, Fair Trade produziert und nachhaltig verpackt<\/p>\n<p><b>Produktspezifikationen<\/b><br \/>\n100% nat\u00fcrliche Stearin- (Palm\u00f6l-) Kerze in wiederverwertetem Glas.<br \/>\nFair Trade (WFTO) und Greenpalm zertifiziert.<br \/>\n<b>Duft auf Basis \u00e4therische \u00d6le: <\/b>Zeder, Wei\u00dftanne und Rosmarin.<br \/>\n<b>Brenndauer: <\/b>ca. 100 Stunden.<br \/>\n<b>Gr\u00f6\u00dfe:<\/b> 21 x 6,5 cm<br \/>\nIn \u00d6koverpackung aus Karton mit Folder in 6 Sprachen: Niederl\u00e4ndisch, Englisch, Deutsch, Italienisch, Franz\u00f6sisch, Spanisch<br \/>\n<b><br \/>\nHandgemachte nachhaltige und Fair Trade Kerzen<\/b><br \/>\nDiese Stearinkerzen werden in Indonesien handgefertigt und auf verantwortungsvolle Weise hergestellt. Durch die Verwendung von zertifiziertem Green Palm Palm\u00f6l und nachhaltigen Verpackungsmaterialien sind diese Kerzen ein umweltfreundliches Produkt. Die Herstellung der Kerzen erfolgt soweit wie m\u00f6glich manuell, damit m\u00f6glichst vielen Menschen Arbeit angeboten werden kann. Achtzig Prozent der Angestellten dieses Produktionsunternehmens sind Frauen. Das Unternehmen ist WFTO-zertifiziert.<\/p>\n<p><b><em>Achtung!<\/em><\/b><br \/>\nKerzen nicht in Reichweite von Kindern und\/oder Haustieren anz\u00fcnden.<br \/>\nKerze nicht in Zugluft anz\u00fcnden, das verk\u00fcrzt die Brenndauer.<br \/>\nLassen Sie eine brennende Kerze nicht unbeaufsichtigt.<br \/>\nStellen Sie die Kerze auf eine hitzebest\u00e4ndige Oberfl\u00e4che.<\/p>\n","protected":false},"excerpt":{"rendered":"<p>mit Zeder, Wei\u00dftanne und Rosmarin<\/p>\n","protected":false},"featured_media":5456,"comment_status":"open","ping_status":"closed","template":"","meta":{"_links_to":"","_links_to_target":""},"pwb-brand":[922],"product_brand":[],"product_cat":[924,925],"product_tag":[198,926,387,1217,419,399],"class_list":{"0":"post-5457","1":"product","2":"type-product","3":"status-publish","4":"has-post-thumbnail","6":"pwb-brand-yogi-yogini-meditation","7":"product_cat-duftkerzen","8":"product_cat-kerzen-im-glas","9":"product_tag-chakra","10":"product_tag-duftkerze","11":"product_tag-fichte","12":"product_tag-regenbogen","13":"product_tag-rosmarin","14":"product_tag-zeder","16":"first","17":"instock","18":"taxable","19":"shipping-taxable","20":"purchasable","21":"product-type-simple"},"blog_post_layout_featured_media_urls":{"thumbnail":["https:\/\/www.lebens-qi.at\/qishop\/wp-content\/uploads\/regenbogenkerze-150x150.png",150,150,true],"full":["https:\/\/www.lebens-qi.at\/qishop\/wp-content\/uploads\/regenbogenkerze.png",800,800,false]},"categories":["922"],"categories_names":{"922":{"name":"Yogi &amp; Yogini - Meditation","link":"https:\/\/www.lebens-qi.at\/qishop\/brand\/yogi-yogini-meditation\/"}},"comments_number":"0","brands":[{"id":922,"name":"Yogi &amp; Yogini - Meditation","slug":"yogi-yogini-meditation"}],"_links":{"self":[{"href":"https:\/\/www.lebens-qi.at\/qishop\/wp-json\/wp\/v2\/product\/5457","targetHints":{"allow":["GET"]}}],"collection":[{"href":"https:\/\/www.lebens-qi.at\/qishop\/wp-json\/wp\/v2\/product"}],"about":[{"href":"https:\/\/www.lebens-qi.at\/qishop\/wp-json\/wp\/v2\/types\/product"}],"replies":[{"embeddable":true,"href":"https:\/\/www.lebens-qi.at\/qishop\/wp-json\/wp\/v2\/comments?post=5457"}],"wp:featuredmedia":[{"embeddable":true,"href":"https:\/\/www.lebens-qi.at\/qishop\/wp-json\/wp\/v2\/media\/5456"}],"wp:attachment":[{"href":"https:\/\/www.lebens-qi.at\/qishop\/wp-json\/wp\/v2\/media?parent=5457"}],"wp:term":[{"taxonomy":"pwb-brand","embeddable":true,"href":"https:\/\/www.lebens-qi.at\/qishop\/wp-json\/wp\/v2\/pwb-brand?post=5457"},{"taxonomy":"product_brand","embeddable":true,"href":"https:\/\/www.lebens-qi.at\/qishop\/wp-json\/wp\/v2\/product_brand?post=5457"},{"taxonomy":"product_cat","embeddable":true,"href":"https:\/\/www.lebens-qi.at\/qishop\/wp-json\/wp\/v2\/product_cat?post=5457"},{"taxonomy":"product_tag","embeddable":true,"href":"https:\/\/www.lebens-qi.at\/qishop\/wp-json\/wp\/v2\/product_tag?post=5457"}],"curies":[{"name":"wp","href":"https:\/\/api.w.org\/{rel}","templated":true}]}}