{"id":5497,"date":"2024-03-12T17:34:22","date_gmt":"2024-03-12T16:34:22","guid":{"rendered":"https:\/\/www.lebens-qi.at\/qishop\/produkt\/organic-goodness-salbei-lavendel-duftkerze-mit-raeucherkraeutern\/"},"modified":"2025-01-21T10:13:14","modified_gmt":"2025-01-21T09:13:14","slug":"organic-goodness-salbei-lavendel-duftkerze-mit-raeucherkraeutern","status":"publish","type":"product","link":"https:\/\/www.lebens-qi.at\/qishop\/produkt\/organic-goodness-salbei-lavendel-duftkerze-mit-raeucherkraeutern\/","title":{"rendered":"Organic Goodness Salbei &#038; Lavendel &#8211; Duftkerze mit R\u00e4ucherkr\u00e4utern"},"content":{"rendered":"<p><b>Duftkerze im Blume des Lebens-Glas <\/b><br \/>\naus nat\u00fcrlichem Sojawachs mit R\u00e4ucherkr\u00e4utern und nat\u00fcrlichen \u00e4therischen \u00d6len<\/p>\n<p><b>Salbei &amp; Lavendel<br \/>\n<\/b>Mit dem reinigenden und entspannenden Duft von Salbei und Lavendel.<br \/>\nHandgegossen in einem dekorativen Glasgef\u00e4\u00df mit Blume des Lebens-Musters.<\/p>\n<p>Verpackung: Geschenkkarton<br \/>\nHergestellt in Indien<br \/>\n<b>Brenndauer: <\/b>ca. 50 Std.<br \/>\n<b>Inhalt:<\/b> 200 g<\/p>\n<p><b><em>Gebrauchsanweisung \/ Warnhinweise:<\/em><\/b><br \/>\nK\u00fcrzen Sie den Docht vor jedem Anz\u00fcnden auf 0,5 cm.<br \/>\nUm die beste Brenneffizienz zu gew\u00e4hrleisten Kerze mindestens eine Stunde pro Zoll (\u00b12 cm) Kerzendurchmesser brennen lassen.<br \/>\nKerze beim Abbrennen in Sichtweite halten.<br \/>\nAu\u00dferhalb der Reichweite von Kindern und Haustieren abbrennen und aufbewahren.<br \/>\nBrennen Sie niemals auf oder in der N\u00e4he von Gegenst\u00e4nden, die Feuer fangen k\u00f6nnen.<br \/>\nBrennen Sie die Kerze auf einer hitzebest\u00e4ndigen, ebenen und stabilen Oberfl\u00e4che ab.<br \/>\nIn gut bel\u00fcfteten Bereich abbrennen, von Zugluft und L\u00fcftungs\u00f6ffnungen fernhalten.<br \/>\nKerze w\u00e4hrend des Brennens und bei fl\u00fcssigem Wachs nicht bewegen.<br \/>\n<b>Die enthaltenen R\u00e4ucherkr\u00e4uter im Kerzenwachs sind brennbar und k\u00f6nnen beim Abbrennen aufleuchten. Seien Sie daher bitte besonders vorsichtig und lassen Sie die brennende Kerze niemals unbeaufsichtigt!<\/b><\/p>\n","protected":false},"excerpt":{"rendered":"<p>im dekorativen Glas mit Blume des Lebens<\/p>\n","protected":false},"featured_media":5496,"comment_status":"open","ping_status":"closed","template":"","meta":{"_links_to":"","_links_to_target":""},"pwb-brand":[690],"product_brand":[],"product_cat":[582,924,925],"product_tag":[308,926,225,689,466,401],"class_list":{"0":"post-5497","1":"product","2":"type-product","3":"status-publish","4":"has-post-thumbnail","6":"pwb-brand-song-of-india","7":"product_cat-blume-des-lebens-produkte","8":"product_cat-duftkerzen","9":"product_cat-kerzen-im-glas","10":"product_tag-blume-des-lebens","11":"product_tag-duftkerze","12":"product_tag-lavendel","13":"product_tag-organic-goodness","14":"product_tag-raeuchern","15":"product_tag-salbei","17":"first","18":"instock","19":"taxable","20":"shipping-taxable","21":"purchasable","22":"product-type-simple"},"blog_post_layout_featured_media_urls":{"thumbnail":["https:\/\/www.lebens-qi.at\/qishop\/wp-content\/uploads\/64670-150x150.jpg",150,150,true],"full":["https:\/\/www.lebens-qi.at\/qishop\/wp-content\/uploads\/64670.jpg",800,800,false]},"categories":["690"],"categories_names":{"690":{"name":"Song of India","link":"https:\/\/www.lebens-qi.at\/qishop\/brand\/song-of-india\/"}},"comments_number":"0","brands":[{"id":690,"name":"Song of India","slug":"song-of-india"}],"_links":{"self":[{"href":"https:\/\/www.lebens-qi.at\/qishop\/wp-json\/wp\/v2\/product\/5497","targetHints":{"allow":["GET"]}}],"collection":[{"href":"https:\/\/www.lebens-qi.at\/qishop\/wp-json\/wp\/v2\/product"}],"about":[{"href":"https:\/\/www.lebens-qi.at\/qishop\/wp-json\/wp\/v2\/types\/product"}],"replies":[{"embeddable":true,"href":"https:\/\/www.lebens-qi.at\/qishop\/wp-json\/wp\/v2\/comments?post=5497"}],"wp:featuredmedia":[{"embeddable":true,"href":"https:\/\/www.lebens-qi.at\/qishop\/wp-json\/wp\/v2\/media\/5496"}],"wp:attachment":[{"href":"https:\/\/www.lebens-qi.at\/qishop\/wp-json\/wp\/v2\/media?parent=5497"}],"wp:term":[{"taxonomy":"pwb-brand","embeddable":true,"href":"https:\/\/www.lebens-qi.at\/qishop\/wp-json\/wp\/v2\/pwb-brand?post=5497"},{"taxonomy":"product_brand","embeddable":true,"href":"https:\/\/www.lebens-qi.at\/qishop\/wp-json\/wp\/v2\/product_brand?post=5497"},{"taxonomy":"product_cat","embeddable":true,"href":"https:\/\/www.lebens-qi.at\/qishop\/wp-json\/wp\/v2\/product_cat?post=5497"},{"taxonomy":"product_tag","embeddable":true,"href":"https:\/\/www.lebens-qi.at\/qishop\/wp-json\/wp\/v2\/product_tag?post=5497"}],"curies":[{"name":"wp","href":"https:\/\/api.w.org\/{rel}","templated":true}]}}