{"id":5511,"date":"2024-03-12T17:34:43","date_gmt":"2024-03-12T16:34:43","guid":{"rendered":"https:\/\/www.lebens-qi.at\/qishop\/produkt\/pitta-aqua-oud-ayurveda-duftkerze\/"},"modified":"2024-12-27T12:30:15","modified_gmt":"2024-12-27T11:30:15","slug":"pitta-aqua-oud-ayurveda-duftkerze","status":"publish","type":"product","link":"https:\/\/www.lebens-qi.at\/qishop\/produkt\/pitta-aqua-oud-ayurveda-duftkerze\/","title":{"rendered":"Pitta &#8211; Aqua Oud &#8211; Ayurveda Duftkerze"},"content":{"rendered":"<p><b>Ayurvedische Duftkerze im dekorativen Glas <\/b><br \/>\naus luxuri\u00f6ser Kokosnussbutter und Sojawachs, parf\u00fcmiert mit feinsten \u00e4therischen \u00d6len.<br \/>\nVon Hand mit einem Baumwolldocht (weniger Rauch und Ru\u00df!) gegossen. <b><\/p>\n<p>Duftprofil Pitta<\/b><br \/>\nDie raffinierten und k\u00fchlenden Aqua-Noten verbinden sich perfekt mit dem unwiderstehlich warmen und beruhigenden Duft von Assam-Agarholz\u00f6l. Dies ist eine Must-Have-Kerze f\u00fcr Pitta-Dosha.<br \/>\n<b>Merkmale von Pitta (Konstitution)<\/b><br \/>\nLogisch und konzentriert, normalerweise von durchschnittlicher Gr\u00f6\u00dfe und muskul\u00f6sem K\u00f6rperbau.Kann unter Wutausbr\u00fcchen leiden und es f\u00e4llt ihm schwer, sich zu entspannen.<\/p>\n<p>Verpackung: stilvolle Kartonr\u00f6hrenverpackung mit Quaste<br \/>\nHergestellt in Indien<br \/>\n<b>Brenndauer: <\/b>ca. 55 Std.<br \/>\n<b>Inhalt:<\/b> 200 g<\/p>\n<p><b><em>Anwendung:<\/em><\/b><br \/>\nDocht vor dem Brennen immer auf 0,5 cm k\u00fcrzen.<br \/>\nBeenden Sie die Verwendung, wenn \u00b11 cm Wachs im Boden verbleibt.<br \/>\nBrennen Sie jedes Mal, wenn die Kerze angez\u00fcndet wird, mindestens eine Stunde pro 2 cm Kerzendurchmesser, um die beste Brenneffizienz zu gew\u00e4hrleisten.<br \/>\nNicht l\u00e4nger als 4 Stunden am St\u00fcck brennen lassen.<br \/>\nNur f\u00fcr den Innenbereich.<\/p>\n<p><b>Achtung:<\/b><br \/>\nBrennen Sie die Kerze nur in Sichtweite ab.<br \/>\nAu\u00dferhalb der Reichweite von Kindern und Haustieren aufbewahren.<br \/>\nBrennen Sie niemals auf oder in der N\u00e4he von Gegenst\u00e4nden, die Feuer fangen k\u00f6nnen.<br \/>\nBrennen Sie die Kerze auf einer hitzebest\u00e4ndigen, ebenen und stabilen Oberfl\u00e4che ab.<br \/>\nIn einem gut bel\u00fcfteten Bereich verbrennen, aber von Zugluft und L\u00fcftungs\u00f6ffnungen fernhalten.<br \/>\nBewegen Sie sich nicht, w\u00e4hrend das Wachs angez\u00fcndet ist oder bis das Wachs ausgeh\u00e4rtet ist.<br \/>\nHalten Sie den Wachspool jederzeit frei von Dochtresten, Streichh\u00f6lzern und Schmutz.<\/p>\n","protected":false},"excerpt":{"rendered":"<p>k\u00fchlend &amp; beruhigend<\/p>\n","protected":false},"featured_media":5510,"comment_status":"open","ping_status":"closed","template":"","meta":{"_links_to":"","_links_to_target":""},"pwb-brand":[690],"product_brand":[],"product_cat":[924,925],"product_tag":[247,926,725],"class_list":{"0":"post-5511","1":"product","2":"type-product","3":"status-publish","4":"has-post-thumbnail","6":"pwb-brand-song-of-india","7":"product_cat-duftkerzen","8":"product_cat-kerzen-im-glas","9":"product_tag-ayurveda","10":"product_tag-duftkerze","11":"product_tag-oud","13":"first","14":"instock","15":"taxable","16":"shipping-taxable","17":"purchasable","18":"product-type-simple"},"blog_post_layout_featured_media_urls":{"thumbnail":["https:\/\/www.lebens-qi.at\/qishop\/wp-content\/uploads\/64600-150x150.jpg",150,150,true],"full":["https:\/\/www.lebens-qi.at\/qishop\/wp-content\/uploads\/64600.jpg",800,800,false]},"categories":["690"],"categories_names":{"690":{"name":"Song of India","link":"https:\/\/www.lebens-qi.at\/qishop\/brand\/song-of-india\/"}},"comments_number":"0","brands":[{"id":690,"name":"Song of India","slug":"song-of-india"}],"_links":{"self":[{"href":"https:\/\/www.lebens-qi.at\/qishop\/wp-json\/wp\/v2\/product\/5511","targetHints":{"allow":["GET"]}}],"collection":[{"href":"https:\/\/www.lebens-qi.at\/qishop\/wp-json\/wp\/v2\/product"}],"about":[{"href":"https:\/\/www.lebens-qi.at\/qishop\/wp-json\/wp\/v2\/types\/product"}],"replies":[{"embeddable":true,"href":"https:\/\/www.lebens-qi.at\/qishop\/wp-json\/wp\/v2\/comments?post=5511"}],"wp:featuredmedia":[{"embeddable":true,"href":"https:\/\/www.lebens-qi.at\/qishop\/wp-json\/wp\/v2\/media\/5510"}],"wp:attachment":[{"href":"https:\/\/www.lebens-qi.at\/qishop\/wp-json\/wp\/v2\/media?parent=5511"}],"wp:term":[{"taxonomy":"pwb-brand","embeddable":true,"href":"https:\/\/www.lebens-qi.at\/qishop\/wp-json\/wp\/v2\/pwb-brand?post=5511"},{"taxonomy":"product_brand","embeddable":true,"href":"https:\/\/www.lebens-qi.at\/qishop\/wp-json\/wp\/v2\/product_brand?post=5511"},{"taxonomy":"product_cat","embeddable":true,"href":"https:\/\/www.lebens-qi.at\/qishop\/wp-json\/wp\/v2\/product_cat?post=5511"},{"taxonomy":"product_tag","embeddable":true,"href":"https:\/\/www.lebens-qi.at\/qishop\/wp-json\/wp\/v2\/product_tag?post=5511"}],"curies":[{"name":"wp","href":"https:\/\/api.w.org\/{rel}","templated":true}]}}