{"id":5513,"date":"2024-03-12T17:34:46","date_gmt":"2024-03-12T16:34:46","guid":{"rendered":"https:\/\/www.lebens-qi.at\/qishop\/produkt\/kapha-salbei-minze-ayurveda-duftkerze\/"},"modified":"2024-12-27T12:30:15","modified_gmt":"2024-12-27T11:30:15","slug":"kapha-salbei-minze-ayurveda-duftkerze","status":"publish","type":"product","link":"https:\/\/www.lebens-qi.at\/qishop\/produkt\/kapha-salbei-minze-ayurveda-duftkerze\/","title":{"rendered":"Kapha &#8211; Salbei &amp; Minze &#8211; Ayurveda Duftkerze"},"content":{"rendered":"<p><b>Ayurvedische Duftkerze im dekorativen Glas  <\/b><br \/> aus luxuri\u00f6ser Kokosnussbutter und Sojawachs, parf\u00fcmiert mit feinsten \u00e4therischen \u00d6len.<br \/>Von Hand mit einem Baumwolldocht (weniger Rauch und Ru\u00df!) gegossen. <b><\/p>\n<p>Duftprofil Kapha<\/b><br \/>Diese erdige Mischung aus heiligem Salbei reinigt die Umgebung, w\u00e4hrend die k\u00fchlenden Eigenschaften der Minzbl\u00e4tter Sie den ganzen Tag aufgeladen und belebt halten. Passt am besten zu Menschen mit Kapha-Dosha.<br \/><b>Merkmale von Kapha (Konstitution)<\/b><br \/>Ruhig, liebevoll und verst\u00e4ndnisvoll mit einem beeindruckenden K\u00f6rperbau und gut definierten Merkmalen.Sie k\u00f6nnen dazu neigen, zu viel zu essen, Sport zu vermeiden und \u00fcberm\u00e4\u00dfig zu schlafen.<\/p>\n<p>Verpackung: stilvolle Kartonr\u00f6hrenverpackung mit Quaste <br \/>Hergestellt in Indien<br \/><b>Brenndauer: <\/b>ca. 55 Std.<br \/><b>Inhalt:<\/b> 200 g<\/p>\n<p><b><em>Anwendung:<\/b><br \/>Docht vor dem Brennen immer auf 0,5 cm k\u00fcrzen.<br \/>Beenden Sie die Verwendung, wenn \u00b11 cm Wachs im Boden verbleibt.<br \/>Brennen Sie jedes Mal, wenn die Kerze angez\u00fcndet wird, mindestens eine Stunde pro 2 cm Kerzendurchmesser, um die beste Brenneffizienz zu gew\u00e4hrleisten.<br \/>Nicht l\u00e4nger als 4 Stunden am St\u00fcck brennen lassen.<br \/>Nur f\u00fcr den Innenbereich.<\/p>\n<p><b>Achtung:<\/b><br \/>Brennen Sie die Kerze nur in Sichtweite ab.<br \/>Au\u00dferhalb der Reichweite von Kindern und Haustieren aufbewahren.<br \/>Brennen Sie niemals auf oder in der N\u00e4he von Gegenst\u00e4nden, die Feuer fangen k\u00f6nnen.<br \/>Brennen Sie die Kerze auf einer hitzebest\u00e4ndigen, ebenen und stabilen Oberfl\u00e4che ab.<br \/>In einem gut bel\u00fcfteten Bereich verbrennen, aber von Zugluft und L\u00fcftungs\u00f6ffnungen fernhalten.<br \/>Bewegen Sie sich nicht, w\u00e4hrend das Wachs angez\u00fcndet ist oder bis das Wachs ausgeh\u00e4rtet ist.<br \/>Halten Sie den Wachspool jederzeit frei von Dochtresten, Streichh\u00f6lzern und Schmutz.<\/em><\/p>\n","protected":false},"excerpt":{"rendered":"<p>reinigend &#038; aufladend<\/p>\n","protected":false},"featured_media":5512,"comment_status":"open","ping_status":"closed","template":"","meta":{"_links_to":"","_links_to_target":""},"pwb-brand":[690],"product_brand":[],"product_cat":[924,925],"product_tag":[247,926,235,401],"class_list":{"0":"post-5513","1":"product","2":"type-product","3":"status-publish","4":"has-post-thumbnail","6":"pwb-brand-song-of-india","7":"product_cat-duftkerzen","8":"product_cat-kerzen-im-glas","9":"product_tag-ayurveda","10":"product_tag-duftkerze","11":"product_tag-minze","12":"product_tag-salbei","14":"first","15":"instock","16":"taxable","17":"shipping-taxable","18":"purchasable","19":"product-type-simple"},"blog_post_layout_featured_media_urls":{"thumbnail":["https:\/\/www.lebens-qi.at\/qishop\/wp-content\/uploads\/64633-150x150.jpg",150,150,true],"full":["https:\/\/www.lebens-qi.at\/qishop\/wp-content\/uploads\/64633.jpg",800,800,false]},"categories":["690"],"categories_names":{"690":{"name":"Song of India","link":"https:\/\/www.lebens-qi.at\/qishop\/brand\/song-of-india\/"}},"comments_number":"0","brands":[{"id":690,"name":"Song of India","slug":"song-of-india"}],"_links":{"self":[{"href":"https:\/\/www.lebens-qi.at\/qishop\/wp-json\/wp\/v2\/product\/5513","targetHints":{"allow":["GET"]}}],"collection":[{"href":"https:\/\/www.lebens-qi.at\/qishop\/wp-json\/wp\/v2\/product"}],"about":[{"href":"https:\/\/www.lebens-qi.at\/qishop\/wp-json\/wp\/v2\/types\/product"}],"replies":[{"embeddable":true,"href":"https:\/\/www.lebens-qi.at\/qishop\/wp-json\/wp\/v2\/comments?post=5513"}],"wp:featuredmedia":[{"embeddable":true,"href":"https:\/\/www.lebens-qi.at\/qishop\/wp-json\/wp\/v2\/media\/5512"}],"wp:attachment":[{"href":"https:\/\/www.lebens-qi.at\/qishop\/wp-json\/wp\/v2\/media?parent=5513"}],"wp:term":[{"taxonomy":"pwb-brand","embeddable":true,"href":"https:\/\/www.lebens-qi.at\/qishop\/wp-json\/wp\/v2\/pwb-brand?post=5513"},{"taxonomy":"product_brand","embeddable":true,"href":"https:\/\/www.lebens-qi.at\/qishop\/wp-json\/wp\/v2\/product_brand?post=5513"},{"taxonomy":"product_cat","embeddable":true,"href":"https:\/\/www.lebens-qi.at\/qishop\/wp-json\/wp\/v2\/product_cat?post=5513"},{"taxonomy":"product_tag","embeddable":true,"href":"https:\/\/www.lebens-qi.at\/qishop\/wp-json\/wp\/v2\/product_tag?post=5513"}],"curies":[{"name":"wp","href":"https:\/\/api.w.org\/{rel}","templated":true}]}}