{"id":5591,"date":"2024-03-12T17:36:29","date_gmt":"2024-03-12T16:36:29","guid":{"rendered":"https:\/\/www.lebens-qi.at\/qishop\/produkt\/love-spell-manifestationskerze-im-glas\/"},"modified":"2025-09-19T14:22:31","modified_gmt":"2025-09-19T12:22:31","slug":"love-spell-manifestationskerze-im-glas","status":"publish","type":"product","link":"https:\/\/www.lebens-qi.at\/qishop\/produkt\/love-spell-manifestationskerze-im-glas\/","title":{"rendered":"Love Spell &#8211; Manifestationskerze im Glas"},"content":{"rendered":"<p><b>Love Spell Manifestationskerze im Glas <\/b><br \/>\nhandgegossen aus giftfreiem Soja- und Palmwachs, mit \u00e4therischen \u00d6len <b><\/p>\n<p>Duftprofil Rosen und Pfingstrosen<\/b><\/p>\n<p>Eine Manifestationskerze ist ein hilfreiches Werkzeug, um W\u00fcnsche in die Realit\u00e4t zu bringen. Sie geh\u00f6rt dem Element Feuer an, das in allen Kulturen rituell f\u00fcr Transformationsarbeit verwendet wird. Die Kerze wirft ein aufschlussreiches Licht auf Dinge, die sonst im Verborgenen bleiben w\u00fcrden. Sie hilft uns unsere Denkweise zu \u00e4ndern und die Kraft unserer Gedanken zu nutzen.<\/p>\n<p>Hergestellt in Indien<br \/>\n<b>Brenndauer: <\/b>ca. 80 Std.<br \/>\n<b>Inhalt:<\/b> 300 g<\/p>\n<p><em>Jedes Mal, wenn die Kerze angez\u00fcndet wird, sollte man sie mindestens 20 Minuten pro cm Kerzendurchmesser brennen lassen, um die beste Brennleistung zu erzielen.Nicht l\u00e4nger als 4 Stunden am St\u00fcck brennen lassen.<br \/>\nDen Docht bei jedem Anz\u00fcnden der Kerze auf 0,5 cm k\u00fcrzen.<br \/>\nVerwenden Sie die Kerze nicht mehr, wenn 1,3 cm Wachs im Boden verbleibt.<br \/>\nNur f\u00fcr den Innenbereich.<\/p>\n<p><b>Achtung:<\/b><br \/>\nAu\u00dferhalb der Reichweite von Kindern und Haustieren aufstellen.<br \/>\nNicht an einem zugigen Ort aufstellen, da sich dadurch die Brenndauer verk\u00fcrzt.<br \/>\nLassen Sie eine brennende Kerze nicht unbeaufsichtigt.<br \/>\nImmer auf eine hitzebest\u00e4ndige Unterlage stellen.<\/em><\/p>\n","protected":false},"excerpt":{"rendered":"<p>Liebevolle-Atmosph\u00e4re<\/p>\n","protected":false},"featured_media":5590,"comment_status":"open","ping_status":"closed","template":"","meta":{"_links_to":"","_links_to_target":""},"pwb-brand":[690],"product_brand":[],"product_cat":[924,3020,925],"product_tag":[926,937],"class_list":{"0":"post-5591","1":"product","2":"type-product","3":"status-publish","4":"has-post-thumbnail","6":"pwb-brand-song-of-india","7":"product_cat-duftkerzen","8":"product_cat-hochzeit","9":"product_cat-kerzen-im-glas","10":"product_tag-duftkerze","11":"product_tag-manifestationskerze","13":"first","14":"instock","15":"taxable","16":"shipping-taxable","17":"purchasable","18":"product-type-simple"},"blog_post_layout_featured_media_urls":{"thumbnail":["https:\/\/www.lebens-qi.at\/qishop\/wp-content\/uploads\/64720-150x150.jpg",150,150,true],"full":["https:\/\/www.lebens-qi.at\/qishop\/wp-content\/uploads\/64720.jpg",800,800,false]},"categories":["690"],"categories_names":{"690":{"name":"Song of India","link":"https:\/\/www.lebens-qi.at\/qishop\/brand\/song-of-india\/"}},"comments_number":"0","brands":[{"id":690,"name":"Song of India","slug":"song-of-india"}],"_links":{"self":[{"href":"https:\/\/www.lebens-qi.at\/qishop\/wp-json\/wp\/v2\/product\/5591","targetHints":{"allow":["GET"]}}],"collection":[{"href":"https:\/\/www.lebens-qi.at\/qishop\/wp-json\/wp\/v2\/product"}],"about":[{"href":"https:\/\/www.lebens-qi.at\/qishop\/wp-json\/wp\/v2\/types\/product"}],"replies":[{"embeddable":true,"href":"https:\/\/www.lebens-qi.at\/qishop\/wp-json\/wp\/v2\/comments?post=5591"}],"wp:featuredmedia":[{"embeddable":true,"href":"https:\/\/www.lebens-qi.at\/qishop\/wp-json\/wp\/v2\/media\/5590"}],"wp:attachment":[{"href":"https:\/\/www.lebens-qi.at\/qishop\/wp-json\/wp\/v2\/media?parent=5591"}],"wp:term":[{"taxonomy":"pwb-brand","embeddable":true,"href":"https:\/\/www.lebens-qi.at\/qishop\/wp-json\/wp\/v2\/pwb-brand?post=5591"},{"taxonomy":"product_brand","embeddable":true,"href":"https:\/\/www.lebens-qi.at\/qishop\/wp-json\/wp\/v2\/product_brand?post=5591"},{"taxonomy":"product_cat","embeddable":true,"href":"https:\/\/www.lebens-qi.at\/qishop\/wp-json\/wp\/v2\/product_cat?post=5591"},{"taxonomy":"product_tag","embeddable":true,"href":"https:\/\/www.lebens-qi.at\/qishop\/wp-json\/wp\/v2\/product_tag?post=5591"}],"curies":[{"name":"wp","href":"https:\/\/api.w.org\/{rel}","templated":true}]}}