{"id":568,"date":"2024-02-13T11:58:48","date_gmt":"2024-02-13T10:58:48","guid":{"rendered":"https:\/\/www.lebens-qi.at\/qishop\/produkt\/frische-aetherische-oelmischung\/"},"modified":"2025-07-09T12:15:32","modified_gmt":"2025-07-09T10:15:32","slug":"frische-aetherische-oelmischung","status":"publish","type":"product","link":"https:\/\/www.lebens-qi.at\/qishop\/produkt\/frische-aetherische-oelmischung\/","title":{"rendered":"Frische &#8211; \u00c4therische \u00d6lmischung"},"content":{"rendered":"<p><b>Frische (Duftmischung)<\/b><\/p>\n<p>Erfrischendes, w\u00fcrzig-anregendes Duft\u00f6l mit angenehmer Zitrusnote.<\/p>\n<p>\u2022 Wichtigste Bestandteile: Eukalyptus, Citronelle, Lemongrass<br \/>\n\u2022 Duftprofil: Frisch, kraftvoll, w\u00fcrzig, k\u00fchl<br \/>\n\u2022 Wirkung: Belebend, verbessert Raumluft, reinigend, kr\u00e4ftigend<\/p>\n<p>Genie\u00dfe die erfrischende Atmosph\u00e4re dieses w\u00fcrzig-anregenden Duft\u00f6ls mit angenehmer Zitrusnote und verbessere augenblicklich die Raumluft deiner Umgebung. Diese Duftmischung vereint die w\u00fcrzig-anregende Vitalisierungskraft des Eukalyptus (Eucalyptus globulus) mit dem exotisch-kreativen Lebenselexier Lemongrass (Cymbopogon flexuosus) und dem harmonisierend-zitronigen Gleichgewicht der Citronella (Cymbopogon winterianus).<\/p>\n<p>Gemeinsam wirken sie belebend und ausgleichend, f\u00f6rdern die Konzentration und st\u00e4rken unsere Auffassungsgabe. Zus\u00e4tzlich vertreibt dieser erfrischende Duft ungew\u00fcnschte Ger\u00fcche der n\u00e4heren Umgebung.<\/p>\n<p><strong>Anwendungstipps:<\/strong><\/p>\n<p>\u2022 Gib 3 Tropfen der Duftmischung in deinen Diffuser.<br \/>\n\u2022 Wenn du unterwegs bist, gib 3 Tropfen auf ein Taschentuch und inhaliere den \u00e4therischen Duft direkt ein.<\/p>\n<p><b>Herkunftsland<\/b>: Deutschland<br \/>\n<b>Qualit\u00e4t<\/b>: 100% naturreine \u00e4therische \u00d6le<br \/>\n<b>Eignung als<\/b>: Mischung f\u00fcr individuelle Raumbeduftung und Aromapflege.<br \/>\n<b>INCI<\/b>: Eucalyptus globulus Leaf Oil, Litsea cubeba Fruit Oil, Cymbopogon winterianus Herb Oil, Citrus limon Peel Oil, Rosmarinus officinalis Leaf Oil, Cymbopogon flexuosus Leaf Oil, Eucalyptus globulus Leaf Oil, Mentha arvensis Herb Oil<strong><br \/>\nAllergene:<\/strong> Citral, Geraniol, Linalool, Citronellol, Limonene, Eugenol<\/p>\n<p><strong>Weitere Hinweise<\/strong><br \/>\nVon Hitze und Sonnenlicht fernhalten. Nicht einnehmen. F\u00fcr Kinder unzug\u00e4nglich aufbewahren. Kontakt mit Augen vermeiden.<\/p>\n<p><em>F\u00fcr den Text verantwortlich: Ayus GmbH &#8211; Oshadhi &#8211; www.oshadhi.de<\/em><\/p>\n","protected":false},"excerpt":{"rendered":"<p>FRISCH<\/p>\n","protected":false},"featured_media":11233,"comment_status":"open","ping_status":"closed","template":"","meta":{"_links_to":"","_links_to_target":""},"pwb-brand":[134],"product_brand":[],"product_cat":[127],"product_tag":[128,405,129,131,412,705,130,132],"class_list":{"0":"post-568","1":"product","2":"type-product","3":"status-publish","4":"has-post-thumbnail","6":"pwb-brand-oshadhi","7":"product_cat-duftmischungen","8":"product_tag-aetherische-oele","9":"product_tag-citronella","10":"product_tag-duft","11":"product_tag-duftmischung","12":"product_tag-eukalyptus","13":"product_tag-lemongras","14":"product_tag-oelmischung","15":"product_tag-oshadhi","16":"pa_herkunft-deutschland","17":"pa_qualitaet-100-naturreine-aetherische-oele","19":"first","20":"instock","21":"taxable","22":"shipping-taxable","23":"purchasable","24":"product-type-simple"},"blog_post_layout_featured_media_urls":{"thumbnail":["https:\/\/www.lebens-qi.at\/qishop\/wp-content\/uploads\/4050_-_Frische-e1734514928218-150x150.webp",150,150,true],"full":["https:\/\/www.lebens-qi.at\/qishop\/wp-content\/uploads\/4050_-_Frische-e1734514928218.webp",598,598,false]},"categories":["134"],"categories_names":{"134":{"name":"Oshadhi","link":"https:\/\/www.lebens-qi.at\/qishop\/brand\/oshadhi\/"}},"comments_number":"0","brands":[{"id":134,"name":"Oshadhi","slug":"oshadhi"}],"_links":{"self":[{"href":"https:\/\/www.lebens-qi.at\/qishop\/wp-json\/wp\/v2\/product\/568","targetHints":{"allow":["GET"]}}],"collection":[{"href":"https:\/\/www.lebens-qi.at\/qishop\/wp-json\/wp\/v2\/product"}],"about":[{"href":"https:\/\/www.lebens-qi.at\/qishop\/wp-json\/wp\/v2\/types\/product"}],"replies":[{"embeddable":true,"href":"https:\/\/www.lebens-qi.at\/qishop\/wp-json\/wp\/v2\/comments?post=568"}],"wp:featuredmedia":[{"embeddable":true,"href":"https:\/\/www.lebens-qi.at\/qishop\/wp-json\/wp\/v2\/media\/11233"}],"wp:attachment":[{"href":"https:\/\/www.lebens-qi.at\/qishop\/wp-json\/wp\/v2\/media?parent=568"}],"wp:term":[{"taxonomy":"pwb-brand","embeddable":true,"href":"https:\/\/www.lebens-qi.at\/qishop\/wp-json\/wp\/v2\/pwb-brand?post=568"},{"taxonomy":"product_brand","embeddable":true,"href":"https:\/\/www.lebens-qi.at\/qishop\/wp-json\/wp\/v2\/product_brand?post=568"},{"taxonomy":"product_cat","embeddable":true,"href":"https:\/\/www.lebens-qi.at\/qishop\/wp-json\/wp\/v2\/product_cat?post=568"},{"taxonomy":"product_tag","embeddable":true,"href":"https:\/\/www.lebens-qi.at\/qishop\/wp-json\/wp\/v2\/product_tag?post=568"}],"curies":[{"name":"wp","href":"https:\/\/api.w.org\/{rel}","templated":true}]}}