{"id":5795,"date":"2024-03-13T23:44:26","date_gmt":"2024-03-13T22:44:26","guid":{"rendered":"https:\/\/www.lebens-qi.at\/qishop\/produkt\/blume-des-lebens-weiss-gold-meditationskissen\/"},"modified":"2025-02-21T15:47:14","modified_gmt":"2025-02-21T14:47:14","slug":"blume-des-lebens-weiss-gold-meditationskissen","status":"publish","type":"product","link":"https:\/\/www.lebens-qi.at\/qishop\/produkt\/blume-des-lebens-weiss-gold-meditationskissen\/","title":{"rendered":"Blume des Lebens wei\u00df\/gold Meditationskissen"},"content":{"rendered":"<p>Yogi &#038; Yogini Meditationskissen wei\u00df\/gold <b>Blume des Lebens<\/b>. <br \/>Innenkissen und Bezug aus 100% Bio-Baumwolle, gef\u00fcllt mit nat\u00fcrlicher Buchweizenspreu. 6% des gesamten Meditationskissens sind biologisch. Zertifiziert nach Organic Content Standard (OCS Blended). (*)<\/p>\n<p><b>Blume des Lebens<\/b><br \/>Die Blume des Lebens ist ein Symbol der heiligen Geometrie und symbolisiert die Einheit von allem innerhalb der Sch\u00f6pfung des Lebens.<\/p>\n<p><b>Verstell- und nachf\u00fcllbar<\/b><br \/>\u200bDie H\u00f6he des Meditationskissens kann durch Hinzuf\u00fcgen bzw. Herausnehmen von ein wenig Buchweizenspreuf\u00fcllung einfach angepasst werden. Die Buchweizenspreu im Meditationskissen setzt sich mit der Zeit etwas. <\/p>\n<p><b>Produktspezifikationen<\/b><br \/>OCS Blended zertifiziert (*), hergestellt nach GOTS-Standards.<br \/>Bezug (**): 100% Bio-Baumwolle mit Rei\u00dfverschluss an der Unterseite.Innenkissen: ungebleichte Bio-Baumwolle (100%), mit einer Schnur geschlossenF\u00fcllung: Buchweizenspreu von guter Qualit\u00e4t, ohne Unregelm\u00e4\u00dfigkeiten.<\/p>\n<p><b>Farbe:<\/b> wei\u00df mit goldenem Aufdruck<br \/><b>Durchmesser: <\/b>33 cm<br \/><b>H\u00f6he: <\/b>17 cm<\/p>\n<p>* Der Organic Content Standard (OCS) gilt f\u00fcr alle Non-Food-Produkte, die 5 &#8211; 100% biologisches Material enthalten. Gepr\u00fcft wird das Vorhandensein und der Prozentsatz biologischen Materials, welches ein Endprodukt enth\u00e4lt. Gefolgt wird der Kette vom Rohstoff vom Begin bis zum Endprodukt, dieser Prozess ist von akkreditierten Dritten zertifiziert. So kann eine transparente, konsistente und umfassende unabh\u00e4ngige Bewertung und \u00dcberpr\u00fcfungvon Angaben zu biologischem Material in Produkten gew\u00e4hrleistet werden.<\/p>\n<p>** Die Kissen k\u00f6nnen wegen unterschiedlicher Farbb\u00e4der geringe Farbunterschiede aufweisen.<\/p>\n","protected":false},"excerpt":{"rendered":"<p>mit Bezug aus Bio-Baumwolle<\/p>\n","protected":false},"featured_media":5794,"comment_status":"open","ping_status":"closed","template":"","meta":{"_links_to":"","_links_to_target":""},"pwb-brand":[922],"product_brand":[],"product_cat":[963],"product_tag":[308,831,964,969,966,967,158,965],"class_list":{"0":"post-5795","1":"product","2":"type-product","3":"status-publish","4":"has-post-thumbnail","6":"pwb-brand-yogi-yogini-meditation","7":"product_cat-meditationssitze","8":"product_tag-blume-des-lebens","9":"product_tag-meditation","10":"product_tag-meditationskissen","11":"product_tag-polster","12":"product_tag-sitzkissen","13":"product_tag-sitzpolster","14":"product_tag-yoga","15":"product_tag-yogakissen","17":"first","18":"outofstock","19":"sold-individually","20":"taxable","21":"shipping-taxable","22":"purchasable","23":"product-type-simple"},"blog_post_layout_featured_media_urls":{"thumbnail":["https:\/\/www.lebens-qi.at\/qishop\/wp-content\/uploads\/7999-150x150.jpg",150,150,true],"full":["https:\/\/www.lebens-qi.at\/qishop\/wp-content\/uploads\/7999.jpg",800,800,false]},"categories":["922"],"categories_names":{"922":{"name":"Yogi &amp; Yogini - Meditation","link":"https:\/\/www.lebens-qi.at\/qishop\/brand\/yogi-yogini-meditation\/"}},"comments_number":"0","brands":[{"id":922,"name":"Yogi &amp; Yogini - Meditation","slug":"yogi-yogini-meditation"}],"_links":{"self":[{"href":"https:\/\/www.lebens-qi.at\/qishop\/wp-json\/wp\/v2\/product\/5795","targetHints":{"allow":["GET"]}}],"collection":[{"href":"https:\/\/www.lebens-qi.at\/qishop\/wp-json\/wp\/v2\/product"}],"about":[{"href":"https:\/\/www.lebens-qi.at\/qishop\/wp-json\/wp\/v2\/types\/product"}],"replies":[{"embeddable":true,"href":"https:\/\/www.lebens-qi.at\/qishop\/wp-json\/wp\/v2\/comments?post=5795"}],"wp:featuredmedia":[{"embeddable":true,"href":"https:\/\/www.lebens-qi.at\/qishop\/wp-json\/wp\/v2\/media\/5794"}],"wp:attachment":[{"href":"https:\/\/www.lebens-qi.at\/qishop\/wp-json\/wp\/v2\/media?parent=5795"}],"wp:term":[{"taxonomy":"pwb-brand","embeddable":true,"href":"https:\/\/www.lebens-qi.at\/qishop\/wp-json\/wp\/v2\/pwb-brand?post=5795"},{"taxonomy":"product_brand","embeddable":true,"href":"https:\/\/www.lebens-qi.at\/qishop\/wp-json\/wp\/v2\/product_brand?post=5795"},{"taxonomy":"product_cat","embeddable":true,"href":"https:\/\/www.lebens-qi.at\/qishop\/wp-json\/wp\/v2\/product_cat?post=5795"},{"taxonomy":"product_tag","embeddable":true,"href":"https:\/\/www.lebens-qi.at\/qishop\/wp-json\/wp\/v2\/product_tag?post=5795"}],"curies":[{"name":"wp","href":"https:\/\/api.w.org\/{rel}","templated":true}]}}