{"id":5816,"date":"2024-03-14T00:42:43","date_gmt":"2024-03-13T23:42:43","guid":{"rendered":"https:\/\/www.lebens-qi.at\/qishop\/produkt\/klangstab-mit-filz-gross\/"},"modified":"2024-12-13T12:50:27","modified_gmt":"2024-12-13T11:50:27","slug":"klangstab-mit-filz-gross","status":"publish","type":"product","link":"https:\/\/www.lebens-qi.at\/qishop\/produkt\/klangstab-mit-filz-gross\/","title":{"rendered":"Klangstab mit Filz gro\u00df"},"content":{"rendered":"<p><b>Zubeh\u00f6r f\u00fcr unsere Klangschalen!<\/b><\/p>\n<p>G\u00fcnstiger Holzkl\u00f6ppel f\u00fcr Klangschale<br \/>mit Filz<\/p>\n<p>Gr\u00f6\u00dfe: ca. 20 cmDurchmesser: ca. 2,5 cm<\/p>\n","protected":false},"excerpt":{"rendered":"<p>gro\u00dfer Kl\u00f6ppel f\u00fcr die Klangschale<\/p>\n","protected":false},"featured_media":5815,"comment_status":"open","ping_status":"closed","template":"","meta":{"_links_to":"","_links_to_target":""},"pwb-brand":[617],"product_brand":[],"product_cat":[974],"product_tag":[975,977,978],"class_list":{"0":"post-5816","1":"product","2":"type-product","3":"status-publish","4":"has-post-thumbnail","6":"pwb-brand-yantra","7":"product_cat-klangschalen","8":"product_tag-klangschale","9":"product_tag-klangstab","10":"product_tag-kloeppel","12":"first","13":"instock","14":"taxable","15":"shipping-taxable","16":"purchasable","17":"product-type-simple"},"blog_post_layout_featured_media_urls":{"thumbnail":["https:\/\/www.lebens-qi.at\/qishop\/wp-content\/uploads\/kk-83-150x150.jpg",150,150,true],"full":["https:\/\/www.lebens-qi.at\/qishop\/wp-content\/uploads\/kk-83.jpg",600,600,false]},"categories":["617"],"categories_names":{"617":{"name":"Yantra","link":"https:\/\/www.lebens-qi.at\/qishop\/brand\/yantra\/"}},"comments_number":"0","brands":[{"id":617,"name":"Yantra","slug":"yantra"}],"_links":{"self":[{"href":"https:\/\/www.lebens-qi.at\/qishop\/wp-json\/wp\/v2\/product\/5816","targetHints":{"allow":["GET"]}}],"collection":[{"href":"https:\/\/www.lebens-qi.at\/qishop\/wp-json\/wp\/v2\/product"}],"about":[{"href":"https:\/\/www.lebens-qi.at\/qishop\/wp-json\/wp\/v2\/types\/product"}],"replies":[{"embeddable":true,"href":"https:\/\/www.lebens-qi.at\/qishop\/wp-json\/wp\/v2\/comments?post=5816"}],"wp:featuredmedia":[{"embeddable":true,"href":"https:\/\/www.lebens-qi.at\/qishop\/wp-json\/wp\/v2\/media\/5815"}],"wp:attachment":[{"href":"https:\/\/www.lebens-qi.at\/qishop\/wp-json\/wp\/v2\/media?parent=5816"}],"wp:term":[{"taxonomy":"pwb-brand","embeddable":true,"href":"https:\/\/www.lebens-qi.at\/qishop\/wp-json\/wp\/v2\/pwb-brand?post=5816"},{"taxonomy":"product_brand","embeddable":true,"href":"https:\/\/www.lebens-qi.at\/qishop\/wp-json\/wp\/v2\/product_brand?post=5816"},{"taxonomy":"product_cat","embeddable":true,"href":"https:\/\/www.lebens-qi.at\/qishop\/wp-json\/wp\/v2\/product_cat?post=5816"},{"taxonomy":"product_tag","embeddable":true,"href":"https:\/\/www.lebens-qi.at\/qishop\/wp-json\/wp\/v2\/product_tag?post=5816"}],"curies":[{"name":"wp","href":"https:\/\/api.w.org\/{rel}","templated":true}]}}