{"id":588,"date":"2024-02-13T11:59:12","date_gmt":"2024-02-13T10:59:12","guid":{"rendered":"https:\/\/www.lebens-qi.at\/qishop\/produkt\/winterkraft-winter-immun-aetherische-oelmischung\/"},"modified":"2025-09-25T19:53:29","modified_gmt":"2025-09-25T17:53:29","slug":"winterkraft-winter-immun-aetherische-oelmischung","status":"publish","type":"product","link":"https:\/\/www.lebens-qi.at\/qishop\/produkt\/winterkraft-winter-immun-aetherische-oelmischung\/","title":{"rendered":"Winterkraft (Winter-Immun) &#8211; \u00c4therische \u00d6lmischung"},"content":{"rendered":"<p><b>Winter-Immun (Duftmischung)<\/b><\/p>\n<p>Herb-w\u00fcrziges, krautig-strenges Duft\u00f6l.<\/p>\n<ul>\n<li>Duftprofil: W\u00fcrzig, krautig, klar, streng-herb, intensiv-aromatisch<\/li>\n<li>Wirkung: W\u00e4rmend, aktivierend, aufbauend, ermutigend, kr\u00e4ftigend, vitalisierend<\/li>\n<\/ul>\n<p>Dieses Duft\u00f6l ist der perfekte Begleiter w\u00e4hrend der kalten Jahreszeit und sch\u00fctzt uns durch seine herb-w\u00fcrzigen, krautig-strengen Komposition. Gemeinsam sind sie die besten Verb\u00fcndeten w\u00e4hrend der Winterzeit.<\/p>\n<p>Seelisch wirken sie st\u00e4rkend und geben Widerstands- und Willenskraft. Sie lassen uns durchhalten und geben uns Energie und Mut, wenn trotz Ersch\u00f6pfung noch Leistung von uns gefordert wird.<\/p>\n<p><strong>Anwendungstipps:<\/strong><\/p>\n<ul>\n<li>Gib 3 Tropfen der Duftmischung in deinen Diffuser.<\/li>\n<li>Wenn du unterwegs bist, gib 3 Tropfen auf ein Taschentuch und inhaliere den \u00e4therischen Duft direkt ein.<\/li>\n<\/ul>\n<p><b>Herkunftsland<\/b>: Deutschland<br \/>\n<b>Qualit\u00e4t<\/b>: 100% naturreine \u00e4therische \u00d6le<br \/>\n<b>Eignung als<\/b>: f\u00fcr individuelle Raumbeduftung und Aromapflege.<br \/>\n<b>INCI<\/b>: Cymbopogon martinii Oil, Rosmarinus officinalis Leaf Oil, Melaleuca alternifolia Leaf Oil, Thymus zygis Oil, Cinnamomum camphora Leaf Oil, Eucalyptus smithii Leaf Oil, Cinnamomum camphora linalooliferum Wood Oil, Bursera delpechiana Berry Oil, Eugenia caryophyllus Flower Oil, Satureja montana Oil<br \/>\n<strong>Allergene:<\/strong> Citral, Limonene, Eugenol, Geraniol<\/p>\n<p><strong>Weitere Hinweise<\/strong><br \/>\nVon Hitze und Sonnenlicht fernhalten. Nicht einnehmen. F\u00fcr Kinder unzug\u00e4nglich aufbewahren. Kontakt mit Augen vermeiden.<\/p>\n<p><em>F\u00fcr den Text verantwortlich: Ayus GmbH &#8211; Oshadhi &#8211; www.oshadhi.de<\/em><\/p>\n","protected":false},"excerpt":{"rendered":"<p>HERB-W\u00dcRZIG<\/p>\n","protected":false},"featured_media":11772,"comment_status":"open","ping_status":"closed","template":"","meta":{"_links_to":"","_links_to_target":""},"pwb-brand":[134],"product_brand":[],"product_cat":[127,3018],"product_tag":[128,129,131,130,132],"class_list":{"0":"post-588","1":"product","2":"type-product","3":"status-publish","4":"has-post-thumbnail","6":"pwb-brand-oshadhi","7":"product_cat-duftmischungen","8":"product_cat-weihnachten","9":"product_tag-aetherische-oele","10":"product_tag-duft","11":"product_tag-duftmischung","12":"product_tag-oelmischung","13":"product_tag-oshadhi","15":"first","16":"instock","17":"taxable","18":"shipping-taxable","19":"purchasable","20":"product-type-simple"},"blog_post_layout_featured_media_urls":{"thumbnail":["https:\/\/www.lebens-qi.at\/qishop\/wp-content\/uploads\/19_4286_-_Winter_Kraft-150x150.webp",150,150,true],"full":["https:\/\/www.lebens-qi.at\/qishop\/wp-content\/uploads\/19_4286_-_Winter_Kraft.webp",600,600,false]},"categories":["134"],"categories_names":{"134":{"name":"Oshadhi","link":"https:\/\/www.lebens-qi.at\/qishop\/brand\/oshadhi\/"}},"comments_number":"0","brands":[{"id":134,"name":"Oshadhi","slug":"oshadhi"}],"_links":{"self":[{"href":"https:\/\/www.lebens-qi.at\/qishop\/wp-json\/wp\/v2\/product\/588","targetHints":{"allow":["GET"]}}],"collection":[{"href":"https:\/\/www.lebens-qi.at\/qishop\/wp-json\/wp\/v2\/product"}],"about":[{"href":"https:\/\/www.lebens-qi.at\/qishop\/wp-json\/wp\/v2\/types\/product"}],"replies":[{"embeddable":true,"href":"https:\/\/www.lebens-qi.at\/qishop\/wp-json\/wp\/v2\/comments?post=588"}],"wp:featuredmedia":[{"embeddable":true,"href":"https:\/\/www.lebens-qi.at\/qishop\/wp-json\/wp\/v2\/media\/11772"}],"wp:attachment":[{"href":"https:\/\/www.lebens-qi.at\/qishop\/wp-json\/wp\/v2\/media?parent=588"}],"wp:term":[{"taxonomy":"pwb-brand","embeddable":true,"href":"https:\/\/www.lebens-qi.at\/qishop\/wp-json\/wp\/v2\/pwb-brand?post=588"},{"taxonomy":"product_brand","embeddable":true,"href":"https:\/\/www.lebens-qi.at\/qishop\/wp-json\/wp\/v2\/product_brand?post=588"},{"taxonomy":"product_cat","embeddable":true,"href":"https:\/\/www.lebens-qi.at\/qishop\/wp-json\/wp\/v2\/product_cat?post=588"},{"taxonomy":"product_tag","embeddable":true,"href":"https:\/\/www.lebens-qi.at\/qishop\/wp-json\/wp\/v2\/product_tag?post=588"}],"curies":[{"name":"wp","href":"https:\/\/api.w.org\/{rel}","templated":true}]}}