{"id":596,"date":"2024-02-13T11:59:25","date_gmt":"2024-02-13T10:59:25","guid":{"rendered":"https:\/\/www.lebens-qi.at\/qishop\/produkt\/vital-boost-aetherische-oelmischung\/"},"modified":"2026-02-23T12:19:13","modified_gmt":"2026-02-23T11:19:13","slug":"vital-boost-aetherische-oelmischung","status":"publish","type":"product","link":"https:\/\/www.lebens-qi.at\/qishop\/produkt\/vital-boost-aetherische-oelmischung\/","title":{"rendered":"Vital Boost &#8211; \u00c4therische \u00d6lmischung"},"content":{"rendered":"<p><b>Vital Boots (Duftmischung)<\/b><\/p>\n<p>Zum Ankurbeln unserer internen Schutzsysteme &#8211; w\u00e4rmend, aktivierend, aufbauend, ermutigend, kr\u00e4ftigend, vitalisierend<\/p>\n<p>\u2022 Duftmischung aus 100% reinen \u00e4therischen \u00d6len<\/p>\n<p>\u2022 Bestandteile: Ravintsara, Zitrone, Teebaum, Kardamom, Eukalyptus, Bay Laurel, Majoran, Lemongrass, Myrthe, Rosmarin, Niaouli, Ysop und Koriandersamen<\/p>\n<p>\u2022 Duftprofil: W\u00fcrzig, krautig, klar, streng-herb, intensiv-aromatisch<\/p>\n<p><b>Herkunftsland<\/b>: Deutschland<br \/>\n<b>Qualit\u00e4t<\/b>: 100% naturreine \u00e4therische \u00d6le<br \/>\n<b>Zertifizierung<\/b>: Bio-Synergie Ayus<br \/>\n<b>INCI<\/b>: Rosmarinus officinalis Leaf Oil, Hyssopus officinalis decumbens Leaf Oil, Cinnamomum camphora Leaf Oil, Melaleuca alternifolia Leaf Oil, Origanum marjorana Herb Oil, Coriandrum sativum Seed Oil, Citrus limon Peel Oil, Elettaria cardamomum Seed Oil, Laurus nobilis Leaf Oil, Myrtus communis cineoliferum Oil, Eucalyptus radiata Leaf \/ Stem Oil, Melaleuca viridiflora Leaf Oil, Cymbopogon flexuosus Leaf Oil<br \/>\n<strong>Allergene:<\/strong> Citral, Geraniol, Limonene, Linalool, Citronellol<\/p>\n<p><strong>Weitere Hinweise<\/strong><br \/>\nVon Hitze und Sonnenlicht fernhalten. Das Produkt enth\u00e4lt Teebaum\u00f6l und Kampfer. Nicht einnehmen. F\u00fcr Kinder unzug\u00e4nglich aufbewahren. Der Kontakt mit den Augen und Schleimh\u00e4uten vermieden.<\/p>\n<p><em>F\u00fcr den Text verantwortlich: Ayus GmbH &#8211; Oshadhi &#8211; www.oshadhi.de<\/em><\/p>\n","protected":false},"excerpt":{"rendered":"<p>AKTIVIEREND-KR\u00c4FTIGEND<\/p>\n","protected":false},"featured_media":11701,"comment_status":"open","ping_status":"closed","template":"","meta":{"_links_to":"","_links_to_target":""},"pwb-brand":[134],"product_brand":[],"product_cat":[127],"product_tag":[128,129,131,130,132],"class_list":{"0":"post-596","1":"product","2":"type-product","3":"status-publish","4":"has-post-thumbnail","6":"pwb-brand-oshadhi","7":"product_cat-duftmischungen","8":"product_tag-aetherische-oele","9":"product_tag-duft","10":"product_tag-duftmischung","11":"product_tag-oelmischung","12":"product_tag-oshadhi","14":"first","15":"instock","16":"taxable","17":"shipping-taxable","18":"purchasable","19":"product-type-simple"},"blog_post_layout_featured_media_urls":{"thumbnail":["https:\/\/www.lebens-qi.at\/qishop\/wp-content\/uploads\/24_4268_-_Vital_Boost-150x150.webp",150,150,true],"full":["https:\/\/www.lebens-qi.at\/qishop\/wp-content\/uploads\/24_4268_-_Vital_Boost.webp",600,600,false]},"categories":["134"],"categories_names":{"134":{"name":"Oshadhi","link":"https:\/\/www.lebens-qi.at\/qishop\/brand\/oshadhi\/"}},"comments_number":"0","brands":[{"id":134,"name":"Oshadhi","slug":"oshadhi"}],"_links":{"self":[{"href":"https:\/\/www.lebens-qi.at\/qishop\/wp-json\/wp\/v2\/product\/596","targetHints":{"allow":["GET"]}}],"collection":[{"href":"https:\/\/www.lebens-qi.at\/qishop\/wp-json\/wp\/v2\/product"}],"about":[{"href":"https:\/\/www.lebens-qi.at\/qishop\/wp-json\/wp\/v2\/types\/product"}],"replies":[{"embeddable":true,"href":"https:\/\/www.lebens-qi.at\/qishop\/wp-json\/wp\/v2\/comments?post=596"}],"wp:featuredmedia":[{"embeddable":true,"href":"https:\/\/www.lebens-qi.at\/qishop\/wp-json\/wp\/v2\/media\/11701"}],"wp:attachment":[{"href":"https:\/\/www.lebens-qi.at\/qishop\/wp-json\/wp\/v2\/media?parent=596"}],"wp:term":[{"taxonomy":"pwb-brand","embeddable":true,"href":"https:\/\/www.lebens-qi.at\/qishop\/wp-json\/wp\/v2\/pwb-brand?post=596"},{"taxonomy":"product_brand","embeddable":true,"href":"https:\/\/www.lebens-qi.at\/qishop\/wp-json\/wp\/v2\/product_brand?post=596"},{"taxonomy":"product_cat","embeddable":true,"href":"https:\/\/www.lebens-qi.at\/qishop\/wp-json\/wp\/v2\/product_cat?post=596"},{"taxonomy":"product_tag","embeddable":true,"href":"https:\/\/www.lebens-qi.at\/qishop\/wp-json\/wp\/v2\/product_tag?post=596"}],"curies":[{"name":"wp","href":"https:\/\/api.w.org\/{rel}","templated":true}]}}