{"id":5988,"date":"2024-03-25T18:29:46","date_gmt":"2024-03-25T17:29:46","guid":{"rendered":"https:\/\/www.lebens-qi.at\/qishop\/produkt\/traumfaenger-engelsnummer-444-gold-inkl-kette\/"},"modified":"2025-07-15T16:43:58","modified_gmt":"2025-07-15T14:43:58","slug":"traumfaenger-engelsnummer-444-gold-inkl-kette","status":"publish","type":"product","link":"https:\/\/www.lebens-qi.at\/qishop\/produkt\/traumfaenger-engelsnummer-444-gold-inkl-kette\/","title":{"rendered":"Traumf\u00e4nger Engelsnummer 444 gold inkl. Kette"},"content":{"rendered":"<p><b>SCHUTZ<br \/>\n<em>Das Universum besch\u00fctzt dich.<\/em><\/p>\n<p>Material:<\/b> Edelstahl, 18K vergoldet. Emailleveredelung<br \/>\n<b>Kettenl\u00e4nge: <\/b>45 cm<br \/>\n<b>Kettenst\u00e4rke: <\/b>1 mm<br \/>\n<b>Anh\u00e4nger Durchmesser:<\/b> 1,5 cm<\/p>\n<p>\u2022 Anh\u00e4nger und Kette sind auch sehr gut f\u00fcr empfindliche Tr\u00e4gerinnen geeignet.<br \/>\n\u2022 Es gibt kein Anlaufen oder verf\u00e4rben.<br \/>\n\u2022 Das Schmuckst\u00fcck ist wasserfest.<\/p>\n","protected":false},"excerpt":{"rendered":"<p>SCHUTZ<\/p>\n","protected":false},"featured_media":14964,"comment_status":"open","ping_status":"closed","template":"","meta":{"_links_to":"","_links_to_target":""},"pwb-brand":[999],"product_brand":[],"product_cat":[1902,993],"product_tag":[117,784,996,995,997,118,994],"class_list":{"0":"post-5988","1":"product","2":"type-product","3":"status-publish","4":"has-post-thumbnail","6":"pwb-brand-traumfaenger","7":"product_cat-engelschmuck","8":"product_cat-engelsnummern","9":"product_tag-anhaenger","10":"product_tag-edelstahl","11":"product_tag-engelsnummer","12":"product_tag-engelszahl","13":"product_tag-kette","14":"product_tag-schmuck","15":"product_tag-traumfaenger","17":"first","18":"instock","19":"taxable","20":"shipping-taxable","21":"purchasable","22":"product-type-simple"},"blog_post_layout_featured_media_urls":{"thumbnail":["https:\/\/www.lebens-qi.at\/qishop\/wp-content\/uploads\/444-gold1-150x150.png",150,150,true],"full":["https:\/\/www.lebens-qi.at\/qishop\/wp-content\/uploads\/444-gold1.png",800,800,false]},"categories":["999"],"categories_names":{"999":{"name":"Traumf\u00e4nger","link":"https:\/\/www.lebens-qi.at\/qishop\/brand\/traumfaenger\/"}},"comments_number":"0","brands":[{"id":999,"name":"Traumf\u00e4nger","slug":"traumfaenger"}],"_links":{"self":[{"href":"https:\/\/www.lebens-qi.at\/qishop\/wp-json\/wp\/v2\/product\/5988","targetHints":{"allow":["GET"]}}],"collection":[{"href":"https:\/\/www.lebens-qi.at\/qishop\/wp-json\/wp\/v2\/product"}],"about":[{"href":"https:\/\/www.lebens-qi.at\/qishop\/wp-json\/wp\/v2\/types\/product"}],"replies":[{"embeddable":true,"href":"https:\/\/www.lebens-qi.at\/qishop\/wp-json\/wp\/v2\/comments?post=5988"}],"wp:featuredmedia":[{"embeddable":true,"href":"https:\/\/www.lebens-qi.at\/qishop\/wp-json\/wp\/v2\/media\/14964"}],"wp:attachment":[{"href":"https:\/\/www.lebens-qi.at\/qishop\/wp-json\/wp\/v2\/media?parent=5988"}],"wp:term":[{"taxonomy":"pwb-brand","embeddable":true,"href":"https:\/\/www.lebens-qi.at\/qishop\/wp-json\/wp\/v2\/pwb-brand?post=5988"},{"taxonomy":"product_brand","embeddable":true,"href":"https:\/\/www.lebens-qi.at\/qishop\/wp-json\/wp\/v2\/product_brand?post=5988"},{"taxonomy":"product_cat","embeddable":true,"href":"https:\/\/www.lebens-qi.at\/qishop\/wp-json\/wp\/v2\/product_cat?post=5988"},{"taxonomy":"product_tag","embeddable":true,"href":"https:\/\/www.lebens-qi.at\/qishop\/wp-json\/wp\/v2\/product_tag?post=5988"}],"curies":[{"name":"wp","href":"https:\/\/api.w.org\/{rel}","templated":true}]}}