{"id":6028,"date":"2024-03-26T14:14:35","date_gmt":"2024-03-26T13:14:35","guid":{"rendered":"https:\/\/www.lebens-qi.at\/qishop\/produkt\/traumfaenger-suesswasserperlen-collier-stahl\/"},"modified":"2025-02-21T14:32:10","modified_gmt":"2025-02-21T13:32:10","slug":"traumfaenger-suesswasserperlen-collier-stahl","status":"publish","type":"product","link":"https:\/\/www.lebens-qi.at\/qishop\/produkt\/traumfaenger-suesswasserperlen-collier-stahl\/","title":{"rendered":"Traumf\u00e4nger S\u00fc\u00dfwasserperlen-Collier stahl"},"content":{"rendered":"<p><b>Perfekte Erg\u00e4nzung f\u00fcr deine ENGELSNUMMER<\/b><\/p>\n<p>Collier aus echten S\u00fc\u00dfwasserperlen.<br \/>\nVerl\u00e4ngerung und Verschluss aus Edelstahl<br \/>\n<b>Material:<\/b> S\u00fc\u00dfwasserperlen, Edelstahl<br \/>\n<b>Kettenl\u00e4nge: <\/b>40 cm + 5 cm Verl\u00e4ngerung<br \/>\n<b>Kettenst\u00e4rke:<\/b> ca. 4 mm<\/p>\n","protected":false},"excerpt":{"rendered":"<p>Verl\u00e4ngerung und Verschluss Edelstahl<\/p>\n","protected":false},"featured_media":6004,"comment_status":"open","ping_status":"closed","template":"","meta":{"_links_to":"","_links_to_target":""},"pwb-brand":[999],"product_brand":[],"product_cat":[993,1849],"product_tag":[997,118,998,994],"class_list":{"0":"post-6028","1":"product","2":"type-product","3":"status-publish","4":"has-post-thumbnail","6":"pwb-brand-traumfaenger","7":"product_cat-engelsnummern","8":"product_cat-perlen-muscheln","9":"product_tag-kette","10":"product_tag-schmuck","11":"product_tag-suesswasserperlen","12":"product_tag-traumfaenger","14":"first","15":"instock","16":"sold-individually","17":"taxable","18":"shipping-taxable","19":"purchasable","20":"product-type-simple"},"blog_post_layout_featured_media_urls":{"thumbnail":["https:\/\/www.lebens-qi.at\/qishop\/wp-content\/uploads\/111gold-150x150.jpg",150,150,true],"full":["https:\/\/www.lebens-qi.at\/qishop\/wp-content\/uploads\/111gold.jpg",500,500,false]},"categories":["999"],"categories_names":{"999":{"name":"Traumf\u00e4nger","link":"https:\/\/www.lebens-qi.at\/qishop\/brand\/traumfaenger\/"}},"comments_number":"0","brands":[{"id":999,"name":"Traumf\u00e4nger","slug":"traumfaenger"}],"_links":{"self":[{"href":"https:\/\/www.lebens-qi.at\/qishop\/wp-json\/wp\/v2\/product\/6028","targetHints":{"allow":["GET"]}}],"collection":[{"href":"https:\/\/www.lebens-qi.at\/qishop\/wp-json\/wp\/v2\/product"}],"about":[{"href":"https:\/\/www.lebens-qi.at\/qishop\/wp-json\/wp\/v2\/types\/product"}],"replies":[{"embeddable":true,"href":"https:\/\/www.lebens-qi.at\/qishop\/wp-json\/wp\/v2\/comments?post=6028"}],"wp:featuredmedia":[{"embeddable":true,"href":"https:\/\/www.lebens-qi.at\/qishop\/wp-json\/wp\/v2\/media\/6004"}],"wp:attachment":[{"href":"https:\/\/www.lebens-qi.at\/qishop\/wp-json\/wp\/v2\/media?parent=6028"}],"wp:term":[{"taxonomy":"pwb-brand","embeddable":true,"href":"https:\/\/www.lebens-qi.at\/qishop\/wp-json\/wp\/v2\/pwb-brand?post=6028"},{"taxonomy":"product_brand","embeddable":true,"href":"https:\/\/www.lebens-qi.at\/qishop\/wp-json\/wp\/v2\/product_brand?post=6028"},{"taxonomy":"product_cat","embeddable":true,"href":"https:\/\/www.lebens-qi.at\/qishop\/wp-json\/wp\/v2\/product_cat?post=6028"},{"taxonomy":"product_tag","embeddable":true,"href":"https:\/\/www.lebens-qi.at\/qishop\/wp-json\/wp\/v2\/product_tag?post=6028"}],"curies":[{"name":"wp","href":"https:\/\/api.w.org\/{rel}","templated":true}]}}