{"id":6043,"date":"2024-03-26T14:14:47","date_gmt":"2024-03-26T13:14:47","guid":{"rendered":"https:\/\/www.lebens-qi.at\/qishop\/produkt\/traumfaenger-ring-sonne-schwarz-60\/"},"modified":"2025-05-20T15:41:33","modified_gmt":"2025-05-20T13:41:33","slug":"traumfaenger-ring-sonne-schwarz-60","status":"publish","type":"product","link":"https:\/\/www.lebens-qi.at\/qishop\/produkt\/traumfaenger-ring-sonne-schwarz-60\/","title":{"rendered":"Traumf\u00e4nger Ring Sonne schwarz 60 mm"},"content":{"rendered":"<p><b>Kennst Du das&#8230;?<\/b><\/p>\n<p>Du kommst an einen Ort, den du nie zuvor besucht hast,<br \/>\ndoch er kommt dir so vertraut vor.<\/p>\n<p>Du f\u00fchrst ein Gespr\u00e4ch, das du noch nie gef\u00fchrt haben kannst,<br \/>\ndir ist sein Inhalt jedoch schon bekannt.<\/p>\n<p>Du hast davon getr\u00e4umt.<\/p>\n<p>\u00d6fter als einmal im Leben passiert es, dass Tr\u00e4ume Wirklichkeit werden. Umso wichtiger ist es, dass diese Tr\u00e4ume positiver Natur sind.<\/p>\n<p>Der Traumf\u00e4nger blockt negatives ab und h\u00e4lt positive Gedanken und Gef\u00fchle f\u00fcr dich fest.<\/p>\n<p><b>Material\/Qualit\u00e4t:<\/b><br \/>\nDer verwendete 316L Stahl wird nicht umsonst im Bereich der Chirurgie genutzt; er ist nahezu Anti-allergisch und sorgt f\u00fcr beste Hautvertr\u00e4glichkeit des Traumf\u00e4ngers.<br \/>\nDie Legierung der Anh\u00e4nger erfolgt durch Ionisierung. Es gibt also im Vergleich zu 925 Silber keine unsch\u00f6nen Nebenwirkungen wie m\u00f6gliche Haut-Reizungen oder anlaufen des Schmucks.<br \/>\n<b><br \/>\nSymboldurchmesser: ca. 23 mm<\/b><\/p>\n","protected":false},"excerpt":{"rendered":"<p>Lebe deinen Traum!<\/p>\n","protected":false},"featured_media":15091,"comment_status":"open","ping_status":"closed","template":"","meta":{"_links_to":"","_links_to_target":""},"pwb-brand":[999],"product_brand":[],"product_cat":[1011],"product_tag":[784,1000,118,742,994],"class_list":{"0":"post-6043","1":"product","2":"type-product","3":"status-publish","4":"has-post-thumbnail","6":"pwb-brand-traumfaenger","7":"product_cat-symbolschmuck","8":"product_tag-edelstahl","9":"product_tag-ring","10":"product_tag-schmuck","11":"product_tag-sonne","12":"product_tag-traumfaenger","14":"first","15":"instock","16":"sold-individually","17":"taxable","18":"shipping-taxable","19":"purchasable","20":"product-type-simple"},"blog_post_layout_featured_media_urls":{"thumbnail":["https:\/\/www.lebens-qi.at\/qishop\/wp-content\/uploads\/Sonne-schwarz-1-150x150.png",150,150,true],"full":["https:\/\/www.lebens-qi.at\/qishop\/wp-content\/uploads\/Sonne-schwarz-1.png",800,800,false]},"categories":["999"],"categories_names":{"999":{"name":"Traumf\u00e4nger","link":"https:\/\/www.lebens-qi.at\/qishop\/brand\/traumfaenger\/"}},"comments_number":"0","brands":[{"id":999,"name":"Traumf\u00e4nger","slug":"traumfaenger"}],"_links":{"self":[{"href":"https:\/\/www.lebens-qi.at\/qishop\/wp-json\/wp\/v2\/product\/6043","targetHints":{"allow":["GET"]}}],"collection":[{"href":"https:\/\/www.lebens-qi.at\/qishop\/wp-json\/wp\/v2\/product"}],"about":[{"href":"https:\/\/www.lebens-qi.at\/qishop\/wp-json\/wp\/v2\/types\/product"}],"replies":[{"embeddable":true,"href":"https:\/\/www.lebens-qi.at\/qishop\/wp-json\/wp\/v2\/comments?post=6043"}],"wp:featuredmedia":[{"embeddable":true,"href":"https:\/\/www.lebens-qi.at\/qishop\/wp-json\/wp\/v2\/media\/15091"}],"wp:attachment":[{"href":"https:\/\/www.lebens-qi.at\/qishop\/wp-json\/wp\/v2\/media?parent=6043"}],"wp:term":[{"taxonomy":"pwb-brand","embeddable":true,"href":"https:\/\/www.lebens-qi.at\/qishop\/wp-json\/wp\/v2\/pwb-brand?post=6043"},{"taxonomy":"product_brand","embeddable":true,"href":"https:\/\/www.lebens-qi.at\/qishop\/wp-json\/wp\/v2\/product_brand?post=6043"},{"taxonomy":"product_cat","embeddable":true,"href":"https:\/\/www.lebens-qi.at\/qishop\/wp-json\/wp\/v2\/product_cat?post=6043"},{"taxonomy":"product_tag","embeddable":true,"href":"https:\/\/www.lebens-qi.at\/qishop\/wp-json\/wp\/v2\/product_tag?post=6043"}],"curies":[{"name":"wp","href":"https:\/\/api.w.org\/{rel}","templated":true}]}}