{"id":606,"date":"2024-02-13T11:59:38","date_gmt":"2024-02-13T10:59:38","guid":{"rendered":"https:\/\/www.lebens-qi.at\/qishop\/produkt\/wintertraum-aetherische-oelmischung\/"},"modified":"2025-10-16T14:24:26","modified_gmt":"2025-10-16T12:24:26","slug":"wintertraum-aetherische-oelmischung","status":"publish","type":"product","link":"https:\/\/www.lebens-qi.at\/qishop\/produkt\/wintertraum-aetherische-oelmischung\/","title":{"rendered":"Wintertraum &#8211; \u00c4therische \u00d6lmischung"},"content":{"rendered":"<p><b>Wintertraum (Duftmischung)<\/b><\/p>\n<p>Hol dir mit diesem w\u00fcrzigen, fruchtig-s\u00fc\u00dfen Duft\u00f6l und seiner angenehmen Zimtnote eine gem\u00fctliche, weihnachtliche Atmosph\u00e4re in dein Zuhause.<\/p>\n<p>\u2022 Duftmischung aus 100% reinen \u00e4therischen \u00d6len<\/p>\n<p>\u2022 Wichtigste Bestandteile: Mandarine, Orange s\u00fc\u00df, Cassia-Zimt,&#8230;<\/p>\n<p>\u2022 Duftprofil: w\u00fcrzig, fruchtig-s\u00fc\u00df<\/p>\n<p><strong>Wirkung:<\/strong> f\u00fcr eine gem\u00fctliche Auszeit<\/p>\n<p><strong>WINTERTRAUM DUFT\u00d6L (DUFTMISCHUNG)<\/strong><\/p>\n<p>Das fruchtig-w\u00fcrzige Duft\u00f6l sorgt f\u00fcr eine weihnachtliche Stimmung in deinem Zuhause. Die Duftmischung vereint die fruchtig-ausgelassene Lebensfreude der brasilianischen Orange (Citrus sinensis) mit der sanft-erfrischenden Fantasie der Mandarine (Citrus reticulata) und der warm-w\u00fcrzigen, behaglichen Geborgenheit des Cassia-Zimts (Cinnamomum cassia).<\/p>\n<p>Gib 3 Tropfen der Duftmischung in deinen Diffuser. Wenn du unterwegs bist, gib 3 Tropfen auf ein Taschentuch und inhaliere den \u00e4therischen Duft direkt ein.<\/p>\n<p><b>Herkunftsland<\/b>: Deutschland<br \/>\n<b>Qualit\u00e4t<\/b>: 100% naturreine \u00e4therische \u00d6le<br \/>\n<b>INCI<\/b>: Citrus sinensis Peel Oil expressed, Abies sibirica Needle Oil, Citrus reticulata Peel Oil, Citrus limon Peel Oil, Citrus bergamia Peel Oil expressed, Copaifera species Resin Extracts, Amyris balsamifera Bark Oil, Illicium verum Fruit Oil, Myristica fragrans Fruit Oil, Copaifera officinalis Resin Oil, Boswellia carterii Oil, Myroxylon balsamum Balsam Extract, Elettaria cardamomum Seed Oil, Eugenia caryophyllata Stem Oil, Cinnamomum zeylanicum Leaf Oil, Cinnamomum cassia Oil, Alcohol denat.<br \/>\nAllergene: Eugenol, Coumarin, Citral, Geraniol, Cinnamyl Alcohol, Benzyl Benzoat, Benzyl Alkohol, Cinnamaldehyde, Isoeugenol, Limonene, Citronellol<\/p>\n<h4>Weitere Hinweise<\/h4>\n<p>Von Hitze und Sonnenlicht fernhalten. Nicht einnehmen. F\u00fcr Kinder unzug\u00e4nglich aufbewahren. Kontakt mit Augen vermeiden.<\/p>\n<p><em>F\u00fcr den Text verantwortlich: Ayus GmbH &#8211; Oshadhi &#8211; www.oshadhi.de<\/em><\/p>\n","protected":false},"excerpt":{"rendered":"<p>FRUCHTIG-S\u00dcSS-W\u00dcRZIG<\/p>\n","protected":false},"featured_media":11237,"comment_status":"open","ping_status":"closed","template":"","meta":{"_links_to":"","_links_to_target":""},"pwb-brand":[134],"product_brand":[],"product_cat":[127,3018],"product_tag":[128,129,131,344,130,365,132,624,408],"class_list":{"0":"post-606","1":"product","2":"type-product","3":"status-publish","4":"has-post-thumbnail","6":"pwb-brand-oshadhi","7":"product_cat-duftmischungen","8":"product_cat-weihnachten","9":"product_tag-aetherische-oele","10":"product_tag-duft","11":"product_tag-duftmischung","12":"product_tag-mandarine","13":"product_tag-oelmischung","14":"product_tag-orange","15":"product_tag-oshadhi","16":"product_tag-weihnachten","17":"product_tag-zimt","18":"pa_herkunft-deutschland","19":"pa_qualitaet-100-naturreine-aetherische-oele","21":"first","22":"instock","23":"taxable","24":"shipping-taxable","25":"purchasable","26":"product-type-simple"},"blog_post_layout_featured_media_urls":{"thumbnail":["https:\/\/www.lebens-qi.at\/qishop\/wp-content\/uploads\/wintertraum-oelmischung-150x150.jpg",150,150,true],"full":["https:\/\/www.lebens-qi.at\/qishop\/wp-content\/uploads\/wintertraum-oelmischung.jpg",600,600,false]},"categories":["134"],"categories_names":{"134":{"name":"Oshadhi","link":"https:\/\/www.lebens-qi.at\/qishop\/brand\/oshadhi\/"}},"comments_number":"0","brands":[{"id":134,"name":"Oshadhi","slug":"oshadhi"}],"_links":{"self":[{"href":"https:\/\/www.lebens-qi.at\/qishop\/wp-json\/wp\/v2\/product\/606","targetHints":{"allow":["GET"]}}],"collection":[{"href":"https:\/\/www.lebens-qi.at\/qishop\/wp-json\/wp\/v2\/product"}],"about":[{"href":"https:\/\/www.lebens-qi.at\/qishop\/wp-json\/wp\/v2\/types\/product"}],"replies":[{"embeddable":true,"href":"https:\/\/www.lebens-qi.at\/qishop\/wp-json\/wp\/v2\/comments?post=606"}],"wp:featuredmedia":[{"embeddable":true,"href":"https:\/\/www.lebens-qi.at\/qishop\/wp-json\/wp\/v2\/media\/11237"}],"wp:attachment":[{"href":"https:\/\/www.lebens-qi.at\/qishop\/wp-json\/wp\/v2\/media?parent=606"}],"wp:term":[{"taxonomy":"pwb-brand","embeddable":true,"href":"https:\/\/www.lebens-qi.at\/qishop\/wp-json\/wp\/v2\/pwb-brand?post=606"},{"taxonomy":"product_brand","embeddable":true,"href":"https:\/\/www.lebens-qi.at\/qishop\/wp-json\/wp\/v2\/product_brand?post=606"},{"taxonomy":"product_cat","embeddable":true,"href":"https:\/\/www.lebens-qi.at\/qishop\/wp-json\/wp\/v2\/product_cat?post=606"},{"taxonomy":"product_tag","embeddable":true,"href":"https:\/\/www.lebens-qi.at\/qishop\/wp-json\/wp\/v2\/product_tag?post=606"}],"curies":[{"name":"wp","href":"https:\/\/api.w.org\/{rel}","templated":true}]}}