{"id":608,"date":"2024-02-13T11:59:40","date_gmt":"2024-02-13T10:59:40","guid":{"rendered":"https:\/\/www.lebens-qi.at\/qishop\/produkt\/stern-von-bethlehem-aetherische-oelmischung\/"},"modified":"2025-10-16T14:21:09","modified_gmt":"2025-10-16T12:21:09","slug":"stern-von-bethlehem-aetherische-oelmischung","status":"publish","type":"product","link":"https:\/\/www.lebens-qi.at\/qishop\/produkt\/stern-von-bethlehem-aetherische-oelmischung\/","title":{"rendered":"Stern von Bethlehem &#8211; \u00c4therische \u00d6lmischung"},"content":{"rendered":"<p><b>Stern von Bethlehem (Duftmischung)<\/b><\/p>\n<p>Lasse dich von der Geborgenheit der festlichen Tage einh\u00fcllen!<\/p>\n<p>\u2022 Duftmischung aus 100% reinen \u00e4therischen \u00d6len<\/p>\n<p>\u2022 Wichtigste Bestandteile: Weihrauch, Bergamotte, Myrrhe, Sternanis<\/p>\n<p>\u2022 Duftprofil: w\u00fcrzig, fruchtig-s\u00fc\u00df<\/p>\n<p>L\u00f6se dich von tr\u00fcben Gedanken und folg neuen Wegen &#8211; mit diesem w\u00fcrzig-frischen, harzig-balsamischen Duft\u00f6l gelingt es dir bestimmt. Die Duftmischung vereint die s\u00fc\u00df-balsamische, harzig-belebende Kraft des Weihrauchs (Boswellia serrata) mit der beruhigenden Harmonie der Bergamotte (Citrus bergamia), der geheimnisvoll-harzigen, bitters\u00fc\u00df-erdenden Ruhe der Myrrhe (Commiphora myrrha m.) und dem exotisch-w\u00fcrzigen, warmen Schutzschild des Sternanis (Illicum verum). Gemeinsam helfen sie, uns von st\u00f6renden Gedankenmustern zu l\u00f6sen und durch positive, neue Denkweisen zu ersetzen. Gleichzeitig kreieren sie eine Atmosph\u00e4re von Spiritualit\u00e4t, Geborgenheit und Ruhe, die es uns erm\u00f6glicht, die vom Duft kreierte weihnachtliche oder meditative Atmosph\u00e4re zu genie\u00dfen.<\/p>\n<p><b>Anwendungstipp:<\/b><\/p>\n<p>\u2022 Gib 3 Tropfen der Duftmischung in deinen Diffuser<\/p>\n<p>\u2022 Wenn du unterwegs bist, gib 3 Tropfen auf ein Taschentuch und inhaliere den \u00e4therischen Duft direkt ein.<\/p>\n<p><em>F\u00fcr den Text verantwortlich: Ayus GmbH &#8211; Oshadhi &#8211; www.oshadhi.de<\/em><\/p>\n","protected":false},"excerpt":{"rendered":"<p>W\u00dcRZIG-FRISCH<\/p>\n","protected":false},"featured_media":633,"comment_status":"open","ping_status":"closed","template":"","meta":{"_links_to":"","_links_to_target":""},"pwb-brand":[134],"product_brand":[],"product_cat":[127,3018],"product_tag":[128,265,129,131,415,130,132,2126,403],"class_list":{"0":"post-608","1":"product","2":"type-product","3":"status-publish","4":"has-post-thumbnail","6":"pwb-brand-oshadhi","7":"product_cat-duftmischungen","8":"product_cat-weihnachten","9":"product_tag-aetherische-oele","10":"product_tag-bergamotte","11":"product_tag-duft","12":"product_tag-duftmischung","13":"product_tag-myrrhe","14":"product_tag-oelmischung","15":"product_tag-oshadhi","16":"product_tag-sternanis","17":"product_tag-weihrauch","19":"first","20":"instock","21":"taxable","22":"shipping-taxable","23":"purchasable","24":"product-type-simple"},"blog_post_layout_featured_media_urls":{"thumbnail":["https:\/\/www.lebens-qi.at\/qishop\/wp-content\/uploads\/1606727544-150x150.jpg",150,150,true],"full":["https:\/\/www.lebens-qi.at\/qishop\/wp-content\/uploads\/1606727544.jpg",576,576,false]},"categories":["134"],"categories_names":{"134":{"name":"Oshadhi","link":"https:\/\/www.lebens-qi.at\/qishop\/brand\/oshadhi\/"}},"comments_number":"0","brands":[{"id":134,"name":"Oshadhi","slug":"oshadhi"}],"_links":{"self":[{"href":"https:\/\/www.lebens-qi.at\/qishop\/wp-json\/wp\/v2\/product\/608","targetHints":{"allow":["GET"]}}],"collection":[{"href":"https:\/\/www.lebens-qi.at\/qishop\/wp-json\/wp\/v2\/product"}],"about":[{"href":"https:\/\/www.lebens-qi.at\/qishop\/wp-json\/wp\/v2\/types\/product"}],"replies":[{"embeddable":true,"href":"https:\/\/www.lebens-qi.at\/qishop\/wp-json\/wp\/v2\/comments?post=608"}],"wp:featuredmedia":[{"embeddable":true,"href":"https:\/\/www.lebens-qi.at\/qishop\/wp-json\/wp\/v2\/media\/633"}],"wp:attachment":[{"href":"https:\/\/www.lebens-qi.at\/qishop\/wp-json\/wp\/v2\/media?parent=608"}],"wp:term":[{"taxonomy":"pwb-brand","embeddable":true,"href":"https:\/\/www.lebens-qi.at\/qishop\/wp-json\/wp\/v2\/pwb-brand?post=608"},{"taxonomy":"product_brand","embeddable":true,"href":"https:\/\/www.lebens-qi.at\/qishop\/wp-json\/wp\/v2\/product_brand?post=608"},{"taxonomy":"product_cat","embeddable":true,"href":"https:\/\/www.lebens-qi.at\/qishop\/wp-json\/wp\/v2\/product_cat?post=608"},{"taxonomy":"product_tag","embeddable":true,"href":"https:\/\/www.lebens-qi.at\/qishop\/wp-json\/wp\/v2\/product_tag?post=608"}],"curies":[{"name":"wp","href":"https:\/\/api.w.org\/{rel}","templated":true}]}}