{"id":6101,"date":"2024-03-26T15:09:40","date_gmt":"2024-03-26T14:09:40","guid":{"rendered":"https:\/\/www.lebens-qi.at\/qishop\/produkt\/kegelpendel-vergoldet\/"},"modified":"2024-12-11T11:21:18","modified_gmt":"2024-12-11T10:21:18","slug":"kegelpendel-vergoldet","status":"publish","type":"product","link":"https:\/\/www.lebens-qi.at\/qishop\/produkt\/kegelpendel-vergoldet\/","title":{"rendered":"Kegelpendel vergoldet"},"content":{"rendered":"<p><b>Kegelpendel<\/b><br \/>Dieses kleine klassische Pendel ist in typischer Kegelform.<br \/>Erh\u00e4ltlich in 3 verschiedenen Ausf\u00fchrungen<\/p>\n<p><b>Material: Messing<\/b><br \/>Gr\u00f6\u00dfe: ca. 22 mm<br \/>Lieferumfang: 1 Pendel in der gew\u00fcnschten Ausf\u00fchrung + Pendelt\u00e4schchen<\/p>\n","protected":false},"excerpt":{"rendered":"<p>in klassischer Form<\/p>\n","protected":false},"featured_media":6100,"comment_status":"open","ping_status":"closed","template":"","meta":{"_links_to":"","_links_to_target":""},"pwb-brand":[307],"product_brand":[],"product_cat":[1004],"product_tag":[1006,1005],"class_list":{"0":"post-6101","1":"product","2":"type-product","3":"status-publish","4":"has-post-thumbnail","6":"pwb-brand-berk","7":"product_cat-pendel","8":"product_tag-pendel","9":"product_tag-radiaesthesie","11":"first","12":"instock","13":"taxable","14":"shipping-taxable","15":"purchasable","16":"product-type-simple"},"blog_post_layout_featured_media_urls":{"thumbnail":["https:\/\/www.lebens-qi.at\/qishop\/wp-content\/uploads\/pe-148-g_6-150x150.jpg",150,150,true],"full":["https:\/\/www.lebens-qi.at\/qishop\/wp-content\/uploads\/pe-148-g_6.jpg",1071,1600,false]},"categories":["307"],"categories_names":{"307":{"name":"Berk","link":"https:\/\/www.lebens-qi.at\/qishop\/brand\/berk\/"}},"comments_number":"0","brands":[{"id":307,"name":"Berk","slug":"berk"}],"_links":{"self":[{"href":"https:\/\/www.lebens-qi.at\/qishop\/wp-json\/wp\/v2\/product\/6101","targetHints":{"allow":["GET"]}}],"collection":[{"href":"https:\/\/www.lebens-qi.at\/qishop\/wp-json\/wp\/v2\/product"}],"about":[{"href":"https:\/\/www.lebens-qi.at\/qishop\/wp-json\/wp\/v2\/types\/product"}],"replies":[{"embeddable":true,"href":"https:\/\/www.lebens-qi.at\/qishop\/wp-json\/wp\/v2\/comments?post=6101"}],"wp:featuredmedia":[{"embeddable":true,"href":"https:\/\/www.lebens-qi.at\/qishop\/wp-json\/wp\/v2\/media\/6100"}],"wp:attachment":[{"href":"https:\/\/www.lebens-qi.at\/qishop\/wp-json\/wp\/v2\/media?parent=6101"}],"wp:term":[{"taxonomy":"pwb-brand","embeddable":true,"href":"https:\/\/www.lebens-qi.at\/qishop\/wp-json\/wp\/v2\/pwb-brand?post=6101"},{"taxonomy":"product_brand","embeddable":true,"href":"https:\/\/www.lebens-qi.at\/qishop\/wp-json\/wp\/v2\/product_brand?post=6101"},{"taxonomy":"product_cat","embeddable":true,"href":"https:\/\/www.lebens-qi.at\/qishop\/wp-json\/wp\/v2\/product_cat?post=6101"},{"taxonomy":"product_tag","embeddable":true,"href":"https:\/\/www.lebens-qi.at\/qishop\/wp-json\/wp\/v2\/product_tag?post=6101"}],"curies":[{"name":"wp","href":"https:\/\/api.w.org\/{rel}","templated":true}]}}