{"id":6150,"date":"2024-03-27T12:28:17","date_gmt":"2024-03-27T11:28:17","guid":{"rendered":"https:\/\/www.lebens-qi.at\/qishop\/?post_type=product&#038;p=6150"},"modified":"2025-10-15T15:15:44","modified_gmt":"2025-10-15T13:15:44","slug":"goloka-nagchampa-raeucherstaebchen","status":"publish","type":"product","link":"https:\/\/www.lebens-qi.at\/qishop\/produkt\/goloka-nagchampa-raeucherstaebchen\/","title":{"rendered":"Goloka Nagchampa R\u00e4ucherst\u00e4bchen"},"content":{"rendered":"<p>Die handgerollten &#8222;goldenen&#8220; Nag Champa R\u00e4ucherst\u00e4bchen von Goloka in der auff\u00e4lligen gelb-roten Verpackung geh\u00f6ren zu den weltweit bekanntesten R\u00e4ucherst\u00e4bchen-Marken.<\/p>\n<p><b>Ein warmer, s\u00fc\u00dflicher Duft &#8211; hervorragend zur Meditation, aber auch im Alltag zu verwenden<\/b><\/p>\n<p>Inhalt: pro Einzelpackung 16 g R\u00e4ucherst\u00e4bchen<br \/>\n<b>Box: <\/b>Bei Kauf einer gesamten Schachtel (12 Packungen \u00e1 16 g) sparen Sie <b>\u20ac 5,-<\/b><br \/>\noder in der Gro\u00dfpackung 100 g R\u00e4ucherst\u00e4bchen<\/p>\n","protected":false},"excerpt":{"rendered":"<p>Die &#8222;goldenen&#8220; Nag Champa R\u00e4ucherst\u00e4bchen<\/p>\n","protected":false},"featured_media":6153,"comment_status":"open","ping_status":"closed","template":"","meta":{"_links_to":"","_links_to_target":""},"pwb-brand":[727],"product_brand":[],"product_cat":[3015],"product_tag":[714,709,1242,680],"class_list":{"0":"post-6150","1":"product","2":"type-product","3":"status-publish","4":"has-post-thumbnail","6":"pwb-brand-goloka","7":"product_cat-satya-goloka-hem","8":"product_tag-goloka","9":"product_tag-nag-champa","10":"product_tag-nagchampa","11":"product_tag-raeucherstaebchen","13":"first","14":"instock","15":"sale","16":"taxable","17":"shipping-taxable","18":"purchasable","19":"product-type-variable"},"blog_post_layout_featured_media_urls":{"thumbnail":["https:\/\/www.lebens-qi.at\/qishop\/wp-content\/uploads\/goloka-nagchampa-150x150.jpg",150,150,true],"full":["https:\/\/www.lebens-qi.at\/qishop\/wp-content\/uploads\/goloka-nagchampa.jpg",600,600,false]},"categories":["727"],"categories_names":{"727":{"name":"Goloka","link":"https:\/\/www.lebens-qi.at\/qishop\/brand\/goloka\/"}},"comments_number":"0","brands":[{"id":727,"name":"Goloka","slug":"goloka"}],"_links":{"self":[{"href":"https:\/\/www.lebens-qi.at\/qishop\/wp-json\/wp\/v2\/product\/6150","targetHints":{"allow":["GET"]}}],"collection":[{"href":"https:\/\/www.lebens-qi.at\/qishop\/wp-json\/wp\/v2\/product"}],"about":[{"href":"https:\/\/www.lebens-qi.at\/qishop\/wp-json\/wp\/v2\/types\/product"}],"replies":[{"embeddable":true,"href":"https:\/\/www.lebens-qi.at\/qishop\/wp-json\/wp\/v2\/comments?post=6150"}],"wp:featuredmedia":[{"embeddable":true,"href":"https:\/\/www.lebens-qi.at\/qishop\/wp-json\/wp\/v2\/media\/6153"}],"wp:attachment":[{"href":"https:\/\/www.lebens-qi.at\/qishop\/wp-json\/wp\/v2\/media?parent=6150"}],"wp:term":[{"taxonomy":"pwb-brand","embeddable":true,"href":"https:\/\/www.lebens-qi.at\/qishop\/wp-json\/wp\/v2\/pwb-brand?post=6150"},{"taxonomy":"product_brand","embeddable":true,"href":"https:\/\/www.lebens-qi.at\/qishop\/wp-json\/wp\/v2\/product_brand?post=6150"},{"taxonomy":"product_cat","embeddable":true,"href":"https:\/\/www.lebens-qi.at\/qishop\/wp-json\/wp\/v2\/product_cat?post=6150"},{"taxonomy":"product_tag","embeddable":true,"href":"https:\/\/www.lebens-qi.at\/qishop\/wp-json\/wp\/v2\/product_tag?post=6150"}],"curies":[{"name":"wp","href":"https:\/\/api.w.org\/{rel}","templated":true}]}}