{"id":6160,"date":"2024-03-28T16:38:03","date_gmt":"2024-03-28T15:38:03","guid":{"rendered":"https:\/\/www.lebens-qi.at\/qishop\/?post_type=product&#038;p=6160"},"modified":"2025-09-12T10:51:47","modified_gmt":"2025-09-12T08:51:47","slug":"wildrose-lippenbalsam","status":"publish","type":"product","link":"https:\/\/www.lebens-qi.at\/qishop\/produkt\/wildrose-lippenbalsam\/","title":{"rendered":"Wildrose Lippenbalsam"},"content":{"rendered":"<p><b>Wildrosen Lippenbalsam &#8211; Zertifizierte BIO-Kosmetik<\/b><\/p>\n<p>Der Lippenbalsam mit BIO-Wildrosen\u00f6l, BIO- Macadamia Nu\u00df\u00f6l und BIO-Kokos\u00f6l n\u00e4hrt und pflegt besonders sanft die Lippen &#8211; ein Gef\u00fchl wie zart gek\u00fcsst!<br \/>\nDiese reichhaltige Pflege ist f\u00fcr die sensible Haut der Lippen besonders gut geeignet.<br \/>\nDie Wildrosen Lippenpflege mit wertvollen, pflanzlichen Fetten sch\u00fctzt deine Lippen vor dem Austrocknen und unterst\u00fctzt die nat\u00fcrliche Feuchtigkeitsbalance der Haut.<br \/>\nLieblicher Duft nach Rosen pflegt nun auch die Lippen. Lass dich von der Wildrose verf\u00fchren!<\/p>\n<p>\u00b7\u00a0 sorgt f\u00fcr zarte Lippen<br \/>\n\u00b7 f\u00fcr Frauen und M\u00e4nner<br \/>\n\u00b7 mit dezentem Duft<br \/>\n\u00b7 f\u00fcr alle Hauttypen geeignet<br \/>\n\u00b7 zertifiziert<\/p>\n<p>Inhalt: 10 ml<\/p>\n<p><em><b>Inhaltsstoffe nach INCI (CTFA):<\/b><br \/>\nGLYCINE SOJA (SOYBEAN) OIL*, CERA ALBA (BEESWAX), COCOS NUCIFERA (COCONUT) OIL*, THEOBROMA CACAO SEED BUTTER*, MACADAMIA INTEGRIFOLIA\/TETRAPHYLLA SEED OIL*, ROSA MOSCHATA (ROSE HIP) SEED OIL*, PARFUM**, TOCOPHEROL, ROSA DAMASCENA FLOWER OIL, CITRONELLOL, GERANIOL<br \/>\n* Inhaltsstoffe aus kontrolliert biologischem Anbau \/ ingredients from organic farming<br \/>\n** Parfum nat\u00fcrlichen Ursprungs \/ perfume of natural origin<\/em><\/p>\n<p><em>100% nat\u00fcrlicher Ursprung im Gesamtprodukt \/ natural origin of total<\/em><\/p>\n<p>Die aufgef\u00fchrten Inhaltsstoffe entsprechen dem aktuellen Stand der Produktion. Da STYX regelm\u00e4\u00dfig neue wissenschaftliche Erkenntnisse in die Rezepturen einflie\u00dfen l\u00e4sst und sich die Formulierungen entsprechend \u00e4ndern, ist die jeweils auf der Packung ausgewiesene Angabe der Inhaltsstoffe ma\u00dfgeblich.<\/p>\n","protected":false},"excerpt":{"rendered":"<p>pflegt die Lippen und hinterl\u00e4sst ein sanftes, geschmeidiges Gef\u00fchl<\/p>\n","protected":false},"featured_media":6161,"comment_status":"open","ping_status":"closed","template":"","meta":{"_links_to":"","_links_to_target":""},"pwb-brand":[263],"product_brand":[],"product_cat":[271,2150],"product_tag":[185,257,92,227,238],"class_list":{"0":"post-6160","1":"product","2":"type-product","3":"status-publish","4":"has-post-thumbnail","6":"pwb-brand-styx","7":"product_cat-kunst-der-pflege","8":"product_cat-lippenpflege","9":"product_tag-lippenbalsam","10":"product_tag-lippenpflege","11":"product_tag-naturkosmetik","12":"product_tag-rose","13":"product_tag-styx","15":"first","16":"instock","17":"taxable","18":"shipping-taxable","19":"purchasable","20":"product-type-simple"},"blog_post_layout_featured_media_urls":{"thumbnail":["https:\/\/www.lebens-qi.at\/qishop\/wp-content\/uploads\/lippenbalsam-wildrose-1272_0-150x150.jpg",150,150,true],"full":["https:\/\/www.lebens-qi.at\/qishop\/wp-content\/uploads\/lippenbalsam-wildrose-1272_0.jpg",800,799,false]},"categories":["263"],"categories_names":{"263":{"name":"STYX","link":"https:\/\/www.lebens-qi.at\/qishop\/brand\/styx\/"}},"comments_number":"0","brands":[{"id":263,"name":"STYX","slug":"styx"}],"_links":{"self":[{"href":"https:\/\/www.lebens-qi.at\/qishop\/wp-json\/wp\/v2\/product\/6160","targetHints":{"allow":["GET"]}}],"collection":[{"href":"https:\/\/www.lebens-qi.at\/qishop\/wp-json\/wp\/v2\/product"}],"about":[{"href":"https:\/\/www.lebens-qi.at\/qishop\/wp-json\/wp\/v2\/types\/product"}],"replies":[{"embeddable":true,"href":"https:\/\/www.lebens-qi.at\/qishop\/wp-json\/wp\/v2\/comments?post=6160"}],"wp:featuredmedia":[{"embeddable":true,"href":"https:\/\/www.lebens-qi.at\/qishop\/wp-json\/wp\/v2\/media\/6161"}],"wp:attachment":[{"href":"https:\/\/www.lebens-qi.at\/qishop\/wp-json\/wp\/v2\/media?parent=6160"}],"wp:term":[{"taxonomy":"pwb-brand","embeddable":true,"href":"https:\/\/www.lebens-qi.at\/qishop\/wp-json\/wp\/v2\/pwb-brand?post=6160"},{"taxonomy":"product_brand","embeddable":true,"href":"https:\/\/www.lebens-qi.at\/qishop\/wp-json\/wp\/v2\/product_brand?post=6160"},{"taxonomy":"product_cat","embeddable":true,"href":"https:\/\/www.lebens-qi.at\/qishop\/wp-json\/wp\/v2\/product_cat?post=6160"},{"taxonomy":"product_tag","embeddable":true,"href":"https:\/\/www.lebens-qi.at\/qishop\/wp-json\/wp\/v2\/product_tag?post=6160"}],"curies":[{"name":"wp","href":"https:\/\/api.w.org\/{rel}","templated":true}]}}