{"id":6184,"date":"2024-03-29T10:58:01","date_gmt":"2024-03-29T09:58:01","guid":{"rendered":"https:\/\/www.lebens-qi.at\/qishop\/?post_type=product&#038;p=6184"},"modified":"2025-09-17T19:19:16","modified_gmt":"2025-09-17T17:19:16","slug":"golden-nag-champa-raeucherstaebchen","status":"publish","type":"product","link":"https:\/\/www.lebens-qi.at\/qishop\/produkt\/golden-nag-champa-raeucherstaebchen\/","title":{"rendered":"Golden Nag Champa R\u00e4ucherst\u00e4bchen"},"content":{"rendered":"<p><b>Besonders angenehmer Nag Champa-Duft!<\/b><br \/>\n<em>Indische R\u00e4ucherst\u00e4bchen von Vijayshree<\/em><\/p>\n<p>Dies sind spezielle R\u00e4ucherst\u00e4bchen, welche auch Frangipani Bl\u00fcten beinhalten. Diese werden mit dem z\u00e4hfl\u00fcssigen Harz des Ailanthus Malabarica Baumes vermischt, welches den R\u00e4ucherst\u00e4bchen ihre charakteristische hellbraune Farbe verleiht. Der Duft dieser R\u00e4ucherst\u00e4bchen ist auch als &#8222;Fr\u00f6hlichkeits-Duft&#8220; bekannt.<\/p>\n<p>Inhalt: pro Einzelpackung 15 g R\u00e4ucherst\u00e4bchen<br \/>\n<b>Box:<\/b> Bei Kauf einer gesamten Schachtel (12 Packungen \u00e1 15 g) sparen Sie <b>\u20ac 5,-<\/b><\/p>\n","protected":false},"excerpt":{"rendered":"<p>Richness of Nature<\/p>\n","protected":false},"featured_media":16696,"comment_status":"open","ping_status":"closed","template":"","meta":{"_links_to":"","_links_to_target":""},"pwb-brand":[1041],"product_brand":[],"product_cat":[2993],"product_tag":[709,680],"class_list":{"0":"post-6184","1":"product","2":"type-product","3":"status-publish","4":"has-post-thumbnail","6":"pwb-brand-vijayshree","7":"product_cat-vijayshree","8":"product_tag-nag-champa","9":"product_tag-raeucherstaebchen","11":"first","12":"instock","13":"taxable","14":"shipping-taxable","15":"purchasable","16":"product-type-variable"},"blog_post_layout_featured_media_urls":{"thumbnail":["https:\/\/www.lebens-qi.at\/qishop\/wp-content\/uploads\/na-28-nagchampa-150x150.jpg",150,150,true],"full":["https:\/\/www.lebens-qi.at\/qishop\/wp-content\/uploads\/na-28-nagchampa.jpg",600,600,false]},"categories":["1041"],"categories_names":{"1041":{"name":"Vijayshree","link":"https:\/\/www.lebens-qi.at\/qishop\/brand\/vijayshree\/"}},"comments_number":"0","brands":[{"id":1041,"name":"Vijayshree","slug":"vijayshree"}],"_links":{"self":[{"href":"https:\/\/www.lebens-qi.at\/qishop\/wp-json\/wp\/v2\/product\/6184","targetHints":{"allow":["GET"]}}],"collection":[{"href":"https:\/\/www.lebens-qi.at\/qishop\/wp-json\/wp\/v2\/product"}],"about":[{"href":"https:\/\/www.lebens-qi.at\/qishop\/wp-json\/wp\/v2\/types\/product"}],"replies":[{"embeddable":true,"href":"https:\/\/www.lebens-qi.at\/qishop\/wp-json\/wp\/v2\/comments?post=6184"}],"wp:featuredmedia":[{"embeddable":true,"href":"https:\/\/www.lebens-qi.at\/qishop\/wp-json\/wp\/v2\/media\/16696"}],"wp:attachment":[{"href":"https:\/\/www.lebens-qi.at\/qishop\/wp-json\/wp\/v2\/media?parent=6184"}],"wp:term":[{"taxonomy":"pwb-brand","embeddable":true,"href":"https:\/\/www.lebens-qi.at\/qishop\/wp-json\/wp\/v2\/pwb-brand?post=6184"},{"taxonomy":"product_brand","embeddable":true,"href":"https:\/\/www.lebens-qi.at\/qishop\/wp-json\/wp\/v2\/product_brand?post=6184"},{"taxonomy":"product_cat","embeddable":true,"href":"https:\/\/www.lebens-qi.at\/qishop\/wp-json\/wp\/v2\/product_cat?post=6184"},{"taxonomy":"product_tag","embeddable":true,"href":"https:\/\/www.lebens-qi.at\/qishop\/wp-json\/wp\/v2\/product_tag?post=6184"}],"curies":[{"name":"wp","href":"https:\/\/api.w.org\/{rel}","templated":true}]}}