{"id":6186,"date":"2024-03-29T10:58:04","date_gmt":"2024-03-29T09:58:04","guid":{"rendered":"https:\/\/www.lebens-qi.at\/qishop\/?post_type=product&#038;p=6186"},"modified":"2026-02-23T11:24:02","modified_gmt":"2026-02-23T10:24:02","slug":"sai-baba-nag-champa-raeucherstaebchen","status":"publish","type":"product","link":"https:\/\/www.lebens-qi.at\/qishop\/produkt\/sai-baba-nag-champa-raeucherstaebchen\/","title":{"rendered":"Sai Baba Nag Champa R\u00e4ucherst\u00e4bchen"},"content":{"rendered":"<p><b>DAS ORIGINAL<\/b><\/p>\n<p>Feiner, sinnlicher und orientalischer Nag Champa Bl\u00fctenduft.<\/p>\n<p>Satya\u00b4s Sai Baba Nag Champa Agarbatti R\u00e4ucherst\u00e4bchen sind die weltweit bekanntesten und beliebtesten R\u00e4ucherst\u00e4bchen. Erh\u00e4ltlich in verschiedenen Packungsgr\u00f6\u00dfen und Varianten.<\/p>\n<ul>\n<li>Einzelpackung mit 15 g<\/li>\n<li>ganze Box mit 12 Packungen \u00e1 15 g<\/li>\n<li>Gro\u00dfpackung mit 100 g<\/li>\n<li><strong>NEU<\/strong> in der XXL Packung mit 250 g<\/li>\n<\/ul>\n<p>&nbsp;<\/p>\n","protected":false},"excerpt":{"rendered":"<p>Die weltweit beliebtesten R\u00e4ucherst\u00e4bchen<\/p>\n","protected":false},"featured_media":16951,"comment_status":"open","ping_status":"closed","template":"","meta":{"_links_to":"","_links_to_target":""},"pwb-brand":[722],"product_brand":[],"product_cat":[3015],"product_tag":[709,1242,680,710,708],"class_list":{"0":"post-6186","1":"product","2":"type-product","3":"status-publish","4":"has-post-thumbnail","6":"pwb-brand-satya","7":"product_cat-satya-goloka-hem","8":"product_tag-nag-champa","9":"product_tag-nagchampa","10":"product_tag-raeucherstaebchen","11":"product_tag-sai-baba","12":"product_tag-satya","14":"first","15":"instock","16":"taxable","17":"shipping-taxable","18":"purchasable","19":"product-type-variable"},"blog_post_layout_featured_media_urls":{"thumbnail":["https:\/\/www.lebens-qi.at\/qishop\/wp-content\/uploads\/saibaba-nagchampa-150x150.png",150,150,true],"full":["https:\/\/www.lebens-qi.at\/qishop\/wp-content\/uploads\/saibaba-nagchampa.png",500,500,false]},"categories":["722"],"categories_names":{"722":{"name":"Satya","link":"https:\/\/www.lebens-qi.at\/qishop\/brand\/satya\/"}},"comments_number":"0","brands":[{"id":722,"name":"Satya","slug":"satya"}],"_links":{"self":[{"href":"https:\/\/www.lebens-qi.at\/qishop\/wp-json\/wp\/v2\/product\/6186","targetHints":{"allow":["GET"]}}],"collection":[{"href":"https:\/\/www.lebens-qi.at\/qishop\/wp-json\/wp\/v2\/product"}],"about":[{"href":"https:\/\/www.lebens-qi.at\/qishop\/wp-json\/wp\/v2\/types\/product"}],"replies":[{"embeddable":true,"href":"https:\/\/www.lebens-qi.at\/qishop\/wp-json\/wp\/v2\/comments?post=6186"}],"wp:featuredmedia":[{"embeddable":true,"href":"https:\/\/www.lebens-qi.at\/qishop\/wp-json\/wp\/v2\/media\/16951"}],"wp:attachment":[{"href":"https:\/\/www.lebens-qi.at\/qishop\/wp-json\/wp\/v2\/media?parent=6186"}],"wp:term":[{"taxonomy":"pwb-brand","embeddable":true,"href":"https:\/\/www.lebens-qi.at\/qishop\/wp-json\/wp\/v2\/pwb-brand?post=6186"},{"taxonomy":"product_brand","embeddable":true,"href":"https:\/\/www.lebens-qi.at\/qishop\/wp-json\/wp\/v2\/product_brand?post=6186"},{"taxonomy":"product_cat","embeddable":true,"href":"https:\/\/www.lebens-qi.at\/qishop\/wp-json\/wp\/v2\/product_cat?post=6186"},{"taxonomy":"product_tag","embeddable":true,"href":"https:\/\/www.lebens-qi.at\/qishop\/wp-json\/wp\/v2\/product_tag?post=6186"}],"curies":[{"name":"wp","href":"https:\/\/api.w.org\/{rel}","templated":true}]}}