{"id":6187,"date":"2024-03-29T10:58:05","date_gmt":"2024-03-29T09:58:05","guid":{"rendered":"https:\/\/www.lebens-qi.at\/qishop\/?post_type=product&#038;p=6187"},"modified":"2025-10-15T15:33:10","modified_gmt":"2025-10-15T13:33:10","slug":"super-hit-raeucherstaebchen","status":"publish","type":"product","link":"https:\/\/www.lebens-qi.at\/qishop\/produkt\/super-hit-raeucherstaebchen\/","title":{"rendered":"Super Hit R\u00e4ucherst\u00e4bchen"},"content":{"rendered":"<p><b>Diese R\u00e4ucherst\u00e4bchen sind wahrlich ein Hit! <\/b><\/p>\n<p>Orientalischer, Moschus-Sandelholzduft<br \/>\nSeit Jahren geh\u00f6ren diese R\u00e4ucherst\u00e4bchen zu den beliebtesten unserer Kunden und Kundinnen<\/p>\n<p>Inhalt: pro Einzelpackung 15 g R\u00e4ucherst\u00e4bchen oder 100 g in der Gro\u00dfpackung<br \/>\n<b>Box: <\/b>Bei Kauf einer gesamten Schachtel (12 Packungen \u00e1 15 g) sparen Sie <b>\u20ac 5,-<\/b><\/p>\n","protected":false},"excerpt":{"rendered":"<p>Orientalischer Moschus-Sandelholzduft<\/p>\n","protected":false},"featured_media":17117,"comment_status":"open","ping_status":"closed","template":"","meta":{"_links_to":"","_links_to_target":""},"pwb-brand":[722],"product_brand":[],"product_cat":[3015],"product_tag":[709,680,708,1038],"class_list":{"0":"post-6187","1":"product","2":"type-product","3":"status-publish","4":"has-post-thumbnail","6":"pwb-brand-satya","7":"product_cat-satya-goloka-hem","8":"product_tag-nag-champa","9":"product_tag-raeucherstaebchen","10":"product_tag-satya","11":"product_tag-superhit","13":"first","14":"instock","15":"taxable","16":"shipping-taxable","17":"purchasable","18":"product-type-variable"},"blog_post_layout_featured_media_urls":{"thumbnail":["https:\/\/www.lebens-qi.at\/qishop\/wp-content\/uploads\/superhit15g-Box-150x150.jpg",150,150,true],"full":["https:\/\/www.lebens-qi.at\/qishop\/wp-content\/uploads\/superhit15g-Box.jpg",436,436,false]},"categories":["722"],"categories_names":{"722":{"name":"Satya","link":"https:\/\/www.lebens-qi.at\/qishop\/brand\/satya\/"}},"comments_number":"0","brands":[{"id":722,"name":"Satya","slug":"satya"}],"_links":{"self":[{"href":"https:\/\/www.lebens-qi.at\/qishop\/wp-json\/wp\/v2\/product\/6187","targetHints":{"allow":["GET"]}}],"collection":[{"href":"https:\/\/www.lebens-qi.at\/qishop\/wp-json\/wp\/v2\/product"}],"about":[{"href":"https:\/\/www.lebens-qi.at\/qishop\/wp-json\/wp\/v2\/types\/product"}],"replies":[{"embeddable":true,"href":"https:\/\/www.lebens-qi.at\/qishop\/wp-json\/wp\/v2\/comments?post=6187"}],"wp:featuredmedia":[{"embeddable":true,"href":"https:\/\/www.lebens-qi.at\/qishop\/wp-json\/wp\/v2\/media\/17117"}],"wp:attachment":[{"href":"https:\/\/www.lebens-qi.at\/qishop\/wp-json\/wp\/v2\/media?parent=6187"}],"wp:term":[{"taxonomy":"pwb-brand","embeddable":true,"href":"https:\/\/www.lebens-qi.at\/qishop\/wp-json\/wp\/v2\/pwb-brand?post=6187"},{"taxonomy":"product_brand","embeddable":true,"href":"https:\/\/www.lebens-qi.at\/qishop\/wp-json\/wp\/v2\/product_brand?post=6187"},{"taxonomy":"product_cat","embeddable":true,"href":"https:\/\/www.lebens-qi.at\/qishop\/wp-json\/wp\/v2\/product_cat?post=6187"},{"taxonomy":"product_tag","embeddable":true,"href":"https:\/\/www.lebens-qi.at\/qishop\/wp-json\/wp\/v2\/product_tag?post=6187"}],"curies":[{"name":"wp","href":"https:\/\/api.w.org\/{rel}","templated":true}]}}