{"id":6189,"date":"2024-03-29T10:58:08","date_gmt":"2024-03-29T09:58:08","guid":{"rendered":"https:\/\/www.lebens-qi.at\/qishop\/?post_type=product&#038;p=6189"},"modified":"2025-09-17T20:39:45","modified_gmt":"2025-09-17T18:39:45","slug":"goloka-masala-raeucherstaebchen","status":"publish","type":"product","link":"https:\/\/www.lebens-qi.at\/qishop\/produkt\/goloka-masala-raeucherstaebchen\/","title":{"rendered":"Goloka Pure Masala R\u00e4ucherst\u00e4bchen"},"content":{"rendered":"<p><b>Masala R\u00e4ucherst\u00e4bchen aus dem Traditionsbetrieb GOLOKA<\/b><\/p>\n<p>Bei uns bekommen Sie 5 verschiedene Sorten der Pure Incense Serie:<\/p>\n<p><span style=\"color: #3366ff;\">Pure Aura &#8211; Tulsi (Hl. Basilikum)<\/span><\/p>\n<p><span style=\"color: #993366;\">Pure Happiness &#8211; Lavendel<\/span><\/p>\n<p><span style=\"color: #800000;\">Pure Life &#8211; Sandelholz<\/span><\/p>\n<p><span style=\"color: #ff00ff;\">Pure Love &#8211; Rose<\/span><\/p>\n<p><span style=\"color: #33cccc;\">Pure Herbal &#8211; Kr\u00e4uter<\/span><\/p>\n<p>Produziert in Handwerkskunst unter der Verwendung nat\u00fcrlicher, nachhaltiger Inhaltsstoffe. Die Goloka &#8222;Pure Incense&#8220; Serie sind qualitativ sehr hochwertige R\u00e4ucherst\u00e4bchen mit einzigartigem Duft bis zum letzten Zentimeter. Produziert gem\u00e4\u00df alter Traditionen erschaffen diese R\u00e4ucherst\u00e4bchen eine sch\u00f6ne Atmosph\u00e4re, welche Seele, K\u00f6rper und Verstand ber\u00fchrt. Begleiten Sie uns in diesem wundervollen Duft-Erlebnis.<\/p>\n<p>100% Charity<br \/>\nKeine Kinderarbeit<br \/>\nManufaktur in Bangalore, Indien<\/p>\n<p>Inhalt: je 15 g<\/p>\n<p>Lieferumfang: 1 Packung der gew\u00e4hlten Sorte<\/p>\n","protected":false},"excerpt":{"rendered":"<p>Hochwertige Themen-R\u00e4ucherst\u00e4bchen<\/p>\n","protected":false},"featured_media":6219,"comment_status":"open","ping_status":"closed","template":"","meta":{"_links_to":"","_links_to_target":""},"pwb-brand":[727],"product_brand":[],"product_cat":[3015],"product_tag":[714,306,225,2692,680,227,228,395],"class_list":{"0":"post-6189","1":"product","2":"type-product","3":"status-publish","4":"has-post-thumbnail","6":"pwb-brand-goloka","7":"product_cat-satya-goloka-hem","8":"product_tag-goloka","9":"product_tag-kraeuter","10":"product_tag-lavendel","11":"product_tag-masala","12":"product_tag-raeucherstaebchen","13":"product_tag-rose","14":"product_tag-sandelholz","15":"product_tag-tulsi","17":"first","18":"instock","19":"taxable","20":"shipping-taxable","21":"purchasable","22":"product-type-variable"},"blog_post_layout_featured_media_urls":{"thumbnail":["https:\/\/www.lebens-qi.at\/qishop\/wp-content\/uploads\/goloka-masala-e1725983769379-150x150.jpg",150,150,true],"full":["https:\/\/www.lebens-qi.at\/qishop\/wp-content\/uploads\/goloka-masala-e1725983769379.jpg",573,573,false]},"categories":["727"],"categories_names":{"727":{"name":"Goloka","link":"https:\/\/www.lebens-qi.at\/qishop\/brand\/goloka\/"}},"comments_number":"0","brands":[{"id":727,"name":"Goloka","slug":"goloka"}],"_links":{"self":[{"href":"https:\/\/www.lebens-qi.at\/qishop\/wp-json\/wp\/v2\/product\/6189","targetHints":{"allow":["GET"]}}],"collection":[{"href":"https:\/\/www.lebens-qi.at\/qishop\/wp-json\/wp\/v2\/product"}],"about":[{"href":"https:\/\/www.lebens-qi.at\/qishop\/wp-json\/wp\/v2\/types\/product"}],"replies":[{"embeddable":true,"href":"https:\/\/www.lebens-qi.at\/qishop\/wp-json\/wp\/v2\/comments?post=6189"}],"wp:featuredmedia":[{"embeddable":true,"href":"https:\/\/www.lebens-qi.at\/qishop\/wp-json\/wp\/v2\/media\/6219"}],"wp:attachment":[{"href":"https:\/\/www.lebens-qi.at\/qishop\/wp-json\/wp\/v2\/media?parent=6189"}],"wp:term":[{"taxonomy":"pwb-brand","embeddable":true,"href":"https:\/\/www.lebens-qi.at\/qishop\/wp-json\/wp\/v2\/pwb-brand?post=6189"},{"taxonomy":"product_brand","embeddable":true,"href":"https:\/\/www.lebens-qi.at\/qishop\/wp-json\/wp\/v2\/product_brand?post=6189"},{"taxonomy":"product_cat","embeddable":true,"href":"https:\/\/www.lebens-qi.at\/qishop\/wp-json\/wp\/v2\/product_cat?post=6189"},{"taxonomy":"product_tag","embeddable":true,"href":"https:\/\/www.lebens-qi.at\/qishop\/wp-json\/wp\/v2\/product_tag?post=6189"}],"curies":[{"name":"wp","href":"https:\/\/api.w.org\/{rel}","templated":true}]}}