{"id":6199,"date":"2024-03-29T10:58:42","date_gmt":"2024-03-29T09:58:42","guid":{"rendered":"https:\/\/www.lebens-qi.at\/qishop\/?post_type=product&#038;p=6199"},"modified":"2025-08-27T19:24:38","modified_gmt":"2025-08-27T17:24:38","slug":"golden-nag-temple-raeucherstaebchen","status":"publish","type":"product","link":"https:\/\/www.lebens-qi.at\/qishop\/produkt\/golden-nag-temple-raeucherstaebchen\/","title":{"rendered":"Golden Nag Temple R\u00e4ucherst\u00e4bchen"},"content":{"rendered":"<p><b>Masala Tempel R\u00e4ucherst\u00e4bchen<\/b><br \/>\n<em>Indische R\u00e4ucherst\u00e4bchen von Vijayshree<\/em><\/p>\n<p>Inhalt: pro Einzelpackung 15 g R\u00e4ucherst\u00e4bchen<br \/>\n<b>Box:<\/b> Bei Kauf einer gesamten Schachtel (12 Packungen \u00e1 15 g) sparen Sie<b> \u20ac 5<\/b><\/p>\n","protected":false},"excerpt":{"rendered":"<p>Masala Agarbathi<\/p>\n","protected":false},"featured_media":6234,"comment_status":"open","ping_status":"closed","template":"","meta":{"_links_to":"","_links_to_target":""},"pwb-brand":[1041],"product_brand":[],"product_cat":[2993],"product_tag":[680],"class_list":{"0":"post-6199","1":"product","2":"type-product","3":"status-publish","4":"has-post-thumbnail","6":"pwb-brand-vijayshree","7":"product_cat-vijayshree","8":"product_tag-raeucherstaebchen","10":"first","11":"instock","12":"taxable","13":"shipping-taxable","14":"purchasable","15":"product-type-variable"},"blog_post_layout_featured_media_urls":{"thumbnail":["https:\/\/www.lebens-qi.at\/qishop\/wp-content\/uploads\/na-72-150x150.jpg",150,150,true],"full":["https:\/\/www.lebens-qi.at\/qishop\/wp-content\/uploads\/na-72.jpg",600,600,false]},"categories":["1041"],"categories_names":{"1041":{"name":"Vijayshree","link":"https:\/\/www.lebens-qi.at\/qishop\/brand\/vijayshree\/"}},"comments_number":"0","brands":[{"id":1041,"name":"Vijayshree","slug":"vijayshree"}],"_links":{"self":[{"href":"https:\/\/www.lebens-qi.at\/qishop\/wp-json\/wp\/v2\/product\/6199","targetHints":{"allow":["GET"]}}],"collection":[{"href":"https:\/\/www.lebens-qi.at\/qishop\/wp-json\/wp\/v2\/product"}],"about":[{"href":"https:\/\/www.lebens-qi.at\/qishop\/wp-json\/wp\/v2\/types\/product"}],"replies":[{"embeddable":true,"href":"https:\/\/www.lebens-qi.at\/qishop\/wp-json\/wp\/v2\/comments?post=6199"}],"wp:featuredmedia":[{"embeddable":true,"href":"https:\/\/www.lebens-qi.at\/qishop\/wp-json\/wp\/v2\/media\/6234"}],"wp:attachment":[{"href":"https:\/\/www.lebens-qi.at\/qishop\/wp-json\/wp\/v2\/media?parent=6199"}],"wp:term":[{"taxonomy":"pwb-brand","embeddable":true,"href":"https:\/\/www.lebens-qi.at\/qishop\/wp-json\/wp\/v2\/pwb-brand?post=6199"},{"taxonomy":"product_brand","embeddable":true,"href":"https:\/\/www.lebens-qi.at\/qishop\/wp-json\/wp\/v2\/product_brand?post=6199"},{"taxonomy":"product_cat","embeddable":true,"href":"https:\/\/www.lebens-qi.at\/qishop\/wp-json\/wp\/v2\/product_cat?post=6199"},{"taxonomy":"product_tag","embeddable":true,"href":"https:\/\/www.lebens-qi.at\/qishop\/wp-json\/wp\/v2\/product_tag?post=6199"}],"curies":[{"name":"wp","href":"https:\/\/api.w.org\/{rel}","templated":true}]}}